{"id":727435,"date":"2025-08-27T20:22:10","date_gmt":"2025-08-27T17:22:10","guid":{"rendered":"https:\/\/roveyayinevi.com.tr\/index.php\/urun\/kamelyali-kadin-4\/"},"modified":"2026-04-16T02:35:18","modified_gmt":"2026-04-15T23:35:18","slug":"kamelyali-kadin-4","status":"publish","type":"product","link":"https:\/\/roveyayinevi.com.tr\/index.php\/urun\/kamelyali-kadin-4\/","title":{"rendered":"Kamelyal\u0131 Kad\u0131n"},"content":{"rendered":"<p>\u201cDaha \u00f6nce hi\u00e7 fark ettiniz mi bilmiyorum; sizin i\u00e7in bir yabanc\u0131 olarak kalmas\u0131 gerekirmi\u015f gibi g\u00f6r\u00fcnen bir ki\u015finin ad\u0131n\u0131, birisi kar\u015f\u0131n\u0131za gelip s\u00f6yledi mi o ki\u015fiyle alakal\u0131 b\u00fct\u00fcn ayr\u0131nt\u0131lar yava\u015f yava\u015f onun etraf\u0131nda toplan\u0131r ve b\u00fct\u00fcn arkada\u015flar\u0131n\u0131z\u0131n size daha \u00f6nceden anlatmad\u0131\u011f\u0131 \u015feyleri o zaman duymaya ba\u015flars\u0131n\u0131z. \u0130\u015fte o zaman bu ki\u015finin neredeyse bir \u015fekilde hayat\u0131n\u0131za dokunaca\u011f\u0131n\u0131 anlar ve hatta onun yolunun, hi\u00e7 fark etmeksizin hayat\u0131n\u0131zdan birka\u00e7 kez ge\u00e7ti\u011fini g\u00f6r\u00fcrs\u00fcn\u00fcz; size anlat\u0131lan bu olaylarda, bir rastla\u015fma ve \u00f6zel hayat\u0131n\u0131zdaki olaylarla alakal\u0131 ger\u00e7ek bir ba\u011f bulursunuz. \u015e\u00fcphesiz Marguerite bu durumda de\u011fildi; \u00e7\u00fcnk\u00fc onu g\u00f6rm\u00fc\u015f, onunla kar\u015f\u0131la\u015fm\u0131\u015f, y\u00fcz\u00fcn\u00fc ve al\u0131\u015fkanl\u0131klar\u0131n\u0131 tan\u0131m\u0131\u015ft\u0131m. Bununla beraber, bu a\u00e7\u0131k art\u0131rmadan beri ad\u0131 kula\u011f\u0131ma \u00e7ok s\u0131k gelir olmu\u015ftu. Son b\u00f6l\u00fcmde s\u00f6yledi\u011fim olayda bu ad \u00f6yle derin bir ac\u0131yla kar\u0131\u015fm\u0131\u015ft\u0131 ki \u015fa\u015fk\u0131nl\u0131\u011f\u0131m daha bir b\u00fcy\u00fcm\u00fc\u015f, merak\u0131m ise daha bir artm\u0131\u015ft\u0131.\u201d Gen\u00e7 bir avukat olan Armand Duval ile g\u00fczeller g\u00fczeli fahi\u015fe Marguerite Gautier, etraflar\u0131ndaki b\u00fct\u00fcn kirlili\u011fe ra\u011fmen temiz kalabilmi\u015f bir a\u015fkla birbirlerine ba\u011flanm\u0131\u015flard\u0131r. Fakat mutlu olmak i\u00e7in \u00f6nlerinde \u00e7ok fazla engel, \u00e7ok az zaman vard\u0131r. <\/p>\n","protected":false},"excerpt":{"rendered":"<p>\u201cDaha \u00f6nce hi\u00e7 fark ettiniz mi bilmiyorum; sizin i\u00e7in bir yabanc\u0131 olarak kalmas\u0131 gerekirmi\u015f gibi g\u00f6r\u00fcnen bir ki\u015finin ad\u0131n\u0131, birisi kar\u015f\u0131n\u0131za gelip s\u00f6yledi mi o ki\u015fiyle<span class=\"excerpt-hellip\"> [\u2026]<\/span><\/p>\n","protected":false},"featured_media":0,"template":"","meta":{"_monsterinsights_skip_tracking":false,"_monsterinsights_sitenote_active":false,"_monsterinsights_sitenote_note":"","_monsterinsights_sitenote_category":0},"product_brand":[],"product_cat":[12291,12711],"product_tag":[],"class_list":{"0":"post-727435","1":"product","2":"type-product","3":"status-publish","5":"product_cat-edebiyat","6":"product_cat-roman-oyku","7":"pa_cilt-ciltsiz","8":"pa_tur-kitap","9":"pa_yayinevi-sms-yayinlari","10":"pa_yazar-alexandre-dumas-fils","12":"first","13":"instock","14":"sale","15":"shipping-taxable","16":"purchasable","17":"product-type-simple"},"_links":{"self":[{"href":"https:\/\/roveyayinevi.com.tr\/index.php\/wp-json\/wp\/v2\/product\/727435","targetHints":{"allow":["GET"]}}],"collection":[{"href":"https:\/\/roveyayinevi.com.tr\/index.php\/wp-json\/wp\/v2\/product"}],"about":[{"href":"https:\/\/roveyayinevi.com.tr\/index.php\/wp-json\/wp\/v2\/types\/product"}],"wp:attachment":[{"href":"https:\/\/roveyayinevi.com.tr\/index.php\/wp-json\/wp\/v2\/media?parent=727435"}],"wp:term":[{"taxonomy":"product_brand","embeddable":true,"href":"https:\/\/roveyayinevi.com.tr\/index.php\/wp-json\/wp\/v2\/product_brand?post=727435"},{"taxonomy":"product_cat","embeddable":true,"href":"https:\/\/roveyayinevi.com.tr\/index.php\/wp-json\/wp\/v2\/product_cat?post=727435"},{"taxonomy":"product_tag","embeddable":true,"href":"https:\/\/roveyayinevi.com.tr\/index.php\/wp-json\/wp\/v2\/product_tag?post=727435"}],"curies":[{"name":"wp","href":"https:\/\/api.w.org\/{rel}","templated":true}]}}