{"id":727434,"date":"2025-08-27T20:22:09","date_gmt":"2025-08-27T17:22:09","guid":{"rendered":"https:\/\/roveyayinevi.com.tr\/index.php\/urun\/iki-sehrin-hikayesi-13\/"},"modified":"2026-04-16T02:35:18","modified_gmt":"2026-04-15T23:35:18","slug":"iki-sehrin-hikayesi-13","status":"publish","type":"product","link":"https:\/\/roveyayinevi.com.tr\/index.php\/urun\/iki-sehrin-hikayesi-13\/","title":{"rendered":"\u0130ki \u015eehrin Hikayesi"},"content":{"rendered":"<p>\u201cA\u00e7l\u0131k, ebedi varl\u0131\u011f\u0131n\u0131 her yere bula\u015ft\u0131rm\u0131\u015ft\u0131. Her t\u00fcrl\u00fc su\u00e7 ve pislikle dolu dar, dolamba\u00e7l\u0131 sokaklar, di\u011fer dar ve dolamba\u00e7l\u0131 sokaklara \u00e7\u0131k\u0131yordu. Bu sokaklar\u0131 pa\u00e7avralar ve takke takm\u0131\u015f insanlar dolduruyordu; hepsi de pa\u00e7avra gibi kokuyordu. Etraftaki her \u015feyde hastal\u0131kl\u0131 bir g\u00f6r\u00fcnt\u00fc vard\u0131. \u0130nsanlar bu vah\u015fi g\u00f6r\u00fcn\u00fcml\u00fc h\u00e2lleriyle bile, bir g\u00fcn bu durumdan kurtulabilmenin hayaline tutunuyorlard\u0131. Karamsar ve bunalm\u0131\u015f olsalar dahi, g\u00f6zlerindeki \u0131\u015f\u0131k h\u00e2l\u00e2 parl\u0131yordu. S\u00f6ylemedikleri \u015feyler y\u00fcz\u00fcnden s\u0131ms\u0131k\u0131 kapatt\u0131klar\u0131 dudaklar\u0131 bembeyazd\u0131; \u00e7at\u0131k al\u0131nlar\u0131ndaki derin \u00e7izgiler, bir g\u00fcn ucunda as\u0131lacaklar\u0131 ya da ba\u015fkalar\u0131n\u0131n as\u0131laca\u011f\u0131n\u0131 d\u00fc\u015f\u00fcnd\u00fckleri halatlara benziyordu.\u201d 18 y\u0131l s\u00fcren mahk\u00fbmiyetin ard\u0131ndan Bastille Hapishanesi\u2019nden \u00e7\u0131kan Doktor Manette, sonunda kendisini \u00f6ld\u00fc bilen k\u0131z\u0131yla kavu\u015fur. Birlikte Londra\u2019da kurduklar\u0131 mutlu ya\u015famlar\u0131, Paris\u2019ten gelen giyotinin keskin sesiyle y\u00f6n de\u011fi\u015ftirecektir. Charles Dickens, Frans\u0131z Devrimi\u2019nin di\u011fer y\u00fcz\u00fcn\u00fc anlatt\u0131\u011f\u0131 bu \u00f6l\u00fcms\u00fcz eserinde, \u0130htilal \u00f6ncesi zul\u00fcm g\u00f6ren fakir halk\u0131n, bu travman\u0131n etkisiyle nas\u0131l zulmeden tarafa evrildi\u011fini t\u00fcm vah\u015fetiyle g\u00f6zler \u00f6n\u00fcne sermektedir. Bir tarafta \u00f6ld\u00fcr\u00fclenlerin \u00f6ld\u00fcren oldu\u011fu, kanla y\u0131kanan Paris sokaklar\u0131; di\u011fer tarafta ya\u011fmurla temizlenen umut dolu Londra sokaklar\u0131: \u0130ki \u015eehrin Hik\u00e2yesi. <\/p>\n","protected":false},"excerpt":{"rendered":"<p>\u201cA\u00e7l\u0131k, ebedi varl\u0131\u011f\u0131n\u0131 her yere bula\u015ft\u0131rm\u0131\u015ft\u0131. Her t\u00fcrl\u00fc su\u00e7 ve pislikle dolu dar, dolamba\u00e7l\u0131 sokaklar, di\u011fer dar ve dolamba\u00e7l\u0131 sokaklara \u00e7\u0131k\u0131yordu. Bu sokaklar\u0131 pa\u00e7avralar ve takke<span class=\"excerpt-hellip\"> [\u2026]<\/span><\/p>\n","protected":false},"featured_media":0,"template":"","meta":{"_monsterinsights_skip_tracking":false,"_monsterinsights_sitenote_active":false,"_monsterinsights_sitenote_note":"","_monsterinsights_sitenote_category":0},"product_brand":[],"product_cat":[12291,12711],"product_tag":[],"class_list":{"0":"post-727434","1":"product","2":"type-product","3":"status-publish","5":"product_cat-edebiyat","6":"product_cat-roman-oyku","7":"pa_cilt-ciltsiz","8":"pa_tur-kitap","9":"pa_yayinevi-sms-yayinlari","10":"pa_yazar-charles-dickens","12":"first","13":"instock","14":"sale","15":"shipping-taxable","16":"purchasable","17":"product-type-simple"},"_links":{"self":[{"href":"https:\/\/roveyayinevi.com.tr\/index.php\/wp-json\/wp\/v2\/product\/727434","targetHints":{"allow":["GET"]}}],"collection":[{"href":"https:\/\/roveyayinevi.com.tr\/index.php\/wp-json\/wp\/v2\/product"}],"about":[{"href":"https:\/\/roveyayinevi.com.tr\/index.php\/wp-json\/wp\/v2\/types\/product"}],"wp:attachment":[{"href":"https:\/\/roveyayinevi.com.tr\/index.php\/wp-json\/wp\/v2\/media?parent=727434"}],"wp:term":[{"taxonomy":"product_brand","embeddable":true,"href":"https:\/\/roveyayinevi.com.tr\/index.php\/wp-json\/wp\/v2\/product_brand?post=727434"},{"taxonomy":"product_cat","embeddable":true,"href":"https:\/\/roveyayinevi.com.tr\/index.php\/wp-json\/wp\/v2\/product_cat?post=727434"},{"taxonomy":"product_tag","embeddable":true,"href":"https:\/\/roveyayinevi.com.tr\/index.php\/wp-json\/wp\/v2\/product_tag?post=727434"}],"curies":[{"name":"wp","href":"https:\/\/api.w.org\/{rel}","templated":true}]}}