{"id":727433,"date":"2025-08-27T20:22:08","date_gmt":"2025-08-27T17:22:08","guid":{"rendered":"https:\/\/roveyayinevi.com.tr\/index.php\/urun\/gurur-ve-onyargi-4\/"},"modified":"2026-04-16T02:35:18","modified_gmt":"2026-04-15T23:35:18","slug":"gurur-ve-onyargi-4","status":"publish","type":"product","link":"https:\/\/roveyayinevi.com.tr\/index.php\/urun\/gurur-ve-onyargi-4\/","title":{"rendered":"Gurur ve \u00d6nyarg\u0131"},"content":{"rendered":"<p>\u201cHer ne kadar s\u0131kl\u0131kla ayn\u0131 anlamda kullan\u0131lsa da kibir ve gurur farkl\u0131 \u015feylerdir. Bir insan kibirli olmadan da gururlu olabilir. Gurur, genellikle kendimize ili\u015fkin d\u00fc\u015f\u00fcncelerimizle ilgilidir; kibirse ba\u015fkalar\u0131n\u0131n bizim hakk\u0131m\u0131zda d\u00fc\u015f\u00fcnmelerini istedi\u011fimizle.\u201d Jane Austen\u2019in muhte\u015fem karakter tasvirleriyle bezedi\u011fi Gurur ve \u00d6n Yarg\u0131, ta\u015fral\u0131 bir beyefendinin k\u0131z\u0131 olan Elizabeth Bennet ile toprak sahibi, zengin bir aristokrat olan Fitzwilliam Darcy aras\u0131ndaki \u00e7alkant\u0131l\u0131 ili\u015fkiyi konu almaktad\u0131r. Bayan Bennet, babalar\u0131 \u00f6ld\u00fckten sonra mirastan hi\u00e7 pay alamayacak olan be\u015f k\u0131z\u0131n\u0131n da evlendi\u011fini g\u00f6rmeye can atmaktad\u0131r. En b\u00fcy\u00fck k\u0131z\u0131, g\u00fczel ve utanga\u00e7 Jane, varl\u0131kl\u0131 gen\u00e7 adam Bay Bingley\u2019nin dikkatini \u00e7ekmekte gecikmez. Fakat arkada\u015f\u0131 Bay Darcy ile Elizabeth aras\u0131ndaki kar\u015f\u0131la\u015fma, onlar\u0131nki kadar samimi olmayacakt\u0131r. Darcy, servetinin ve sosyal stat\u00fcs\u00fcn\u00fcn getirdi\u011fi gururla, ailesi alt tabakadan olan Elizabeth\u2019e \u00f6n yarg\u0131yla yakla\u015fmaktad\u0131r. Di\u011fer yandan Elizabeth\u2019in \u00f6z sayg\u0131s\u0131n\u0131n yaratt\u0131\u011f\u0131 m\u00fcthi\u015f gurur ise, z\u00fcppe oldu\u011funa inand\u0131\u011f\u0131 Darcy\u2019ye yana\u015fmas\u0131na dahi izin vermemektedir. Fakat zaman ge\u00e7tik\u00e7e olaylar, onlar\u0131 \u00f6n yarg\u0131lar\u0131ndan ar\u0131nmaya itecektir. <\/p>\n","protected":false},"excerpt":{"rendered":"<p>\u201cHer ne kadar s\u0131kl\u0131kla ayn\u0131 anlamda kullan\u0131lsa da kibir ve gurur farkl\u0131 \u015feylerdir. Bir insan kibirli olmadan da gururlu olabilir. Gurur, genellikle kendimize ili\u015fkin d\u00fc\u015f\u00fcncelerimizle ilgilidir;<span class=\"excerpt-hellip\"> [\u2026]<\/span><\/p>\n","protected":false},"featured_media":0,"template":"","meta":{"_monsterinsights_skip_tracking":false,"_monsterinsights_sitenote_active":false,"_monsterinsights_sitenote_note":"","_monsterinsights_sitenote_category":0},"product_brand":[],"product_cat":[12291,12711],"product_tag":[],"class_list":{"0":"post-727433","1":"product","2":"type-product","3":"status-publish","5":"product_cat-edebiyat","6":"product_cat-roman-oyku","7":"pa_cilt-ciltsiz","8":"pa_tur-kitap","9":"pa_yayinevi-sms-yayinlari","10":"pa_yazar-jane-austen","12":"first","13":"instock","14":"sale","15":"shipping-taxable","16":"purchasable","17":"product-type-simple"},"_links":{"self":[{"href":"https:\/\/roveyayinevi.com.tr\/index.php\/wp-json\/wp\/v2\/product\/727433","targetHints":{"allow":["GET"]}}],"collection":[{"href":"https:\/\/roveyayinevi.com.tr\/index.php\/wp-json\/wp\/v2\/product"}],"about":[{"href":"https:\/\/roveyayinevi.com.tr\/index.php\/wp-json\/wp\/v2\/types\/product"}],"wp:attachment":[{"href":"https:\/\/roveyayinevi.com.tr\/index.php\/wp-json\/wp\/v2\/media?parent=727433"}],"wp:term":[{"taxonomy":"product_brand","embeddable":true,"href":"https:\/\/roveyayinevi.com.tr\/index.php\/wp-json\/wp\/v2\/product_brand?post=727433"},{"taxonomy":"product_cat","embeddable":true,"href":"https:\/\/roveyayinevi.com.tr\/index.php\/wp-json\/wp\/v2\/product_cat?post=727433"},{"taxonomy":"product_tag","embeddable":true,"href":"https:\/\/roveyayinevi.com.tr\/index.php\/wp-json\/wp\/v2\/product_tag?post=727433"}],"curies":[{"name":"wp","href":"https:\/\/api.w.org\/{rel}","templated":true}]}}