{"id":727432,"date":"2025-08-27T20:22:07","date_gmt":"2025-08-27T17:22:07","guid":{"rendered":"https:\/\/roveyayinevi.com.tr\/index.php\/urun\/tek-kisilik-panayir\/"},"modified":"2026-04-16T02:35:18","modified_gmt":"2026-04-15T23:35:18","slug":"tek-kisilik-panayir","status":"publish","type":"product","link":"https:\/\/roveyayinevi.com.tr\/index.php\/urun\/tek-kisilik-panayir\/","title":{"rendered":"Tek Ki\u015filik Panay\u0131r"},"content":{"rendered":"<p>Tek ki\u015filik bu panay\u0131r ser\u00fcveninde binlerce direni\u015f, s\u0131nav, binlerce y\u0131k\u0131l\u0131\u015f, yokolu\u015f ve \u201cmim\u201d ile yeniden bir do\u011fu\u015f var. Her panay\u0131r tek ki\u015filiktir asl\u0131nda ve hepimiz kendi panay\u0131r\u0131m\u0131z\u0131n soytar\u0131s\u0131, kral\u0131\/krali\u00e7esi, seyircisi, hokkabaz\u0131 de\u011fil miyiz? \u0130\u00e7 alemimizin yang\u0131nlar\u0131 tela\u015flar\u0131 de\u011fil midir g\u00fcn\u00fcm\u00fcz-de gecemizde devinen ve dilimize d\u00fc\u015fen? Ve her esaret, kendi asaletini de b\u00fcnyesinde ta\u015f\u0131maz m\u0131? Kimi zaman parmak u\u00e7lar\u0131ndan y\u0131ld\u0131zlar d\u00f6kebilecek kadar maharetli ve c\u00f6mert, kimi zaman hayat\u0131n rutinlerini, i\u015fleyi\u015fini ukala ve h\u0131rsl\u0131 bulacak kadar fark\u0131ndal\u0131kl\u0131 bir ruhun ba\u015f\u0131ndaki a\u011fr\u0131, o ba\u015f a\u011fr\u0131s\u0131ndaki tasada a\u00e7an \u00e7i\u00e7ek bu \u015fiirler. Bir bak\u0131yorsunuz Edip Cansever, bir bak\u0131yorsunuz Cahit S\u0131tk\u0131&#8230; Zaman zaman Naz\u0131mane, kimi zaman G\u00fclsitane&#8230; Bu kitaptaki \u015fiirler, kendi varl\u0131\u011f\u0131n\u0131n da \u00f6tesindeki yang\u0131nlar\u0131, ac\u0131lar\u0131 t\u00fcm benli\u011finde duyumsayan bir ruhun samimice ve \u00f6zg\u00fcn bir tav\u0131rla kendini ifade etmesi. Hile de yok, hurda da. G\u00fcn \u0131\u015f\u0131\u011f\u0131na, a\u015fka, dostlu\u011fa, insanca olana, sevgiye, kendi halindeli\u011fe, k\u00fc\u00e7\u00fcc\u00fck sevin\u00e7lere kucak a\u00e7an \u00e7i\u00e7ekler bir demet olmu\u015f da d\u00fc\u015fm\u00fc\u015f \u00f6n\u00fcm\u00fcze. Dillendirilemeyen yaralar\u0131n s\u00f6zc\u00fcklere s\u0131\u011f\u0131nm\u0131\u015f hali, \u201cK\u00fcst\u00fcm \u00c7i\u00e7e\u011fi\u201dnin bar\u0131\u015fma arzusu bu kitap! Hepimizin i\u00e7inde tek ki\u015filik panay\u0131rlar d\u00f6ner durur. Bir yanar bir s\u00f6ner \u0131\u015f\u0131klar\u0131. Bunu b\u00f6yle \u00f6zg\u00fcn bir bi\u00e7im ve eyvallahs\u0131z bir \u00fcslupla sunmak ho\u015flu\u011fun \u00e2l\u00e2s\u0131 olmu\u015f. Panay\u0131rlar\u0131m\u0131z maalesef \u00e7o\u011fu kez tek ki\u015filik  zaten. \u015eiir ve \u015fairin \u201cTek Ki\u015filik Panay\u0131r\u201d\u0131 sizi bekliyor.<\/p>\n","protected":false},"excerpt":{"rendered":"<p>Tek ki\u015filik bu panay\u0131r ser\u00fcveninde binlerce direni\u015f, s\u0131nav, binlerce y\u0131k\u0131l\u0131\u015f, yokolu\u015f ve \u201cmim\u201d ile yeniden bir do\u011fu\u015f var. Her panay\u0131r tek ki\u015filiktir asl\u0131nda ve hepimiz kendi<span class=\"excerpt-hellip\"> [\u2026]<\/span><\/p>\n","protected":false},"featured_media":0,"template":"","meta":{"_monsterinsights_skip_tracking":false,"_monsterinsights_sitenote_active":false,"_monsterinsights_sitenote_note":"","_monsterinsights_sitenote_category":0},"product_brand":[],"product_cat":[12291,12509],"product_tag":[],"class_list":{"0":"post-727432","1":"product","2":"type-product","3":"status-publish","5":"product_cat-edebiyat","6":"product_cat-siir","7":"pa_cilt-ciltsiz","8":"pa_tur-kitap","9":"pa_yayinevi-us-yayinlari","10":"pa_yazar-gulcan-gungor","12":"first","13":"instock","14":"sale","15":"shipping-taxable","16":"purchasable","17":"product-type-simple"},"_links":{"self":[{"href":"https:\/\/roveyayinevi.com.tr\/index.php\/wp-json\/wp\/v2\/product\/727432","targetHints":{"allow":["GET"]}}],"collection":[{"href":"https:\/\/roveyayinevi.com.tr\/index.php\/wp-json\/wp\/v2\/product"}],"about":[{"href":"https:\/\/roveyayinevi.com.tr\/index.php\/wp-json\/wp\/v2\/types\/product"}],"wp:attachment":[{"href":"https:\/\/roveyayinevi.com.tr\/index.php\/wp-json\/wp\/v2\/media?parent=727432"}],"wp:term":[{"taxonomy":"product_brand","embeddable":true,"href":"https:\/\/roveyayinevi.com.tr\/index.php\/wp-json\/wp\/v2\/product_brand?post=727432"},{"taxonomy":"product_cat","embeddable":true,"href":"https:\/\/roveyayinevi.com.tr\/index.php\/wp-json\/wp\/v2\/product_cat?post=727432"},{"taxonomy":"product_tag","embeddable":true,"href":"https:\/\/roveyayinevi.com.tr\/index.php\/wp-json\/wp\/v2\/product_tag?post=727432"}],"curies":[{"name":"wp","href":"https:\/\/api.w.org\/{rel}","templated":true}]}}