{"id":727431,"date":"2025-08-27T20:22:05","date_gmt":"2025-08-27T17:22:05","guid":{"rendered":"https:\/\/roveyayinevi.com.tr\/index.php\/urun\/yaktigin-yerdeyim\/"},"modified":"2026-04-16T02:35:18","modified_gmt":"2026-04-15T23:35:18","slug":"yaktigin-yerdeyim","status":"publish","type":"product","link":"https:\/\/roveyayinevi.com.tr\/index.php\/urun\/yaktigin-yerdeyim\/","title":{"rendered":"Yakt\u0131\u011f\u0131n Yerdeyim"},"content":{"rendered":"<p>Beni \u00e7a\u011f\u0131rmad\u0131n o g\u00fczeller g\u00fczeli kalbine Utanmadan s\u0131k\u0131lmadan kalk\u0131p ben geldim Y\u0131k\u0131lm\u0131\u015f kalbine sen gel demedin ki \u00c7al\u0131p kalbinin zilini al diye geldim Beni \u00e7a\u011f\u0131rmad\u0131n darmada\u011f\u0131n olan ruhuna B\u0131rakt\u0131 ise y\u00e2rini belki yar\u0131n\u0131n olurum diye ben geldim Nemli g\u00f6zlerimi sil gel demedin ki Solmas\u0131n g\u00f6zlerinin rengi diye ben geldim <\/p>\n","protected":false},"excerpt":{"rendered":"<p>Beni \u00e7a\u011f\u0131rmad\u0131n o g\u00fczeller g\u00fczeli kalbine Utanmadan s\u0131k\u0131lmadan kalk\u0131p ben geldim Y\u0131k\u0131lm\u0131\u015f kalbine sen gel demedin ki \u00c7al\u0131p kalbinin zilini al diye geldim Beni \u00e7a\u011f\u0131rmad\u0131n darmada\u011f\u0131n<span class=\"excerpt-hellip\"> [\u2026]<\/span><\/p>\n","protected":false},"featured_media":0,"template":"","meta":{"_monsterinsights_skip_tracking":false,"_monsterinsights_sitenote_active":false,"_monsterinsights_sitenote_note":"","_monsterinsights_sitenote_category":0},"product_brand":[],"product_cat":[12291,12509],"product_tag":[],"class_list":{"0":"post-727431","1":"product","2":"type-product","3":"status-publish","5":"product_cat-edebiyat","6":"product_cat-siir","7":"pa_cilt-ciltsiz","8":"pa_tur-kitap","9":"pa_yayinevi-us-yayinlari","10":"pa_yazar-ismail-basbunar","12":"first","13":"instock","14":"sale","15":"shipping-taxable","16":"purchasable","17":"product-type-simple"},"_links":{"self":[{"href":"https:\/\/roveyayinevi.com.tr\/index.php\/wp-json\/wp\/v2\/product\/727431","targetHints":{"allow":["GET"]}}],"collection":[{"href":"https:\/\/roveyayinevi.com.tr\/index.php\/wp-json\/wp\/v2\/product"}],"about":[{"href":"https:\/\/roveyayinevi.com.tr\/index.php\/wp-json\/wp\/v2\/types\/product"}],"wp:attachment":[{"href":"https:\/\/roveyayinevi.com.tr\/index.php\/wp-json\/wp\/v2\/media?parent=727431"}],"wp:term":[{"taxonomy":"product_brand","embeddable":true,"href":"https:\/\/roveyayinevi.com.tr\/index.php\/wp-json\/wp\/v2\/product_brand?post=727431"},{"taxonomy":"product_cat","embeddable":true,"href":"https:\/\/roveyayinevi.com.tr\/index.php\/wp-json\/wp\/v2\/product_cat?post=727431"},{"taxonomy":"product_tag","embeddable":true,"href":"https:\/\/roveyayinevi.com.tr\/index.php\/wp-json\/wp\/v2\/product_tag?post=727431"}],"curies":[{"name":"wp","href":"https:\/\/api.w.org\/{rel}","templated":true}]}}