{"id":727430,"date":"2025-08-27T20:22:05","date_gmt":"2025-08-27T17:22:05","guid":{"rendered":"https:\/\/roveyayinevi.com.tr\/index.php\/urun\/turkiyede-iktidarin-sinirlandirilmasi\/"},"modified":"2026-04-16T02:35:18","modified_gmt":"2026-04-15T23:35:18","slug":"turkiyede-iktidarin-sinirlandirilmasi","status":"publish","type":"product","link":"https:\/\/roveyayinevi.com.tr\/index.php\/urun\/turkiyede-iktidarin-sinirlandirilmasi\/","title":{"rendered":"T\u00fcrkiye\u2019de \u0130ktidar\u0131n S\u0131n\u0131rland\u0131r\u0131lmas\u0131"},"content":{"rendered":"<p>Siyasi tarih, hukuk, siyaset bilimi ve siyaset felsefesi alanlar\u0131n\u0131 harmanlayarak \u00f6n\u00fcm\u00fcze sunan bu kitap, 1808 tarihli Sened-i \u0130ttifak\u2019tan 2010 Anayasa Referandumu\u2019na kadar uzanan geni\u015f bir s\u00fcreci analiz etmektedir. Kitap, bu uzun s\u00fcrecin analizinde odak noktas\u0131 olarak \u201ciktidar\u0131n s\u0131n\u0131rland\u0131r\u0131lmas\u0131\u201d \u00e7abalar\u0131n\u0131 se\u00e7mi\u015ftir. Bir\u00e7ok kez anlat\u0131lm\u0131\u015f olan T\u00fcrk siyasi tarihine \u201ciktidar\u0131n s\u0131n\u0131rland\u0131r\u0131lmas\u0131\u201d kavram\u0131 \u00e7er\u00e7evesinde bak\u0131lmas\u0131, kitab\u0131n, kuru bir siyasi tarih anlat\u0131s\u0131n\u0131n ve salt hukuksal analizin d\u0131\u015f\u0131na \u00e7\u0131k\u0131p zengin bir siyaset bilimi metni olmas\u0131n\u0131 sa\u011flam\u0131\u015ft\u0131r. Ayr\u0131ca kitap, \u201ciktidar\u0131n s\u0131n\u0131rland\u0131r\u0131lmas\u0131\u201d kavram\u0131 sayesinde sa\u011flam bir omurgaya sahip olmu\u015f ve \u00e7ok uzun bir s\u00fcreyi ele almas\u0131na ra\u011fmen oda\u011f\u0131n\u0131 kaybetmeyen bir inceleme olarak kar\u015f\u0131m\u0131za \u00e7\u0131km\u0131\u015ft\u0131r. \u0130ktidar\u0131n s\u0131n\u0131rland\u0131r\u0131lmas\u0131 i\u00e7in kullan\u0131lan \u00e7e\u015fitli denetim ara\u00e7lar\u0131 ve sistemleri, metin i\u00e7erisinde d\u00f6nemlerine g\u00f6re tart\u0131\u015f\u0131l\u0131rken T\u00fcrkiye siyasi tarihinde her d\u00f6nemde \u00f6n plana \u00e7\u0131kan i\u00e7 denetim mekanizmas\u0131na \u00f6zel bir dikkat sarfedilmi\u015ftir; bunlar: iktidar\u0131n yarg\u0131sal denetim yoluyla s\u0131n\u0131rland\u0131r\u0131lmas\u0131, iktidar\u0131n idari yarg\u0131 yoluyla denetlenmesi ve son olarak iktidar\u0131n siyasal\/parlamenter denetim ara\u00e7lar\u0131 yoluyla s\u0131n\u0131rland\u0131r\u0131lmas\u0131d\u0131r. Bu mekanizmalar teorik olarak ele al\u0131n\u0131rken bir yandan da T\u00fcrk siyasi hayat\u0131n\u0131n \u00e7eki\u015fmelerinin ve ilerlemelerinin \u00f6yk\u00fcs\u00fc aktar\u0131ld\u0131\u011f\u0131 i\u00e7in metin, ak\u0131c\u0131l\u0131\u011f\u0131 ile dikkat \u00e7ekmektedir. T\u00fcrkiye\u2019de iktidar\u0131n s\u0131n\u0131rland\u0131r\u0131lmas\u0131 konusundaki \u00e7abalar\u0131 ve bunun ba\u015far\u0131labilmesi i\u00e7in ya\u015fanan sanc\u0131lar\u0131 da g\u00f6zler \u00f6n\u00fcne seren bu \u00e7al\u0131\u015fma, asl\u0131nda 1808\u2019den 2010\u2019a kadar uzanan bu uzun s\u00fcrecin, T\u00fcrkiye\u2019de \u201ciktidar\u0131n s\u0131n\u0131rland\u0131r\u0131lamazl\u0131\u011f\u0131\u201dn\u0131n bir tarihi olarak da okunabilece\u011fini ortaya koymaktad\u0131r. <\/p>\n","protected":false},"excerpt":{"rendered":"<p>Siyasi tarih, hukuk, siyaset bilimi ve siyaset felsefesi alanlar\u0131n\u0131 harmanlayarak \u00f6n\u00fcm\u00fcze sunan bu kitap, 1808 tarihli Sened-i \u0130ttifak\u2019tan 2010 Anayasa Referandumu\u2019na kadar uzanan geni\u015f bir s\u00fcreci<span class=\"excerpt-hellip\"> [\u2026]<\/span><\/p>\n","protected":false},"featured_media":0,"template":"","meta":{"_monsterinsights_skip_tracking":false,"_monsterinsights_sitenote_active":false,"_monsterinsights_sitenote_note":"","_monsterinsights_sitenote_category":0},"product_brand":[],"product_cat":[13590,12337],"product_tag":[],"class_list":{"0":"post-727430","1":"product","2":"type-product","3":"status-publish","5":"product_cat-arastirma-inceleme-politika-siyaset","6":"product_cat-politika-siyaset","7":"pa_cilt-ciltsiz","8":"pa_tur-kitap","9":"pa_yayinevi-siyasal-kitabevi","10":"pa_yazar-murat-soysal","12":"first","13":"instock","14":"sale","15":"shipping-taxable","16":"purchasable","17":"product-type-simple"},"_links":{"self":[{"href":"https:\/\/roveyayinevi.com.tr\/index.php\/wp-json\/wp\/v2\/product\/727430","targetHints":{"allow":["GET"]}}],"collection":[{"href":"https:\/\/roveyayinevi.com.tr\/index.php\/wp-json\/wp\/v2\/product"}],"about":[{"href":"https:\/\/roveyayinevi.com.tr\/index.php\/wp-json\/wp\/v2\/types\/product"}],"wp:attachment":[{"href":"https:\/\/roveyayinevi.com.tr\/index.php\/wp-json\/wp\/v2\/media?parent=727430"}],"wp:term":[{"taxonomy":"product_brand","embeddable":true,"href":"https:\/\/roveyayinevi.com.tr\/index.php\/wp-json\/wp\/v2\/product_brand?post=727430"},{"taxonomy":"product_cat","embeddable":true,"href":"https:\/\/roveyayinevi.com.tr\/index.php\/wp-json\/wp\/v2\/product_cat?post=727430"},{"taxonomy":"product_tag","embeddable":true,"href":"https:\/\/roveyayinevi.com.tr\/index.php\/wp-json\/wp\/v2\/product_tag?post=727430"}],"curies":[{"name":"wp","href":"https:\/\/api.w.org\/{rel}","templated":true}]}}