{"id":727429,"date":"2025-08-27T20:21:55","date_gmt":"2025-08-27T17:21:55","guid":{"rendered":"https:\/\/roveyayinevi.com.tr\/index.php\/urun\/koronadan-korunmak-mumkun\/"},"modified":"2026-04-16T02:35:18","modified_gmt":"2026-04-15T23:35:18","slug":"koronadan-korunmak-mumkun","status":"publish","type":"product","link":"https:\/\/roveyayinevi.com.tr\/index.php\/urun\/koronadan-korunmak-mumkun\/","title":{"rendered":"Koronadan Korunmak M\u00fcmk\u00fcn"},"content":{"rendered":"<p>Koronavir\u00fcs, ya\u015fad\u0131\u011f\u0131m\u0131z hayatlar\u0131 k\u00f6k\u00fcnden sarst\u0131. Hayatla ilgili beklentilerimiz, ya\u015fam tarz\u0131m\u0131z, i\u015f al\u0131\u015fkanl\u0131klar\u0131m\u0131z tamamen de\u011fi\u015fti. Hepimizi korkuyla evlerimize hapsetti. Neredeyse ba\u015fka bir \u015feyden konu\u015fmaz olduk\u2026 Oysa d\u00fcnyam\u0131zda her zaman vir\u00fcsler vard\u0131. \u0130nsanl\u0131k tarihi vir\u00fcs salg\u0131nlar\u0131yla dolu. T\u00fcm bu salg\u0131nlara ra\u011fmen, insano\u011flu her seferinde vir\u00fcsleri yenmeyi ba\u015fard\u0131 ve soyunu devam ettirdi. Yine ayn\u0131s\u0131 olacak: Bu salg\u0131n\u0131 da yenece\u011fiz! CO*VID 19 de\u011fil, insano\u011flu kazanacak! Ba\u011f\u0131\u015f\u0131kl\u0131k sistemimiz, her t\u00fcrl\u00fc hastal\u0131\u011f\u0131 engelleme ve hastal\u0131k meydana geldi\u011finde tedavi edebilme yetene\u011fine sahip. Bu kitapta size ba\u011f\u0131\u015f\u0131kl\u0131k sisteminizi nas\u0131l g\u00fc\u00e7lendirece\u011finizi anlatt\u0131m. Koronavir\u00fcsten korunman\u0131z m\u00fcmk\u00fcn! Koronavir\u00fcsten korunmak i\u00e7in nas\u0131l beslenmeliyim? Hangi bitkileri kullanmal\u0131y\u0131m? Ozonterapinin koronavir\u00fcs \u00fczerindeki etkileri nedir? Ba\u011f\u0131\u015f\u0131kl\u0131k sistemimi g\u00fc\u00e7lendirmek i\u00e7in hangi takviyeleri almal\u0131y\u0131m? Kendimi ve ailemi hastal\u0131ktan korumak i\u00e7in ne yapmal\u0131y\u0131m? A\u015f\u0131 olmal\u0131 m\u0131y\u0131m? Vitaminleri nas\u0131l kullanmal\u0131y\u0131m? Koronavir\u00fcsten korkmay\u0131n. Ba\u011f\u0131\u015f\u0131kl\u0131k sisteminizin zay\u0131flamas\u0131ndan korkun. En koruyucu maskeniz, kendi ba\u011f\u0131\u015f\u0131kl\u0131k sisteminiz!<\/p>\n","protected":false},"excerpt":{"rendered":"<p>Koronavir\u00fcs, ya\u015fad\u0131\u011f\u0131m\u0131z hayatlar\u0131 k\u00f6k\u00fcnden sarst\u0131. Hayatla ilgili beklentilerimiz, ya\u015fam tarz\u0131m\u0131z, i\u015f al\u0131\u015fkanl\u0131klar\u0131m\u0131z tamamen de\u011fi\u015fti. Hepimizi korkuyla evlerimize hapsetti. Neredeyse ba\u015fka bir \u015feyden konu\u015fmaz olduk\u2026 Oysa d\u00fcnyam\u0131zda<span class=\"excerpt-hellip\"> [\u2026]<\/span><\/p>\n","protected":false},"featured_media":0,"template":"","meta":{"_monsterinsights_skip_tracking":false,"_monsterinsights_sitenote_active":false,"_monsterinsights_sitenote_note":"","_monsterinsights_sitenote_category":0},"product_brand":[],"product_cat":[13366,13365],"product_tag":[],"class_list":{"0":"post-727429","1":"product","2":"type-product","3":"status-publish","5":"product_cat-diger-saglik","6":"product_cat-saglik","7":"pa_cilt-ciltsiz","8":"pa_tur-kitap","9":"pa_yayinevi-alfa-yayinlari","10":"pa_yazar-umit-aktas","12":"first","13":"instock","14":"sale","15":"shipping-taxable","16":"purchasable","17":"product-type-simple"},"_links":{"self":[{"href":"https:\/\/roveyayinevi.com.tr\/index.php\/wp-json\/wp\/v2\/product\/727429","targetHints":{"allow":["GET"]}}],"collection":[{"href":"https:\/\/roveyayinevi.com.tr\/index.php\/wp-json\/wp\/v2\/product"}],"about":[{"href":"https:\/\/roveyayinevi.com.tr\/index.php\/wp-json\/wp\/v2\/types\/product"}],"wp:attachment":[{"href":"https:\/\/roveyayinevi.com.tr\/index.php\/wp-json\/wp\/v2\/media?parent=727429"}],"wp:term":[{"taxonomy":"product_brand","embeddable":true,"href":"https:\/\/roveyayinevi.com.tr\/index.php\/wp-json\/wp\/v2\/product_brand?post=727429"},{"taxonomy":"product_cat","embeddable":true,"href":"https:\/\/roveyayinevi.com.tr\/index.php\/wp-json\/wp\/v2\/product_cat?post=727429"},{"taxonomy":"product_tag","embeddable":true,"href":"https:\/\/roveyayinevi.com.tr\/index.php\/wp-json\/wp\/v2\/product_tag?post=727429"}],"curies":[{"name":"wp","href":"https:\/\/api.w.org\/{rel}","templated":true}]}}