{"id":727427,"date":"2025-08-27T20:21:53","date_gmt":"2025-08-27T17:21:53","guid":{"rendered":"https:\/\/roveyayinevi.com.tr\/index.php\/urun\/anadolu-masallari\/"},"modified":"2026-04-16T02:35:18","modified_gmt":"2026-04-15T23:35:18","slug":"anadolu-masallari","status":"publish","type":"product","link":"https:\/\/roveyayinevi.com.tr\/index.php\/urun\/anadolu-masallari\/","title":{"rendered":"Anadolu Masallar\u0131"},"content":{"rendered":"<p>T\u00fcm masallar, \u201cBir varm\u0131\u015f, bir yokmu\u015f&#8230;\u201d diye ba\u015flar.Derya \u00d6zel\u2019in derledi\u011fi, \u0130zmir\u2019den A\u011fr\u0131\u2019ya, Trabzon\u2019dan Kayseri\u2019ye dek uzanan Anadolu Masallar\u0131, y\u00fczy\u0131llar boyunca nesilden nesile, dilden dile aktar\u0131lan masallar\u0131 g\u00fcn\u00fcm\u00fcze ta\u015f\u0131yor. Okuduk\u00e7a \u00e7o\u011falan, anlatt\u0131k\u00e7a canlanan ve Anadolu\u2019nun zengin k\u00fclt\u00fcr\u00fcn\u00fcn ta\u015f\u0131y\u0131c\u0131s\u0131 olan bu masallar, gelece\u011fe b\u0131rak\u0131lmas\u0131 gereken b\u00fcy\u00fcl\u00fc bir miras.Bu miras\u0131 aktarmaya g\u00f6n\u00fcll\u00fc olan b\u00fcy\u00fck k\u00fc\u00e7\u00fckt\u00fcm masal sevenler i\u00e7in&#8230; <\/p>\n","protected":false},"excerpt":{"rendered":"<p>T\u00fcm masallar, \u201cBir varm\u0131\u015f, bir yokmu\u015f&#8230;\u201d diye ba\u015flar.Derya \u00d6zel\u2019in derledi\u011fi, \u0130zmir\u2019den A\u011fr\u0131\u2019ya, Trabzon\u2019dan Kayseri\u2019ye dek uzanan Anadolu Masallar\u0131, y\u00fczy\u0131llar boyunca nesilden nesile, dilden dile aktar\u0131lan masallar\u0131<span class=\"excerpt-hellip\"> [\u2026]<\/span><\/p>\n","protected":false},"featured_media":0,"template":"","meta":{"_monsterinsights_skip_tracking":false,"_monsterinsights_sitenote_active":false,"_monsterinsights_sitenote_note":"","_monsterinsights_sitenote_category":0},"product_brand":[],"product_cat":[12274,12523],"product_tag":[],"class_list":{"0":"post-727427","1":"product","2":"type-product","3":"status-publish","5":"product_cat-cocuk-ve-genclik-kitaplari","6":"product_cat-masallar","7":"pa_cilt-ciltsiz","8":"pa_tur-kitap","9":"pa_yayinevi-nemesis-kitap","10":"pa_yazar-derya-ozel","12":"first","13":"instock","14":"sale","15":"shipping-taxable","16":"purchasable","17":"product-type-simple"},"_links":{"self":[{"href":"https:\/\/roveyayinevi.com.tr\/index.php\/wp-json\/wp\/v2\/product\/727427","targetHints":{"allow":["GET"]}}],"collection":[{"href":"https:\/\/roveyayinevi.com.tr\/index.php\/wp-json\/wp\/v2\/product"}],"about":[{"href":"https:\/\/roveyayinevi.com.tr\/index.php\/wp-json\/wp\/v2\/types\/product"}],"wp:attachment":[{"href":"https:\/\/roveyayinevi.com.tr\/index.php\/wp-json\/wp\/v2\/media?parent=727427"}],"wp:term":[{"taxonomy":"product_brand","embeddable":true,"href":"https:\/\/roveyayinevi.com.tr\/index.php\/wp-json\/wp\/v2\/product_brand?post=727427"},{"taxonomy":"product_cat","embeddable":true,"href":"https:\/\/roveyayinevi.com.tr\/index.php\/wp-json\/wp\/v2\/product_cat?post=727427"},{"taxonomy":"product_tag","embeddable":true,"href":"https:\/\/roveyayinevi.com.tr\/index.php\/wp-json\/wp\/v2\/product_tag?post=727427"}],"curies":[{"name":"wp","href":"https:\/\/api.w.org\/{rel}","templated":true}]}}