{"id":727425,"date":"2025-08-27T20:21:51","date_gmt":"2025-08-27T17:21:51","guid":{"rendered":"https:\/\/roveyayinevi.com.tr\/index.php\/urun\/theta-healing-ruh-esinizi-bulun\/"},"modified":"2026-04-16T02:35:18","modified_gmt":"2026-04-15T23:35:18","slug":"theta-healing-ruh-esinizi-bulun","status":"publish","type":"product","link":"https:\/\/roveyayinevi.com.tr\/index.php\/urun\/theta-healing-ruh-esinizi-bulun\/","title":{"rendered":"Theta Healing &#8211; Ruh E\u015finizi Bulun"},"content":{"rendered":"<p>Ruh e\u015finizi bulmak ister misiniz? Bir\u00e7o\u011fumuz bu d\u00fcnyaya, ba\u015fka biri taraf\u0131ndan sevilmenin nas\u0131l olmas\u0131 gerekti\u011fi duygusuyla geliriz. Ancak bu arzuyu en iyi \u015fekilde nas\u0131l ger\u00e7ekle\u015ftirece\u011fimiz konusundaki bilgimiz eksiktir. ThetaHealing\u00ae Ruh E\u015finizi Bulun, spirit\u00fcel a\u00e7\u0131dan romantik olanlar, ruh e\u015fini bulmak isteyen ve ilahi bir plan ad\u0131na iki ki\u015finin bir araya getirildi\u011fi inanc\u0131n\u0131 kaybetmeyenler i\u00e7in haz\u0131rlanm\u0131\u015ft\u0131r. Bu kitapta \u015funlar\u0131 bulabilirsiniz: Sevginin yedi seviyesi Yedi t\u00fcr ruh e\u015fi Hangi t\u00fcr ruh e\u015fi istedi\u011finizi belirlemenin yollar\u0131 Ruh e\u015fi aray\u0131\u015f\u0131n\u0131n farkl\u0131 a\u015famalar\u0131 Cinsellik ve benlik sayg\u0131s\u0131 gibi konular\u0131 da i\u00e7eren ruh e\u015fi inan\u00e7 \u00e7al\u0131\u015fmas\u0131 Ge\u00e7mi\u015fteki bir ili\u015fkiyle olan enerji ba\u011f\u0131n\u0131 serbest b\u0131rakma y\u00f6ntemleri Vianna\u2019n\u0131n kendi ruh e\u015fini bulma deneyimine dayanan bu kitap, ger\u00e7ek a\u015fka olan inanc\u0131n\u0131z\u0131 yeniden teyit edecek ve ThetaHealing\u00ae tekni\u011fini kullanarak en uyumlu ruh e\u015fini hayat\u0131n\u0131za nas\u0131l getirebilece\u011finizi a\u00e7\u0131klayacak. VIANNA STIBAL bir ressam, yazar, \u00f6\u011fretmen ve sezgisel okuyucudur. ABD, Montana\u2019da ya\u015famaktad\u0131r. 150\u2019den fazla \u00fclkede \u00e7al\u0131\u015fan ThetaHealing\u00ae e\u011fitmenleri ve uygulay\u0131c\u0131lar\u0131na ders vermi\u015ftir. Bu enerji-\u015fifa yakla\u015f\u0131m\u0131n\u0131 t\u00fcm d\u00fcnyaya yaymaya kararl\u0131d\u0131r. <\/p>\n","protected":false},"excerpt":{"rendered":"<p>Ruh e\u015finizi bulmak ister misiniz? Bir\u00e7o\u011fumuz bu d\u00fcnyaya, ba\u015fka biri taraf\u0131ndan sevilmenin nas\u0131l olmas\u0131 gerekti\u011fi duygusuyla geliriz. Ancak bu arzuyu en iyi \u015fekilde nas\u0131l ger\u00e7ekle\u015ftirece\u011fimiz konusundaki<span class=\"excerpt-hellip\"> [\u2026]<\/span><\/p>\n","protected":false},"featured_media":0,"template":"","meta":{"_monsterinsights_skip_tracking":false,"_monsterinsights_sitenote_active":false,"_monsterinsights_sitenote_note":"","_monsterinsights_sitenote_category":0},"product_brand":[],"product_cat":[12364,12376],"product_tag":[],"class_list":{"0":"post-727425","1":"product","2":"type-product","3":"status-publish","5":"product_cat-genel-konular","6":"product_cat-kisisel-gelisim","7":"pa_cilt-ciltsiz","8":"pa_tur-kitap","9":"pa_yayinevi-nemesis-kitap","10":"pa_yazar-vianna-stibal","12":"first","13":"instock","14":"sale","15":"shipping-taxable","16":"purchasable","17":"product-type-simple"},"_links":{"self":[{"href":"https:\/\/roveyayinevi.com.tr\/index.php\/wp-json\/wp\/v2\/product\/727425","targetHints":{"allow":["GET"]}}],"collection":[{"href":"https:\/\/roveyayinevi.com.tr\/index.php\/wp-json\/wp\/v2\/product"}],"about":[{"href":"https:\/\/roveyayinevi.com.tr\/index.php\/wp-json\/wp\/v2\/types\/product"}],"wp:attachment":[{"href":"https:\/\/roveyayinevi.com.tr\/index.php\/wp-json\/wp\/v2\/media?parent=727425"}],"wp:term":[{"taxonomy":"product_brand","embeddable":true,"href":"https:\/\/roveyayinevi.com.tr\/index.php\/wp-json\/wp\/v2\/product_brand?post=727425"},{"taxonomy":"product_cat","embeddable":true,"href":"https:\/\/roveyayinevi.com.tr\/index.php\/wp-json\/wp\/v2\/product_cat?post=727425"},{"taxonomy":"product_tag","embeddable":true,"href":"https:\/\/roveyayinevi.com.tr\/index.php\/wp-json\/wp\/v2\/product_tag?post=727425"}],"curies":[{"name":"wp","href":"https:\/\/api.w.org\/{rel}","templated":true}]}}