{"id":727424,"date":"2025-08-27T20:21:50","date_gmt":"2025-08-27T17:21:50","guid":{"rendered":"https:\/\/roveyayinevi.com.tr\/index.php\/urun\/evlat-acisi-hep-taze\/"},"modified":"2026-03-05T02:55:23","modified_gmt":"2026-03-04T23:55:23","slug":"evlat-acisi-hep-taze","status":"publish","type":"product","link":"https:\/\/roveyayinevi.com.tr\/index.php\/urun\/evlat-acisi-hep-taze\/","title":{"rendered":"Evlat Ac\u0131s\u0131 Hep Taze"},"content":{"rendered":"<p>Ah Nermin Han\u0131m ah, o\u011flu gitti bu d\u00fcnyadan, o\u011flu gitti de kendi kald\u0131 m\u0131 sanki? Kalmad\u0131, nefes ald\u0131 ama ya\u015famad\u0131.Y\u00fcz\u00fcn\u00fcn g\u00fcld\u00fc\u011f\u00fcn\u00fc bir daha g\u00f6ren olmad\u0131. Y\u0131llar ge\u00e7ti, ihtiyarlad\u0131, ya evlat ac\u0131s\u0131, o hep taze. Dilerim kimse ya\u015famas\u0131n, evlat ac\u0131s\u0131 ihtiyarlam\u0131yor. <\/p>\n","protected":false},"excerpt":{"rendered":"<p>Ah Nermin Han\u0131m ah, o\u011flu gitti bu d\u00fcnyadan, o\u011flu gitti de kendi kald\u0131 m\u0131 sanki? Kalmad\u0131, nefes ald\u0131 ama ya\u015famad\u0131.Y\u00fcz\u00fcn\u00fcn g\u00fcld\u00fc\u011f\u00fcn\u00fc bir daha g\u00f6ren olmad\u0131. Y\u0131llar<span class=\"excerpt-hellip\"> [\u2026]<\/span><\/p>\n","protected":false},"featured_media":0,"template":"","meta":{"_monsterinsights_skip_tracking":false,"_monsterinsights_sitenote_active":false,"_monsterinsights_sitenote_note":"","_monsterinsights_sitenote_category":0},"product_brand":[],"product_cat":[12291,12711],"product_tag":[],"class_list":{"0":"post-727424","1":"product","2":"type-product","3":"status-publish","5":"product_cat-edebiyat","6":"product_cat-roman-oyku","7":"pa_cilt-ciltsiz","8":"pa_tur-kitap","9":"pa_yayinevi-baris-kitap","10":"pa_yazar-saray-eminoglu","12":"first","13":"instock","14":"sale","15":"shipping-taxable","16":"purchasable","17":"product-type-simple"},"_links":{"self":[{"href":"https:\/\/roveyayinevi.com.tr\/index.php\/wp-json\/wp\/v2\/product\/727424","targetHints":{"allow":["GET"]}}],"collection":[{"href":"https:\/\/roveyayinevi.com.tr\/index.php\/wp-json\/wp\/v2\/product"}],"about":[{"href":"https:\/\/roveyayinevi.com.tr\/index.php\/wp-json\/wp\/v2\/types\/product"}],"wp:attachment":[{"href":"https:\/\/roveyayinevi.com.tr\/index.php\/wp-json\/wp\/v2\/media?parent=727424"}],"wp:term":[{"taxonomy":"product_brand","embeddable":true,"href":"https:\/\/roveyayinevi.com.tr\/index.php\/wp-json\/wp\/v2\/product_brand?post=727424"},{"taxonomy":"product_cat","embeddable":true,"href":"https:\/\/roveyayinevi.com.tr\/index.php\/wp-json\/wp\/v2\/product_cat?post=727424"},{"taxonomy":"product_tag","embeddable":true,"href":"https:\/\/roveyayinevi.com.tr\/index.php\/wp-json\/wp\/v2\/product_tag?post=727424"}],"curies":[{"name":"wp","href":"https:\/\/api.w.org\/{rel}","templated":true}]}}