{"id":727421,"date":"2025-08-27T20:21:47","date_gmt":"2025-08-27T17:21:47","guid":{"rendered":"https:\/\/roveyayinevi.com.tr\/index.php\/urun\/arilarin-bildikleri-ve-dunyamizdaki-yasam-icin-onemleri\/"},"modified":"2026-04-16T02:35:18","modified_gmt":"2026-04-15T23:35:18","slug":"arilarin-bildikleri-ve-dunyamizdaki-yasam-icin-onemleri","status":"publish","type":"product","link":"https:\/\/roveyayinevi.com.tr\/index.php\/urun\/arilarin-bildikleri-ve-dunyamizdaki-yasam-icin-onemleri\/","title":{"rendered":"Ar\u0131lar\u0131n Bildikleri ve D\u00fcnyam\u0131zdaki Ya\u015fam \u0130\u00e7in \u00d6nemleri"},"content":{"rendered":"<p>Ar\u0131lar\u0131 bal \u00fcreten, kovanlarda ya\u015fayan, ara s\u0131ra da i\u011fneleriyle bizi sokan canl\u0131lar olarak g\u00f6r\u00fcr\u00fcz \u00e7o\u011funlukla. Oysa bundan \u00e7ok daha fazlas\u0131d\u0131rlar. Yedi\u011fimiz meyve, sebze ve tah\u0131llar\u0131n bir\u00e7o\u011fu onlar\u0131n ta\u015f\u0131d\u0131\u011f\u0131 polenler sayesinde yeti\u015fir \u00f6rne\u011fin; bir\u00e7ok bitki onlar\u0131n sayesinde \u00fcrer. Peki her \u00fc\u00e7 lokmam\u0131zdan birini bor\u00e7lu oldu\u011fumuz bu \u00e7al\u0131\u015fkan dostlar\u0131m\u0131z hakk\u0131nda ne biliyoruz? Ar\u0131lar\u0131 incelemeye ba\u015flad\u0131ktan sonra tam bir ar\u0131 sevdal\u0131s\u0131na d\u00f6n\u00fc\u015fen do\u011fabilimci Thor Hanson, bu kitapta bizi zengin ve b\u00fcy\u00fcleyici bir mikrokozmosa davet ediyor. Balar\u0131lar\u0131, e\u015fekar\u0131lar\u0131 ve yabanar\u0131lar\u0131ndan ba\u015fka ar\u0131 tan\u0131m\u0131yorsan\u0131z \u015fa\u015f\u0131rmaya haz\u0131r olun, \u00e7\u00fcnk\u00fc birbirinden ilgin\u00e7 \u00f6zellikleri ve ya\u015fam tarzlar\u0131yla \u00e7e\u015fit \u00e7e\u015fit ar\u0131 tan\u0131yacaks\u0131n\u0131z: kaz\u0131c\u0131lar, madenciler, duvarc\u0131lar, yaprak kesenler, \u00fc\u00e7k\u00e2\u011f\u0131t\u00e7\u0131 guguk ar\u0131lar\u0131 ve daha niceleri. Bu esnada ar\u0131larla ilgili bir\u00e7ok sorunun yan\u0131t\u0131n\u0131 \u00f6\u011freneceksiniz: Ar\u0131lar nas\u0131l ortaya \u00e7\u0131k\u0131p farkl\u0131la\u015ft\u0131? \u00c7i\u00e7eklerle birlikte nas\u0131l evrim ge\u00e7irdiler? \u0130nsan\u0131n evriminde nas\u0131l bir rol oynad\u0131lar? G\u00fcn\u00fcm\u00fczde ar\u0131 n\u00fcfusunu tehdit eden etkenler neler? Ar\u0131lar\u0131n azalmas\u0131 insanlar ve d\u00fcnya ekosistemi i\u00e7in ne anlama geliyor? Ar\u0131s\u0131z bir d\u00fcnya neye benzer? Onlar\u0131 korumak i\u00e7in ne yapabiliriz? \u201cBug\u00fcn geldi\u011fimiz noktada ar\u0131lar\u0131n yard\u0131m\u0131m\u0131za ihtiya\u00e7 duydu\u011funa \u015f\u00fcphe yok,\u201d diyor Hanson. \u201cAma en az onun kadar merak\u0131m\u0131za da ihtiya\u00e7lar\u0131 var. Varl\u0131\u011f\u0131m\u0131zda hayati bir rol \u00fcstlenen bu canl\u0131lar\u0131n tarihini ve biyolojik yap\u0131s\u0131n\u0131 incelemek insan\u0131 kolayca bir ar\u0131 merakl\u0131s\u0131na \u00e7evirebilir, ki elinizdeki kitab\u0131n amac\u0131 da bu asl\u0131na bak\u0131l\u0131rsa.\u201d <\/p>\n","protected":false},"excerpt":{"rendered":"<p>Ar\u0131lar\u0131 bal \u00fcreten, kovanlarda ya\u015fayan, ara s\u0131ra da i\u011fneleriyle bizi sokan canl\u0131lar olarak g\u00f6r\u00fcr\u00fcz \u00e7o\u011funlukla. Oysa bundan \u00e7ok daha fazlas\u0131d\u0131rlar. Yedi\u011fimiz meyve, sebze ve tah\u0131llar\u0131n bir\u00e7o\u011fu<span class=\"excerpt-hellip\"> [\u2026]<\/span><\/p>\n","protected":false},"featured_media":0,"template":"","meta":{"_monsterinsights_skip_tracking":false,"_monsterinsights_sitenote_active":false,"_monsterinsights_sitenote_note":"","_monsterinsights_sitenote_category":0},"product_brand":[],"product_cat":[13005,37328],"product_tag":[],"class_list":{"0":"post-727421","1":"product","2":"type-product","3":"status-publish","5":"product_cat-bilim-muhendislik","6":"product_cat-diger-bilim-muhendislik","7":"pa_cilt-ciltsiz","8":"pa_tur-kitap","9":"pa_yayinevi-metis-yayinlari","10":"pa_yazar-thor-hanson","12":"first","13":"instock","14":"sale","15":"shipping-taxable","16":"purchasable","17":"product-type-simple"},"_links":{"self":[{"href":"https:\/\/roveyayinevi.com.tr\/index.php\/wp-json\/wp\/v2\/product\/727421","targetHints":{"allow":["GET"]}}],"collection":[{"href":"https:\/\/roveyayinevi.com.tr\/index.php\/wp-json\/wp\/v2\/product"}],"about":[{"href":"https:\/\/roveyayinevi.com.tr\/index.php\/wp-json\/wp\/v2\/types\/product"}],"wp:attachment":[{"href":"https:\/\/roveyayinevi.com.tr\/index.php\/wp-json\/wp\/v2\/media?parent=727421"}],"wp:term":[{"taxonomy":"product_brand","embeddable":true,"href":"https:\/\/roveyayinevi.com.tr\/index.php\/wp-json\/wp\/v2\/product_brand?post=727421"},{"taxonomy":"product_cat","embeddable":true,"href":"https:\/\/roveyayinevi.com.tr\/index.php\/wp-json\/wp\/v2\/product_cat?post=727421"},{"taxonomy":"product_tag","embeddable":true,"href":"https:\/\/roveyayinevi.com.tr\/index.php\/wp-json\/wp\/v2\/product_tag?post=727421"}],"curies":[{"name":"wp","href":"https:\/\/api.w.org\/{rel}","templated":true}]}}