{"id":727420,"date":"2025-08-27T20:21:46","date_gmt":"2025-08-27T17:21:46","guid":{"rendered":"https:\/\/roveyayinevi.com.tr\/index.php\/urun\/dogu-masallari\/"},"modified":"2026-04-16T02:35:18","modified_gmt":"2026-04-15T23:35:18","slug":"dogu-masallari","status":"publish","type":"product","link":"https:\/\/roveyayinevi.com.tr\/index.php\/urun\/dogu-masallari\/","title":{"rendered":"Do\u011fu Masallar\u0131"},"content":{"rendered":"<p>Mezopotamya\u2019dan ba\u015flay\u0131p Hindistan\u2019a dek uzanan; ku\u015flar\u0131n kanatlar\u0131nda, s\u00fcvarilerin s\u0131rt\u0131nda diyar diyar gezen, kolektif bilin\u00e7d\u0131\u015f\u0131n\u0131n efsunlu bir eseri olan bu masallar, sade \u201cDo\u011fu\u201dnun de\u011fil t\u00fcm d\u00fcnyan\u0131n g\u00f6rkemli bir anlat\u0131s\u0131. Do\u011fu Masallar\u0131, zengin, karma\u015f\u0131k ve b\u00fcy\u00fcl\u00fc bir k\u00fclt\u00fcrel yap\u0131y\u0131 binlerce y\u0131l boyunca korumay\u0131 ba\u015farm\u0131\u015f bir co\u011frafyada do\u011fdu. Budizm, Hinduizm, \u0130slam ve Zerd\u00fc\u015ftl\u00fck\u2019ten; insanl\u0131\u011f\u0131n en derin korkular\u0131 ile rengarenk arzular\u0131ndan ilham\u0131n\u0131 alan bu masallar, farkl\u0131 inan\u00e7 ve k\u00fclt\u00fcrlerin bin y\u0131llar i\u00e7inde nas\u0131l i\u00e7 i\u00e7e ge\u00e7ti\u011fini ve ortaya \u00f6zg\u00fcn bir ya\u015fay\u0131\u015f \u00e7\u0131kard\u0131\u011f\u0131n\u0131 g\u00f6steren e\u015fsiz bir k\u00fclliyat. Kimi zaman kahraman\u0131n yolculu\u011funun izinde, kimi zaman bu d\u00f6ng\u00fcn\u00fcn d\u0131\u015f\u0131na ta\u015fan; kimi zaman erdemin pe\u015finde, kimi zaman korkunun g\u00f6lgesinde; kimi zaman krallar\u0131n\/krali\u00e7elerin, kimi zaman yoksul halklar\u0131n, kimi zaman insanl\u0131\u011f\u0131n, kimi zaman t\u00fcrl\u00fc mahlukat\u0131n seslerini duyacaks\u0131n\u0131z. Bu kitab\u0131n kapa\u011f\u0131n\u0131 a\u00e7t\u0131\u011f\u0131n\u0131zda masal kap\u0131s\u0131 sizin i\u00e7in aralanacak ve b\u00fcy\u00fcler, dualar, mucizeler, cinler, gulyabaniler ve periler misafiriniz olmaya gelecek. Haz\u0131r m\u0131s\u0131n\u0131z? <\/p>\n","protected":false},"excerpt":{"rendered":"<p>Mezopotamya\u2019dan ba\u015flay\u0131p Hindistan\u2019a dek uzanan; ku\u015flar\u0131n kanatlar\u0131nda, s\u00fcvarilerin s\u0131rt\u0131nda diyar diyar gezen, kolektif bilin\u00e7d\u0131\u015f\u0131n\u0131n efsunlu bir eseri olan bu masallar, sade \u201cDo\u011fu\u201dnun de\u011fil t\u00fcm d\u00fcnyan\u0131n g\u00f6rkemli<span class=\"excerpt-hellip\"> [\u2026]<\/span><\/p>\n","protected":false},"featured_media":0,"template":"","meta":{"_monsterinsights_skip_tracking":false,"_monsterinsights_sitenote_active":false,"_monsterinsights_sitenote_note":"","_monsterinsights_sitenote_category":0},"product_brand":[],"product_cat":[12274,12523],"product_tag":[],"class_list":{"0":"post-727420","1":"product","2":"type-product","3":"status-publish","5":"product_cat-cocuk-ve-genclik-kitaplari","6":"product_cat-masallar","7":"pa_cilt-ciltsiz","8":"pa_tur-kitap","9":"pa_yayinevi-kara-karga-yayinlari","10":"pa_yazar-kara-karga-yayinlari-kolektif","12":"first","13":"instock","14":"sale","15":"shipping-taxable","16":"purchasable","17":"product-type-simple"},"_links":{"self":[{"href":"https:\/\/roveyayinevi.com.tr\/index.php\/wp-json\/wp\/v2\/product\/727420","targetHints":{"allow":["GET"]}}],"collection":[{"href":"https:\/\/roveyayinevi.com.tr\/index.php\/wp-json\/wp\/v2\/product"}],"about":[{"href":"https:\/\/roveyayinevi.com.tr\/index.php\/wp-json\/wp\/v2\/types\/product"}],"wp:attachment":[{"href":"https:\/\/roveyayinevi.com.tr\/index.php\/wp-json\/wp\/v2\/media?parent=727420"}],"wp:term":[{"taxonomy":"product_brand","embeddable":true,"href":"https:\/\/roveyayinevi.com.tr\/index.php\/wp-json\/wp\/v2\/product_brand?post=727420"},{"taxonomy":"product_cat","embeddable":true,"href":"https:\/\/roveyayinevi.com.tr\/index.php\/wp-json\/wp\/v2\/product_cat?post=727420"},{"taxonomy":"product_tag","embeddable":true,"href":"https:\/\/roveyayinevi.com.tr\/index.php\/wp-json\/wp\/v2\/product_tag?post=727420"}],"curies":[{"name":"wp","href":"https:\/\/api.w.org\/{rel}","templated":true}]}}