{"id":727419,"date":"2025-08-27T20:21:44","date_gmt":"2025-08-27T17:21:44","guid":{"rendered":"https:\/\/roveyayinevi.com.tr\/index.php\/urun\/kirmizi-odadan-hikayeler\/"},"modified":"2026-04-16T02:35:18","modified_gmt":"2026-04-15T23:35:18","slug":"kirmizi-odadan-hikayeler","status":"publish","type":"product","link":"https:\/\/roveyayinevi.com.tr\/index.php\/urun\/kirmizi-odadan-hikayeler\/","title":{"rendered":"K\u0131rm\u0131z\u0131 Odadan Hikayeler"},"content":{"rendered":"<p>K\u0131rm\u0131z\u0131 antika \u015famdan konu\u015fmaya ba\u015flarsa ne olur? Sevginin en saf halini hayal etmek nas\u0131l hissettirir? Bir ezgiyle a\u015fk\u0131 bulmak sizi nas\u0131l bir yolculu\u011fa \u00e7\u0131kar\u0131r? Bir detay\u0131 izlemek a\u015fk\u0131 kar\u015f\u0131m\u0131za \u00e7\u0131kar\u0131r m\u0131? Ba\u011flar, hi\u00e7 bitmesin istenilen heyecanlar, rutinler, hayaller, ya\u015fanmam\u0131\u015f tatl\u0131 bir an\u0131ya d\u00f6n\u00fc\u015fenler&#8230; A\u015fka dair en ba\u015f\u0131ndan beri bize ait oldu\u011funu d\u00fc\u015f\u00fcnd\u00fc\u011f\u00fcm\u00fcz pek \u00e7ok \u015feyi, a\u015fk\u0131n t\u00fcrl\u00fc hallerini alegorik anlat\u0131m\u0131yla farkl\u0131 formlarda yeniden kurarak anlatan Alper Sald\u0131ran, bu kez k\u0131rm\u0131z\u0131 odadan sesleniyor ve bizleri kendi i\u00e7 odalar\u0131nda a\u015fk\u0131n pe\u015finde bir yolculu\u011fa \u00e7\u0131kar\u0131yor. <\/p>\n","protected":false},"excerpt":{"rendered":"<p>K\u0131rm\u0131z\u0131 antika \u015famdan konu\u015fmaya ba\u015flarsa ne olur? Sevginin en saf halini hayal etmek nas\u0131l hissettirir? Bir ezgiyle a\u015fk\u0131 bulmak sizi nas\u0131l bir yolculu\u011fa \u00e7\u0131kar\u0131r? Bir detay\u0131<span class=\"excerpt-hellip\"> [\u2026]<\/span><\/p>\n","protected":false},"featured_media":0,"template":"","meta":{"_monsterinsights_skip_tracking":false,"_monsterinsights_sitenote_active":false,"_monsterinsights_sitenote_note":"","_monsterinsights_sitenote_category":0},"product_brand":[],"product_cat":[12291,12711],"product_tag":[],"class_list":{"0":"post-727419","1":"product","2":"type-product","3":"status-publish","5":"product_cat-edebiyat","6":"product_cat-roman-oyku","7":"pa_cilt-ciltsiz","8":"pa_tur-kitap","9":"pa_yayinevi-kara-karga-yayinlari","10":"pa_yazar-alper-saldiran","12":"first","13":"instock","14":"sale","15":"shipping-taxable","16":"purchasable","17":"product-type-simple"},"_links":{"self":[{"href":"https:\/\/roveyayinevi.com.tr\/index.php\/wp-json\/wp\/v2\/product\/727419","targetHints":{"allow":["GET"]}}],"collection":[{"href":"https:\/\/roveyayinevi.com.tr\/index.php\/wp-json\/wp\/v2\/product"}],"about":[{"href":"https:\/\/roveyayinevi.com.tr\/index.php\/wp-json\/wp\/v2\/types\/product"}],"wp:attachment":[{"href":"https:\/\/roveyayinevi.com.tr\/index.php\/wp-json\/wp\/v2\/media?parent=727419"}],"wp:term":[{"taxonomy":"product_brand","embeddable":true,"href":"https:\/\/roveyayinevi.com.tr\/index.php\/wp-json\/wp\/v2\/product_brand?post=727419"},{"taxonomy":"product_cat","embeddable":true,"href":"https:\/\/roveyayinevi.com.tr\/index.php\/wp-json\/wp\/v2\/product_cat?post=727419"},{"taxonomy":"product_tag","embeddable":true,"href":"https:\/\/roveyayinevi.com.tr\/index.php\/wp-json\/wp\/v2\/product_tag?post=727419"}],"curies":[{"name":"wp","href":"https:\/\/api.w.org\/{rel}","templated":true}]}}