{"id":727418,"date":"2025-08-27T20:21:44","date_gmt":"2025-08-27T17:21:44","guid":{"rendered":"https:\/\/roveyayinevi.com.tr\/index.php\/urun\/buyuk-sorular-mutevazi-cevaplar\/"},"modified":"2026-04-16T02:35:18","modified_gmt":"2026-04-15T23:35:18","slug":"buyuk-sorular-mutevazi-cevaplar","status":"publish","type":"product","link":"https:\/\/roveyayinevi.com.tr\/index.php\/urun\/buyuk-sorular-mutevazi-cevaplar\/","title":{"rendered":"B\u00fcy\u00fck Sorular M\u00fctevaz\u0131 Cevaplar"},"content":{"rendered":"<p>Gazeteci-yazar I\u015f\u0131l \u00d6z, bilim d\u00fcnyas\u0131n\u0131n kap\u0131s\u0131 \u00e7al\u0131yor; bilim ve teknoloji ad\u0131na merak edilen, akl\u0131m\u0131zda gezinen ve \u00e7o\u011fu zaman cevab\u0131n\u0131 almaktan korktu\u011fumuz pek \u00e7ok soruya yan\u0131t ar\u0131yor: Krizler ve travmalar hayat\u0131n ka\u00e7\u0131n\u0131lmaz bir par\u00e7as\u0131 m\u0131? \u00c7iftle\u015fme sonucu olu\u015fan yeni robot nesilleri mi yarat\u0131l\u0131yor? Genetik olarak \u2018\u0131rk\u2019 kavram\u0131n\u0131n bir tutarl\u0131l\u0131\u011f\u0131 var m\u0131? DNA\u2019m\u0131z\u0131 de\u011fi\u015ftirebilir miyiz? Z\u0131rva bir fikrin ba\u015far\u0131l\u0131 olmas\u0131 i\u00e7in ne gerekir? Esrar ba\u011f\u0131ml\u0131l\u0131k yapar m\u0131? T\u0131bb\u0131n alternatifi var m\u0131? D\u00fcnyay\u0131 hayvanlar\u0131n g\u00f6z\u00fcyle g\u00f6rebilmek m\u00fcmk\u00fcn m\u00fc? Bir hapla kalp iyile\u015febilir mi? Mutluluk \u00f6\u011frenilebilen bir \u015fey mi? Alan\u0131nda uzman isimlerin kap\u0131s\u0131n\u0131 \u00e7alan I\u015f\u0131l \u00d6z, B\u00fcy\u00fck Sorular, M\u00fctevaz\u0131 Cevaplar\u2019da bilimsel ve teknolojik geli\u015fmelerin akademik ve g\u00fcndelik ya\u015fama etkisi ve merak edilen daha pek \u00e7ok sorunun cevab\u0131n\u0131 ke\u015ffe \u00e7\u0131k\u0131yor. <\/p>\n","protected":false},"excerpt":{"rendered":"<p>Gazeteci-yazar I\u015f\u0131l \u00d6z, bilim d\u00fcnyas\u0131n\u0131n kap\u0131s\u0131 \u00e7al\u0131yor; bilim ve teknoloji ad\u0131na merak edilen, akl\u0131m\u0131zda gezinen ve \u00e7o\u011fu zaman cevab\u0131n\u0131 almaktan korktu\u011fumuz pek \u00e7ok soruya yan\u0131t ar\u0131yor:<span class=\"excerpt-hellip\"> [\u2026]<\/span><\/p>\n","protected":false},"featured_media":0,"template":"","meta":{"_monsterinsights_skip_tracking":false,"_monsterinsights_sitenote_active":false,"_monsterinsights_sitenote_note":"","_monsterinsights_sitenote_category":0},"product_brand":[],"product_cat":[13005,13006],"product_tag":[],"class_list":{"0":"post-727418","1":"product","2":"type-product","3":"status-publish","5":"product_cat-bilim-muhendislik","6":"product_cat-populer-bilim","7":"pa_cilt-ciltsiz","8":"pa_tur-kitap","9":"pa_yayinevi-kara-karga-yayinlari","10":"pa_yazar-isil-oz","12":"first","13":"instock","14":"sale","15":"shipping-taxable","16":"purchasable","17":"product-type-simple"},"_links":{"self":[{"href":"https:\/\/roveyayinevi.com.tr\/index.php\/wp-json\/wp\/v2\/product\/727418","targetHints":{"allow":["GET"]}}],"collection":[{"href":"https:\/\/roveyayinevi.com.tr\/index.php\/wp-json\/wp\/v2\/product"}],"about":[{"href":"https:\/\/roveyayinevi.com.tr\/index.php\/wp-json\/wp\/v2\/types\/product"}],"wp:attachment":[{"href":"https:\/\/roveyayinevi.com.tr\/index.php\/wp-json\/wp\/v2\/media?parent=727418"}],"wp:term":[{"taxonomy":"product_brand","embeddable":true,"href":"https:\/\/roveyayinevi.com.tr\/index.php\/wp-json\/wp\/v2\/product_brand?post=727418"},{"taxonomy":"product_cat","embeddable":true,"href":"https:\/\/roveyayinevi.com.tr\/index.php\/wp-json\/wp\/v2\/product_cat?post=727418"},{"taxonomy":"product_tag","embeddable":true,"href":"https:\/\/roveyayinevi.com.tr\/index.php\/wp-json\/wp\/v2\/product_tag?post=727418"}],"curies":[{"name":"wp","href":"https:\/\/api.w.org\/{rel}","templated":true}]}}