{"id":727416,"date":"2025-08-27T20:21:42","date_gmt":"2025-08-27T17:21:42","guid":{"rendered":"https:\/\/roveyayinevi.com.tr\/index.php\/urun\/cocuklar-gencler-ve-yetiskinler-icin-transaksiyonel-analiz\/"},"modified":"2026-04-16T02:35:18","modified_gmt":"2026-04-15T23:35:18","slug":"cocuklar-gencler-ve-yetiskinler-icin-transaksiyonel-analiz","status":"publish","type":"product","link":"https:\/\/roveyayinevi.com.tr\/index.php\/urun\/cocuklar-gencler-ve-yetiskinler-icin-transaksiyonel-analiz\/","title":{"rendered":"\u00c7ocuklar, Gen\u00e7ler ve Yeti\u015fkinler i\u00e7in Transaksiyonel Analiz"},"content":{"rendered":"<p>Bu kitap; gen\u00e7lere \u00f6z-sayg\u0131 geli\u015ftirme, ba\u015fkalar\u0131na sayg\u0131 duyma, bireysel ve sosyal sorumluluk, ele\u015ftirel d\u00fc\u015f\u00fcnme ve ba\u011f\u0131ms\u0131z karar verme gibi konularda yard\u0131m etmede ideal bir kaynak oldu\u011funu kan\u0131tlam\u0131\u015ft\u0131r. Herkesin \u00f6\u011frenme ve geli\u015fme kapasitesi olan e\u015fsiz bireyler oldu\u011funa inanan bu kitap, d\u00fcnya \u00fczerinde y\u00fczbinlerce evde pop\u00fcler olmas\u0131n\u0131n yan\u0131 s\u0131ra, binlerce s\u0131n\u0131fta d\u00fczenli olarak kullan\u0131lm\u0131\u015ft\u0131r. \u00c7ocuklar, Gen\u00e7ler ve Yeti\u015fkinler i\u00e7in Transaksiyonel Analiz kitab\u0131nda bir\u00e7ok konu geni\u015fletilmi\u015f ve yeni kavramlar tan\u0131t\u0131lm\u0131\u015ft\u0131r. Dr. Freed\u2019in TA for TOTS kitab\u0131nda kulland\u0131\u011f\u0131 ve olduk\u00e7a pop\u00fcler ve yararl\u0131 olmu\u015f, iyi hissettiren olumlu temas iletileri (S\u0131cak Yumo\u015flar) ve k\u00f6t\u00fc hissettiren olumsuz temas iletileri (So\u011fuk Dikenliler) kavramlar\u0131 bu kitapta mevcuttur . Bu kitap \u00f6zellikle 9-14 ya\u015f grubu gen\u00e7ler i\u00e7in idealdir. <\/p>\n","protected":false},"excerpt":{"rendered":"<p>Bu kitap; gen\u00e7lere \u00f6z-sayg\u0131 geli\u015ftirme, ba\u015fkalar\u0131na sayg\u0131 duyma, bireysel ve sosyal sorumluluk, ele\u015ftirel d\u00fc\u015f\u00fcnme ve ba\u011f\u0131ms\u0131z karar verme gibi konularda yard\u0131m etmede ideal bir kaynak oldu\u011funu<span class=\"excerpt-hellip\"> [\u2026]<\/span><\/p>\n","protected":false},"featured_media":0,"template":"","meta":{"_monsterinsights_skip_tracking":false,"_monsterinsights_sitenote_active":false,"_monsterinsights_sitenote_note":"","_monsterinsights_sitenote_category":0},"product_brand":[],"product_cat":[12679,12357],"product_tag":[],"class_list":{"0":"post-727416","1":"product","2":"type-product","3":"status-publish","5":"product_cat-cocuk-psikolojisi","6":"product_cat-psikoloji","7":"pa_cilt-ciltsiz","8":"pa_tur-kitap","9":"pa_yayinevi-serbest-kitaplar","10":"pa_yazar-alvyn-margaret-freed","12":"first","13":"instock","14":"sale","15":"shipping-taxable","16":"purchasable","17":"product-type-simple"},"_links":{"self":[{"href":"https:\/\/roveyayinevi.com.tr\/index.php\/wp-json\/wp\/v2\/product\/727416","targetHints":{"allow":["GET"]}}],"collection":[{"href":"https:\/\/roveyayinevi.com.tr\/index.php\/wp-json\/wp\/v2\/product"}],"about":[{"href":"https:\/\/roveyayinevi.com.tr\/index.php\/wp-json\/wp\/v2\/types\/product"}],"wp:attachment":[{"href":"https:\/\/roveyayinevi.com.tr\/index.php\/wp-json\/wp\/v2\/media?parent=727416"}],"wp:term":[{"taxonomy":"product_brand","embeddable":true,"href":"https:\/\/roveyayinevi.com.tr\/index.php\/wp-json\/wp\/v2\/product_brand?post=727416"},{"taxonomy":"product_cat","embeddable":true,"href":"https:\/\/roveyayinevi.com.tr\/index.php\/wp-json\/wp\/v2\/product_cat?post=727416"},{"taxonomy":"product_tag","embeddable":true,"href":"https:\/\/roveyayinevi.com.tr\/index.php\/wp-json\/wp\/v2\/product_tag?post=727416"}],"curies":[{"name":"wp","href":"https:\/\/api.w.org\/{rel}","templated":true}]}}