{"id":727414,"date":"2025-08-27T20:21:41","date_gmt":"2025-08-27T17:21:41","guid":{"rendered":"https:\/\/roveyayinevi.com.tr\/index.php\/urun\/akl-i-kemal-2-cilt-5-cilt-tek-kitapta\/"},"modified":"2026-04-16T02:35:18","modified_gmt":"2026-04-15T23:35:18","slug":"akl-i-kemal-2-cilt-5-cilt-tek-kitapta","status":"publish","type":"product","link":"https:\/\/roveyayinevi.com.tr\/index.php\/urun\/akl-i-kemal-2-cilt-5-cilt-tek-kitapta\/","title":{"rendered":"Akl-\u0131 Kemal 2. Cilt (5 Cilt Tek Kitapta)"},"content":{"rendered":"<p>Atat\u00fcrk\u2019\u00fcn Ak\u0131ll\u0131 Projeleri O NASIL YAPTI \u00d6TEK\u0130LER NASIL YIKTI? \u201cDevrim ve Kar\u015f\u0131 Devrim\u201d Cumhuriyet mucizesini yaratan \u201cAtat\u00fcrk\u2019\u00fcn Ak\u0131ll\u0131 Projeleri\u201d \u015funlard\u0131r: D\u0130NDE \u00d6ZE D\u00d6N\u00dc\u015e PROJES\u0130 TAR\u0130H VE D\u0130L TEZLER\u0130 PROJES\u0130 Y\u00dcZEN FUAR PROJES\u0130 \u201cKaradeniz: Seyr-i T\u00fcrkiye\u201d MUS\u0130K\u0130 VE SANAT PROJES\u0130 \u00c7A\u011eDA\u015e \u00dcN\u0130VERS\u0130TE PROJES\u0130 \u201cModern E\u011fitim\u201d MODERN ANKARA PROJES\u0130 SA\u011eLIK PROJES\u0130 \u0130NSANLIK PROJES\u0130 \u201cAkl-\u0131 Kemal&#8230; Sinan Meydan\u2019\u0131n, Atat\u00fcrk\u2019\u00fcn ak\u0131ll\u0131 projelerini anlatt\u0131\u011f\u0131 be\u015f ciltlik \u015faheseri&#8230;  Sinan Meydan\u2019\u0131n kitaplar\u0131n\u0131 hediye olarak al\u0131n, evlatlar\u0131n\u0131z\u0131n ba\u015fucuna koyun, onlarla b\u00fcy\u00fcs\u00fcnler. Y\u0131lmaz \u00d6zdil \u201cAtat\u00fcrk ile ilgili \u015fimdiye kadar on binin \u00fczerinde kitap yay\u0131mlanm\u0131\u015ft\u0131r. Ne var ki siyasal ak\u0131l a\u00e7\u0131s\u0131ndan Atat\u00fcrk\u2019\u00fc ele alan ve de\u011ferlendirerek bug\u00fcn\u00fcn Cumhuriyet ku\u015faklar\u0131na aktaran bir kitap yay\u0131mlanmam\u0131\u015ft\u0131r. \u0130\u015fte Sinan Meydan b\u00f6ylesine bir bo\u015flu\u011fu doldururken, \u00f6nemli bir bilimsel \u00e7al\u0131\u015fmay\u0131 T\u00fcrk k\u00fct\u00fcphanelerine kazand\u0131rm\u0131\u015ft\u0131r.\u201d Prof. Dr. An\u0131l \u00c7e\u00e7en <\/p>\n","protected":false},"excerpt":{"rendered":"<p>Atat\u00fcrk\u2019\u00fcn Ak\u0131ll\u0131 Projeleri O NASIL YAPTI \u00d6TEK\u0130LER NASIL YIKTI? \u201cDevrim ve Kar\u015f\u0131 Devrim\u201d Cumhuriyet mucizesini yaratan \u201cAtat\u00fcrk\u2019\u00fcn Ak\u0131ll\u0131 Projeleri\u201d \u015funlard\u0131r: D\u0130NDE \u00d6ZE D\u00d6N\u00dc\u015e PROJES\u0130 TAR\u0130H VE<span class=\"excerpt-hellip\"> [\u2026]<\/span><\/p>\n","protected":false},"featured_media":0,"template":"","meta":{"_monsterinsights_skip_tracking":false,"_monsterinsights_sitenote_active":false,"_monsterinsights_sitenote_note":"","_monsterinsights_sitenote_category":0},"product_brand":[],"product_cat":[12530,12304],"product_tag":[],"class_list":{"0":"post-727414","1":"product","2":"type-product","3":"status-publish","5":"product_cat-mustafa-kemal-ataturk","6":"product_cat-tarih","7":"pa_cilt-ciltsiz","8":"pa_tur-kitap","9":"pa_yayinevi-inkilap-kitabevi","10":"pa_yazar-sinan-meydan","12":"first","13":"instock","14":"sale","15":"shipping-taxable","16":"purchasable","17":"product-type-simple"},"_links":{"self":[{"href":"https:\/\/roveyayinevi.com.tr\/index.php\/wp-json\/wp\/v2\/product\/727414","targetHints":{"allow":["GET"]}}],"collection":[{"href":"https:\/\/roveyayinevi.com.tr\/index.php\/wp-json\/wp\/v2\/product"}],"about":[{"href":"https:\/\/roveyayinevi.com.tr\/index.php\/wp-json\/wp\/v2\/types\/product"}],"wp:attachment":[{"href":"https:\/\/roveyayinevi.com.tr\/index.php\/wp-json\/wp\/v2\/media?parent=727414"}],"wp:term":[{"taxonomy":"product_brand","embeddable":true,"href":"https:\/\/roveyayinevi.com.tr\/index.php\/wp-json\/wp\/v2\/product_brand?post=727414"},{"taxonomy":"product_cat","embeddable":true,"href":"https:\/\/roveyayinevi.com.tr\/index.php\/wp-json\/wp\/v2\/product_cat?post=727414"},{"taxonomy":"product_tag","embeddable":true,"href":"https:\/\/roveyayinevi.com.tr\/index.php\/wp-json\/wp\/v2\/product_tag?post=727414"}],"curies":[{"name":"wp","href":"https:\/\/api.w.org\/{rel}","templated":true}]}}