{"id":727412,"date":"2025-08-27T20:21:40","date_gmt":"2025-08-27T17:21:40","guid":{"rendered":"https:\/\/roveyayinevi.com.tr\/index.php\/urun\/ne-dusundugunu-biliyorum\/"},"modified":"2025-12-30T10:34:19","modified_gmt":"2025-12-30T07:34:19","slug":"ne-dusundugunu-biliyorum","status":"publish","type":"product","link":"https:\/\/roveyayinevi.com.tr\/index.php\/urun\/ne-dusundugunu-biliyorum\/","title":{"rendered":"Ne D\u00fc\u015f\u00fcnd\u00fc\u011f\u00fcn\u00fc Biliyorum"},"content":{"rendered":"<p>\u0130nsanlar Nas\u0131l Yalan S\u00f6yler Ve Nas\u0131l Yakalan\u0131rlar. Paul Ekman, 20 Y\u0131ll\u0131k Bilimsel \u00c7al\u0131\u015fmas\u0131n\u0131n Sonucunu Sizlerle Payla\u015f\u0131yor. Paul Ekman\u2019\u0131n Ne D\u00fc\u015f\u00fcnd\u00fc\u011f\u00fcn\u00fc Biliyorum adl\u0131 kitab\u0131 hem ara\u015ft\u0131rmac\u0131lar\u0131n hem de ileti\u015fim konusunda uzman olmayan ki\u015filerin rahatl\u0131kla kullanabilece\u011fi a\u00e7\u0131k, do\u011fru, itinal\u0131 ve profesyonelce haz\u0131rlanm\u0131\u015f bir \u00e7al\u0131\u015fmad\u0131r. Ekman insanlar\u0131n neden ve nas\u0131l yalan s\u00f6ylediklerini, baz\u0131lar\u0131n\u0131n bu konuda ba\u015far\u0131l\u0131 olurken, neden di\u011ferlerinin olamad\u0131\u011f\u0131n\u0131, kimileri yalan\u0131 sezmekte yeteneksizken, kimilerinin ne kadar yetenekli oldu\u011funu, aldatmada hangi belirtilerin g\u00fcvenilir oldu\u011funu ve hangilerinin olmad\u0131\u011f\u0131n\u0131 a\u00e7\u0131kl\u0131yor. Elde etti\u011fi verileri, bilimsel \u00e7al\u0131\u015fmalar ile edebiyat, g\u00fcndelik ya\u015fam ve politikadan se\u00e7ti\u011fi a\u00e7\u0131klay\u0131c\u0131 \u00f6rneklerle resmediyor.Ses tonu, beden dili ve y\u00fcz ifadeleri o ki\u015finin yalan s\u00f6yledi\u011fini i\u015faret ederken, nas\u0131l olur da yarg\u0131\u00e7lar, polisler ve hatta istihbarat ajanlar\u0131 gibi profesyoneller yalana kanabilirler. Ekman, aldatma belirtilerini zekice kullanma meselesini hak etti\u011fi ciddiyetle ele al\u0131yor.Lie To Me adl\u0131 \u00fcnl\u00fc Amerikan dizisinin perde arkas\u0131nda, yazar\u0131n bu \u00e7al\u0131\u015fmas\u0131nda yer verdi\u011fi bilimsel y\u00f6ntemler kullan\u0131lmaktad\u0131r. Ekman, TIME dergisi taraf\u0131ndan 2009\u2019un en etkin 100 insan\u0131ndan biri se\u00e7ilmi\u015ftir.Bir psikoloji profes\u00f6r\u00fc olarak Ekman, ara\u015ft\u0131rmalar\u0131n\u0131 ve bilimsel verilerle kar\u015f\u0131la\u015ft\u0131rd\u0131\u011f\u0131 kendi bulgular\u0131n\u0131 kitap haline getirerek daha geni\u015f kitlelere seslenmeyi ba\u015farm\u0131\u015ft\u0131r.- Kirkus Reviews &#8211;<\/p>\n","protected":false},"excerpt":{"rendered":"<p>\u0130nsanlar Nas\u0131l Yalan S\u00f6yler Ve Nas\u0131l Yakalan\u0131rlar. Paul Ekman, 20 Y\u0131ll\u0131k Bilimsel \u00c7al\u0131\u015fmas\u0131n\u0131n Sonucunu Sizlerle Payla\u015f\u0131yor. Paul Ekman\u2019\u0131n Ne D\u00fc\u015f\u00fcnd\u00fc\u011f\u00fcn\u00fc Biliyorum adl\u0131 kitab\u0131 hem ara\u015ft\u0131rmac\u0131lar\u0131n hem<span class=\"excerpt-hellip\"> [\u2026]<\/span><\/p>\n","protected":false},"featured_media":0,"template":"","meta":{"_monsterinsights_skip_tracking":false,"_monsterinsights_sitenote_active":false,"_monsterinsights_sitenote_note":"","_monsterinsights_sitenote_category":0},"product_brand":[],"product_cat":[12364,12376],"product_tag":[],"class_list":{"0":"post-727412","1":"product","2":"type-product","3":"status-publish","5":"product_cat-genel-konular","6":"product_cat-kisisel-gelisim","7":"pa_cilt-ciltsiz","8":"pa_tur-kitap","9":"pa_yayinevi-diyojen-yayincilik","10":"pa_yazar-paul-ekman","12":"first","13":"instock","14":"sale","15":"shipping-taxable","16":"purchasable","17":"product-type-simple"},"_links":{"self":[{"href":"https:\/\/roveyayinevi.com.tr\/index.php\/wp-json\/wp\/v2\/product\/727412","targetHints":{"allow":["GET"]}}],"collection":[{"href":"https:\/\/roveyayinevi.com.tr\/index.php\/wp-json\/wp\/v2\/product"}],"about":[{"href":"https:\/\/roveyayinevi.com.tr\/index.php\/wp-json\/wp\/v2\/types\/product"}],"wp:attachment":[{"href":"https:\/\/roveyayinevi.com.tr\/index.php\/wp-json\/wp\/v2\/media?parent=727412"}],"wp:term":[{"taxonomy":"product_brand","embeddable":true,"href":"https:\/\/roveyayinevi.com.tr\/index.php\/wp-json\/wp\/v2\/product_brand?post=727412"},{"taxonomy":"product_cat","embeddable":true,"href":"https:\/\/roveyayinevi.com.tr\/index.php\/wp-json\/wp\/v2\/product_cat?post=727412"},{"taxonomy":"product_tag","embeddable":true,"href":"https:\/\/roveyayinevi.com.tr\/index.php\/wp-json\/wp\/v2\/product_tag?post=727412"}],"curies":[{"name":"wp","href":"https:\/\/api.w.org\/{rel}","templated":true}]}}