{"id":727409,"date":"2025-08-27T20:21:37","date_gmt":"2025-08-27T17:21:37","guid":{"rendered":"https:\/\/roveyayinevi.com.tr\/index.php\/urun\/maymun-yili-ciltli\/"},"modified":"2026-04-16T02:35:17","modified_gmt":"2026-04-15T23:35:17","slug":"maymun-yili-ciltli","status":"publish","type":"product","link":"https:\/\/roveyayinevi.com.tr\/index.php\/urun\/maymun-yili-ciltli\/","title":{"rendered":"Maymun Y\u0131l\u0131 (Ciltli)"},"content":{"rendered":"<p>Patti Smith, San Francisco\u2019nun efsanevi konser salonu Fillmore\u2019daki yeni y\u0131l konserlerinin ard\u0131ndan, kendini Santa Cruz sahilinde aylakl\u0131k yaparken bulur. Tek ba\u015f\u0131na dola\u015faca\u011f\u0131 bir y\u0131l\u0131n e\u015fi\u011findedir. Bir sebep ya da s\u00fcreyle k\u0131s\u0131tlanmadan, kendi harikalar diyar\u0131na g\u00f6t\u00fcr\u00fcr bizi. Bir plandan \u00e7ok polaroid kameras\u0131 ve tabelalar vard\u0131r burada. \u015eubat ay\u0131nda, ger\u00e7ek\u00fcst\u00fc bir ay y\u0131l\u0131n\u0131n ba\u015flamas\u0131yla, beklenmedik de\u011fi\u015fiklikler olacak, ortal\u0131k kar\u0131\u015facak ve keder ka\u00e7\u0131n\u0131lmaz hale gelecektir. Bir yabanc\u0131n\u0131n dedi\u011fi gibi, \u201cHer \u015fey m\u00fcmk\u00fcn. Ne de olsa bu y\u0131l Maymun Y\u0131l\u0131.\u201d S\u00fcrekli ke\u015ffeden, d\u00fc\u015f\u00fcnen, yazan, m\u00fczmin merakl\u0131 Smith i\u00e7in maymun y\u0131l\u0131, ya\u015fam\u0131n girdab\u0131ndaki de\u011fi\u015fimlerle \u2013verilen kay\u0131plar, ilerleyen ya\u015f ve Amerika\u2019n\u0131n dramatik siyasi iklimi\u2013 bir d\u00f6n\u00fcm noktas\u0131 olacakt\u0131r. Smith\u2019in kendine has polaroidleriyle s\u00fcslenen, s\u00fcr\u00fckleyici, zarif ve \u00e7o\u011fu zaman da n\u00fcktedan bir kitap Maymun Y\u0131l\u0131; i\u00e7inde ya\u015fad\u0131\u011f\u0131m\u0131z \u00e7alkant\u0131l\u0131 g\u00fcnler i\u00e7in adeta bir mihenk ta\u015f\u0131. \u201cHayaller, sevgi ve k\u0131r\u0131k d\u00f6k\u00fck ger\u00e7eklerin tamiri \u00fczerine senfonik bir ke\u015fif.\u201d  MARIA POPOVA, BRAIN PICKINGS \u201cSihirli.\u201d GUARDIAN \u201cMuhte\u015fem.\u201d NEW YORK TIMES <\/p>\n","protected":false},"excerpt":{"rendered":"<p>Patti Smith, San Francisco\u2019nun efsanevi konser salonu Fillmore\u2019daki yeni y\u0131l konserlerinin ard\u0131ndan, kendini Santa Cruz sahilinde aylakl\u0131k yaparken bulur. Tek ba\u015f\u0131na dola\u015faca\u011f\u0131 bir y\u0131l\u0131n e\u015fi\u011findedir. Bir<span class=\"excerpt-hellip\"> [\u2026]<\/span><\/p>\n","protected":false},"featured_media":0,"template":"","meta":{"_monsterinsights_skip_tracking":false,"_monsterinsights_sitenote_active":false,"_monsterinsights_sitenote_note":"","_monsterinsights_sitenote_category":0},"product_brand":[],"product_cat":[12291,12711],"product_tag":[],"class_list":{"0":"post-727409","1":"product","2":"type-product","3":"status-publish","5":"product_cat-edebiyat","6":"product_cat-roman-oyku","7":"pa_cilt-ciltli","8":"pa_tur-kitap","9":"pa_yayinevi-domingo-yayinevi","10":"pa_yazar-patti-smith","12":"first","13":"instock","14":"sale","15":"shipping-taxable","16":"purchasable","17":"product-type-simple"},"_links":{"self":[{"href":"https:\/\/roveyayinevi.com.tr\/index.php\/wp-json\/wp\/v2\/product\/727409","targetHints":{"allow":["GET"]}}],"collection":[{"href":"https:\/\/roveyayinevi.com.tr\/index.php\/wp-json\/wp\/v2\/product"}],"about":[{"href":"https:\/\/roveyayinevi.com.tr\/index.php\/wp-json\/wp\/v2\/types\/product"}],"wp:attachment":[{"href":"https:\/\/roveyayinevi.com.tr\/index.php\/wp-json\/wp\/v2\/media?parent=727409"}],"wp:term":[{"taxonomy":"product_brand","embeddable":true,"href":"https:\/\/roveyayinevi.com.tr\/index.php\/wp-json\/wp\/v2\/product_brand?post=727409"},{"taxonomy":"product_cat","embeddable":true,"href":"https:\/\/roveyayinevi.com.tr\/index.php\/wp-json\/wp\/v2\/product_cat?post=727409"},{"taxonomy":"product_tag","embeddable":true,"href":"https:\/\/roveyayinevi.com.tr\/index.php\/wp-json\/wp\/v2\/product_tag?post=727409"}],"curies":[{"name":"wp","href":"https:\/\/api.w.org\/{rel}","templated":true}]}}