{"id":727408,"date":"2025-08-27T20:21:36","date_gmt":"2025-08-27T17:21:36","guid":{"rendered":"https:\/\/roveyayinevi.com.tr\/index.php\/urun\/hatirla-3\/"},"modified":"2026-04-16T02:35:17","modified_gmt":"2026-04-15T23:35:17","slug":"hatirla-3","status":"publish","type":"product","link":"https:\/\/roveyayinevi.com.tr\/index.php\/urun\/hatirla-3\/","title":{"rendered":"Hat\u0131rla"},"content":{"rendered":"<p>Bir \u201cimparator,\u201d bir \u201cdiktat\u00f6r,\u201d bir \u201cfabrikat\u00f6r\u201d ve bir \u201cmatador\u201dun nas\u0131l bir ba\u011flant\u0131s\u0131 var? \u201cK\u0131sa\u201d kelimesi, ger\u00e7ekten k\u0131sa m\u0131d\u0131r? T\u00fcrkiye, Peru, Hindistan, Portekiz ve Amerika nas\u0131l bir krizin(!) i\u00e7inde? Hi\u00e7 \u00e7akt\u0131rmadan anlam de\u011fi\u015fmesine u\u011frayan s\u00f6zc\u00fckler hangileridir? \u00d6zel isimler nas\u0131l cins isimlere d\u00f6n\u00fc\u015f\u00fcp g\u00fcnl\u00fck hayat\u0131m\u0131za sirayet etti? \u201cTornavida\u201d s\u00f6zc\u00fc\u011f\u00fc \u201cturn a vida\u201d kal\u0131b\u0131ndan m\u0131 t\u00fcremi\u015ftir? Mitolojilerden dillere yay\u0131lan ve s\u0131kl\u0131kla kullan\u0131lan kelimeler nelerdir? \u201cBukalemun\u201d ile \u201caslan\u201d aras\u0131nda nas\u0131l bir m\u00fcnasebet olabilir ki? 12 Hayvanl\u0131 T\u00fcrk Takvimi\u2019ne g\u00f6re y\u0131llar\u0131n \u00f6zellikleri nelerdir? Cengiz Han ve Camuka, Milano\u2019da hangi \u201crestoran\u201da gitti? Ampul, brokoli ve sel\u00fclit aras\u0131ndaki ili\u015fki nedir? Dilimize yer etmi\u015f yabanc\u0131 k\u00f6kenli y\u00fczlerce T\u00fcrk\u00e7ele\u015fmi\u015f kelimenin yer ald\u0131\u011f\u0131 bu etimolojik macerada kendinizi bir seyyah gibi hissedeceksiniz. Atlar\u0131 ba\u011flay\u0131n, geceyi burada ge\u00e7iriyoruz.<\/p>\n","protected":false},"excerpt":{"rendered":"<p>Bir \u201cimparator,\u201d bir \u201cdiktat\u00f6r,\u201d bir \u201cfabrikat\u00f6r\u201d ve bir \u201cmatador\u201dun nas\u0131l bir ba\u011flant\u0131s\u0131 var? \u201cK\u0131sa\u201d kelimesi, ger\u00e7ekten k\u0131sa m\u0131d\u0131r? T\u00fcrkiye, Peru, Hindistan, Portekiz ve Amerika nas\u0131l bir<span class=\"excerpt-hellip\"> [\u2026]<\/span><\/p>\n","protected":false},"featured_media":0,"template":"","meta":{"_monsterinsights_skip_tracking":false,"_monsterinsights_sitenote_active":false,"_monsterinsights_sitenote_note":"","_monsterinsights_sitenote_category":0},"product_brand":[],"product_cat":[13072,12291],"product_tag":[],"class_list":{"0":"post-727408","1":"product","2":"type-product","3":"status-publish","5":"product_cat-arastirma-inceleme-referans","6":"product_cat-edebiyat","7":"pa_cilt-ciltsiz","8":"pa_tur-kitap","9":"pa_yayinevi-otuken-nesriyat","10":"pa_yazar-alp-paksoy","12":"first","13":"instock","14":"sale","15":"shipping-taxable","16":"purchasable","17":"product-type-simple"},"_links":{"self":[{"href":"https:\/\/roveyayinevi.com.tr\/index.php\/wp-json\/wp\/v2\/product\/727408","targetHints":{"allow":["GET"]}}],"collection":[{"href":"https:\/\/roveyayinevi.com.tr\/index.php\/wp-json\/wp\/v2\/product"}],"about":[{"href":"https:\/\/roveyayinevi.com.tr\/index.php\/wp-json\/wp\/v2\/types\/product"}],"wp:attachment":[{"href":"https:\/\/roveyayinevi.com.tr\/index.php\/wp-json\/wp\/v2\/media?parent=727408"}],"wp:term":[{"taxonomy":"product_brand","embeddable":true,"href":"https:\/\/roveyayinevi.com.tr\/index.php\/wp-json\/wp\/v2\/product_brand?post=727408"},{"taxonomy":"product_cat","embeddable":true,"href":"https:\/\/roveyayinevi.com.tr\/index.php\/wp-json\/wp\/v2\/product_cat?post=727408"},{"taxonomy":"product_tag","embeddable":true,"href":"https:\/\/roveyayinevi.com.tr\/index.php\/wp-json\/wp\/v2\/product_tag?post=727408"}],"curies":[{"name":"wp","href":"https:\/\/api.w.org\/{rel}","templated":true}]}}