{"id":727407,"date":"2025-08-27T20:21:35","date_gmt":"2025-08-27T17:21:35","guid":{"rendered":"https:\/\/roveyayinevi.com.tr\/index.php\/urun\/aysenin-kilimleri\/"},"modified":"2026-04-16T02:35:17","modified_gmt":"2026-04-15T23:35:17","slug":"aysenin-kilimleri","status":"publish","type":"product","link":"https:\/\/roveyayinevi.com.tr\/index.php\/urun\/aysenin-kilimleri\/","title":{"rendered":"Ay\u015fe&#8217;nin Kilimleri"},"content":{"rendered":"<p>Ay\u015fe&#8217;nin annesi kilim dokuyor. Annesinin annesi, hatta onun annesi de \u00f6yle. K\u00f6kleri renge, desenleri kelimelere d\u00f6n\u00fc\u015ft\u00fcren, kendi dili ve m\u00fczi\u011fi olan sihirli bir d\u00fcnya bu. Ay\u015fe bu bilmece gibi dili \u00f6\u011frenebilecek ve bu sihrin s\u0131rr\u0131n\u0131 \u00e7\u00f6zebilecek mi? Sevtap Sar\u0131ca&#8217;n\u0131n yaz\u0131p resimledi\u011fi Ay\u015fe&#8217;nin Kilimleri&#8217;nde Anadolulu k\u00fc\u00e7\u00fck bir k\u0131z\u0131n b\u00fcy\u00fcme \u00f6yk\u00fcs\u00fc bekliyor sizi.<\/p>\n","protected":false},"excerpt":{"rendered":"<p>Ay\u015fe&#8217;nin annesi kilim dokuyor. Annesinin annesi, hatta onun annesi de \u00f6yle. K\u00f6kleri renge, desenleri kelimelere d\u00f6n\u00fc\u015ft\u00fcren, kendi dili ve m\u00fczi\u011fi olan sihirli bir d\u00fcnya bu. Ay\u015fe<span class=\"excerpt-hellip\"> [\u2026]<\/span><\/p>\n","protected":false},"featured_media":0,"template":"","meta":{"_monsterinsights_skip_tracking":false,"_monsterinsights_sitenote_active":false,"_monsterinsights_sitenote_note":"","_monsterinsights_sitenote_category":0},"product_brand":[],"product_cat":[12274,12518],"product_tag":[],"class_list":{"0":"post-727407","1":"product","2":"type-product","3":"status-publish","5":"product_cat-cocuk-ve-genclik-kitaplari","6":"product_cat-okul-oncesi-kitaplar","7":"pa_cilt-ciltsiz","8":"pa_tur-kitap","9":"pa_yayinevi-nesin-yayinlari","10":"pa_yazar-sevtap-sarica","12":"first","13":"instock","14":"sale","15":"shipping-taxable","16":"purchasable","17":"product-type-simple"},"_links":{"self":[{"href":"https:\/\/roveyayinevi.com.tr\/index.php\/wp-json\/wp\/v2\/product\/727407","targetHints":{"allow":["GET"]}}],"collection":[{"href":"https:\/\/roveyayinevi.com.tr\/index.php\/wp-json\/wp\/v2\/product"}],"about":[{"href":"https:\/\/roveyayinevi.com.tr\/index.php\/wp-json\/wp\/v2\/types\/product"}],"wp:attachment":[{"href":"https:\/\/roveyayinevi.com.tr\/index.php\/wp-json\/wp\/v2\/media?parent=727407"}],"wp:term":[{"taxonomy":"product_brand","embeddable":true,"href":"https:\/\/roveyayinevi.com.tr\/index.php\/wp-json\/wp\/v2\/product_brand?post=727407"},{"taxonomy":"product_cat","embeddable":true,"href":"https:\/\/roveyayinevi.com.tr\/index.php\/wp-json\/wp\/v2\/product_cat?post=727407"},{"taxonomy":"product_tag","embeddable":true,"href":"https:\/\/roveyayinevi.com.tr\/index.php\/wp-json\/wp\/v2\/product_tag?post=727407"}],"curies":[{"name":"wp","href":"https:\/\/api.w.org\/{rel}","templated":true}]}}