{"id":727406,"date":"2025-08-27T20:21:34","date_gmt":"2025-08-27T17:21:34","guid":{"rendered":"https:\/\/roveyayinevi.com.tr\/index.php\/urun\/gonulden-dile\/"},"modified":"2026-04-16T02:35:17","modified_gmt":"2026-04-15T23:35:17","slug":"gonulden-dile","status":"publish","type":"product","link":"https:\/\/roveyayinevi.com.tr\/index.php\/urun\/gonulden-dile\/","title":{"rendered":"G\u00f6n\u00fclden Dile"},"content":{"rendered":"<p>\u015eairlik b\u00fcy\u00fck bir \u00f6zveri gerektirir, ben \u015fairim demiyorum lakin ya\u015fad\u0131klar\u0131m, h\u00fczn\u00fcm , ne\u015fem, sevdam, hasretim ve sitemim \u015fiir oldu na\u00e7izane d\u00f6k\u00fcld\u00fc g\u00f6n\u00fclden dile G\u00d6N\u00dcLDEN D\u0130LE Vefas\u0131z bir y\u00e2re verdim g\u00f6nl\u00fcm\u00fcHeder ettim \u015fu gencecik \u00f6mr\u00fcm\u00fcTa\u015f\u0131yamaz oldum sevda y\u00fck\u00fcm\u00fcDertlerim d\u00f6k\u00fcld\u00fc g\u00f6n\u00fclden dile. Mecnun oldum bir Leylaya aldand\u0131mO vefas\u0131z y\u00e2re kand\u0131m inand\u0131mBu kuru sevdaya yand\u0131m ha yand\u0131mS\u0131rlar\u0131m d\u00f6k\u00fcld\u00fc g\u00f6n\u00fclden dile. A\u015f\u0131k olan s\u00f6yler g\u00f6n\u00fcl telinden Neler \u00e7ektim ben bu a\u015fk\u0131n elindenYaral\u0131d\u0131r g\u00f6nl\u00fcm bin bir yerindenS\u00f6zlerim d\u00f6k\u00fcld\u00fc g\u00f6n\u00fclden dile. Ahir \u00f6mr\u00fcm i\u015fte geldi ge\u00e7iyorO zalim y\u00e2r hi\u00e7 derdimi bilmiyorAkar g\u00f6zya\u015flar\u0131m bir an dinmiyorG\u00f6zya\u015f\u0131m d\u00f6k\u00fcld\u00fc g\u00f6n\u00fclden dile. Bir y\u00e2rin hasreti yanar g\u00f6z\u00fcmde Onsuz yalan d\u00fcnya bo\u015ftur g\u00f6z\u00fcmde Ayr\u0131l\u0131k h\u00fcz\u00fcn var her bir s\u00f6z\u00fcmde Dertlerim d\u00f6k\u00fcld\u00fc g\u00f6n\u00fclden dile \u015eAH\u0130N\u2019 im ismini da\u011flara yazd\u0131mYetmedi vefas\u0131z g\u00f6nl\u00fcme kazd\u0131mA\u011fl\u0131yor telleri,  k\u0131r\u0131ld\u0131 saz\u0131mN\u00e2meler d\u00f6k\u00fcld\u00fc g\u00f6n\u00fclden dile. <\/p>\n","protected":false},"excerpt":{"rendered":"<p>\u015eairlik b\u00fcy\u00fck bir \u00f6zveri gerektirir, ben \u015fairim demiyorum lakin ya\u015fad\u0131klar\u0131m, h\u00fczn\u00fcm , ne\u015fem, sevdam, hasretim ve sitemim \u015fiir oldu na\u00e7izane d\u00f6k\u00fcld\u00fc g\u00f6n\u00fclden dile G\u00d6N\u00dcLDEN D\u0130LE Vefas\u0131z<span class=\"excerpt-hellip\"> [\u2026]<\/span><\/p>\n","protected":false},"featured_media":0,"template":"","meta":{"_monsterinsights_skip_tracking":false,"_monsterinsights_sitenote_active":false,"_monsterinsights_sitenote_note":"","_monsterinsights_sitenote_category":0},"product_brand":[],"product_cat":[12291,12509],"product_tag":[],"class_list":{"0":"post-727406","1":"product","2":"type-product","3":"status-publish","5":"product_cat-edebiyat","6":"product_cat-siir","7":"pa_cilt-ciltsiz","8":"pa_tur-kitap","9":"pa_yayinevi-gulnar-yayinlari","10":"pa_yazar-rustem-sahin","12":"first","13":"instock","14":"sale","15":"shipping-taxable","16":"purchasable","17":"product-type-simple"},"_links":{"self":[{"href":"https:\/\/roveyayinevi.com.tr\/index.php\/wp-json\/wp\/v2\/product\/727406","targetHints":{"allow":["GET"]}}],"collection":[{"href":"https:\/\/roveyayinevi.com.tr\/index.php\/wp-json\/wp\/v2\/product"}],"about":[{"href":"https:\/\/roveyayinevi.com.tr\/index.php\/wp-json\/wp\/v2\/types\/product"}],"wp:attachment":[{"href":"https:\/\/roveyayinevi.com.tr\/index.php\/wp-json\/wp\/v2\/media?parent=727406"}],"wp:term":[{"taxonomy":"product_brand","embeddable":true,"href":"https:\/\/roveyayinevi.com.tr\/index.php\/wp-json\/wp\/v2\/product_brand?post=727406"},{"taxonomy":"product_cat","embeddable":true,"href":"https:\/\/roveyayinevi.com.tr\/index.php\/wp-json\/wp\/v2\/product_cat?post=727406"},{"taxonomy":"product_tag","embeddable":true,"href":"https:\/\/roveyayinevi.com.tr\/index.php\/wp-json\/wp\/v2\/product_tag?post=727406"}],"curies":[{"name":"wp","href":"https:\/\/api.w.org\/{rel}","templated":true}]}}