{"id":727405,"date":"2025-08-27T20:21:33","date_gmt":"2025-08-27T17:21:33","guid":{"rendered":"https:\/\/roveyayinevi.com.tr\/index.php\/urun\/ahde-vefa\/"},"modified":"2026-04-16T02:35:17","modified_gmt":"2026-04-15T23:35:17","slug":"ahde-vefa","status":"publish","type":"product","link":"https:\/\/roveyayinevi.com.tr\/index.php\/urun\/ahde-vefa\/","title":{"rendered":"Ahde Vefa"},"content":{"rendered":"<p>Bu g\u00fcne kadar yolumun kesi\u015fti\u011fi her can y\u00fcre\u011fimde bir \u015fekilde iz b\u0131rakt\u0131.Yazd\u0131\u011f\u0131m her sat\u0131rda dostlar\u0131mdan, arkada\u015flar\u0131mdan hi\u00e7 silinmeyecek izler var.Ahde VefaSeni asla diyen b\u00fct\u00fcn s\u00f6zlereAn\u0131lara giden yola izlere\u015eimdi bakt\u0131\u011f\u0131n yeni y\u00fczlereEsefle y\u00fcz\u00fcm\u00fc d\u00f6nd\u00fcr\u00fcyorum.Arada bir \u0131\u015f\u0131k yansa d\u00fc\u015f\u00fcmdeBir \u015fiir, \u015fark\u0131da ba\u015fka bi\u00e7imdeHafif bir s\u0131cakl\u0131k olsa i\u00e7imdeKorkuyor su d\u00f6k\u00fcp s\u00f6nd\u00fcr\u00fcyorum.\u0130nan\u00e7 dallar\u0131m\u0131 k\u0131rd\u0131n k\u0131ral\u0131Bir h\u00fcz\u00fcn bulutu gitmez bural\u0131Bo\u011faz\u0131ma yumruk durdu dural\u0131Ne\u015fterle yarama sald\u0131r\u0131yorum.Kim yalanc\u0131 se\u00e7ilmiyor kim ger\u00e7ekG\u00f6zlerimde sanki sisli bir mercek\u0130nsan ahde vefa bilinceye dek.A\u015fk\u0131 sevday\u0131 da \u00f6ld\u00fcr\u00fcyorum.<\/p>\n","protected":false},"excerpt":{"rendered":"<p>Bu g\u00fcne kadar yolumun kesi\u015fti\u011fi her can y\u00fcre\u011fimde bir \u015fekilde iz b\u0131rakt\u0131.Yazd\u0131\u011f\u0131m her sat\u0131rda dostlar\u0131mdan, arkada\u015flar\u0131mdan hi\u00e7 silinmeyecek izler var.Ahde VefaSeni asla diyen b\u00fct\u00fcn s\u00f6zlereAn\u0131lara giden<span class=\"excerpt-hellip\"> [\u2026]<\/span><\/p>\n","protected":false},"featured_media":0,"template":"","meta":{"_monsterinsights_skip_tracking":false,"_monsterinsights_sitenote_active":false,"_monsterinsights_sitenote_note":"","_monsterinsights_sitenote_category":0},"product_brand":[],"product_cat":[12291,12509],"product_tag":[],"class_list":{"0":"post-727405","1":"product","2":"type-product","3":"status-publish","5":"product_cat-edebiyat","6":"product_cat-siir","7":"pa_cilt-ciltsiz","8":"pa_tur-kitap","9":"pa_yayinevi-gulnar-yayinlari","10":"pa_yazar-hulya-onder","12":"first","13":"instock","14":"sale","15":"shipping-taxable","16":"purchasable","17":"product-type-simple"},"_links":{"self":[{"href":"https:\/\/roveyayinevi.com.tr\/index.php\/wp-json\/wp\/v2\/product\/727405","targetHints":{"allow":["GET"]}}],"collection":[{"href":"https:\/\/roveyayinevi.com.tr\/index.php\/wp-json\/wp\/v2\/product"}],"about":[{"href":"https:\/\/roveyayinevi.com.tr\/index.php\/wp-json\/wp\/v2\/types\/product"}],"wp:attachment":[{"href":"https:\/\/roveyayinevi.com.tr\/index.php\/wp-json\/wp\/v2\/media?parent=727405"}],"wp:term":[{"taxonomy":"product_brand","embeddable":true,"href":"https:\/\/roveyayinevi.com.tr\/index.php\/wp-json\/wp\/v2\/product_brand?post=727405"},{"taxonomy":"product_cat","embeddable":true,"href":"https:\/\/roveyayinevi.com.tr\/index.php\/wp-json\/wp\/v2\/product_cat?post=727405"},{"taxonomy":"product_tag","embeddable":true,"href":"https:\/\/roveyayinevi.com.tr\/index.php\/wp-json\/wp\/v2\/product_tag?post=727405"}],"curies":[{"name":"wp","href":"https:\/\/api.w.org\/{rel}","templated":true}]}}