{"id":727401,"date":"2025-08-27T20:21:31","date_gmt":"2025-08-27T17:21:31","guid":{"rendered":"https:\/\/roveyayinevi.com.tr\/index.php\/urun\/toksik-orgutler-toksik-yonetici-davranislarinin-etkisi-uzerine-bir-arastirma\/"},"modified":"2026-04-16T02:35:17","modified_gmt":"2026-04-15T23:35:17","slug":"toksik-orgutler-toksik-yonetici-davranislarinin-etkisi-uzerine-bir-arastirma","status":"publish","type":"product","link":"https:\/\/roveyayinevi.com.tr\/index.php\/urun\/toksik-orgutler-toksik-yonetici-davranislarinin-etkisi-uzerine-bir-arastirma\/","title":{"rendered":"Toksik \u00d6rg\u00fctler, Toksik Y\u00f6netici Davran\u0131\u015flar\u0131n\u0131n Etkisi \u00dczerine Bir Ara\u015ft\u0131rma"},"content":{"rendered":"<p>Toksik \u00d6rg\u00fctler, Toksik Y\u00f6netici Davran\u0131\u015flar\u0131n\u0131n Etkisi \u00dczerine Bir Ara\u015ft\u0131rma.<\/p>\n","protected":false},"excerpt":{"rendered":"<p>Toksik \u00d6rg\u00fctler, Toksik Y\u00f6netici Davran\u0131\u015flar\u0131n\u0131n Etkisi \u00dczerine Bir Ara\u015ft\u0131rma.<\/p>\n","protected":false},"featured_media":0,"template":"","meta":{"_monsterinsights_skip_tracking":false,"_monsterinsights_sitenote_active":false,"_monsterinsights_sitenote_note":"","_monsterinsights_sitenote_category":0},"product_brand":[],"product_cat":[13043,19008],"product_tag":[],"class_list":{"0":"post-727401","1":"product","2":"type-product","3":"status-publish","5":"product_cat-ekonomi","6":"product_cat-yonetim","7":"pa_cilt-ciltsiz","8":"pa_tur-kitap","9":"pa_yayinevi-gazi-kitabevi","10":"pa_yazar-meral-bektas-pinar-erkal","12":"first","13":"instock","14":"sale","15":"shipping-taxable","16":"purchasable","17":"product-type-simple"},"_links":{"self":[{"href":"https:\/\/roveyayinevi.com.tr\/index.php\/wp-json\/wp\/v2\/product\/727401","targetHints":{"allow":["GET"]}}],"collection":[{"href":"https:\/\/roveyayinevi.com.tr\/index.php\/wp-json\/wp\/v2\/product"}],"about":[{"href":"https:\/\/roveyayinevi.com.tr\/index.php\/wp-json\/wp\/v2\/types\/product"}],"wp:attachment":[{"href":"https:\/\/roveyayinevi.com.tr\/index.php\/wp-json\/wp\/v2\/media?parent=727401"}],"wp:term":[{"taxonomy":"product_brand","embeddable":true,"href":"https:\/\/roveyayinevi.com.tr\/index.php\/wp-json\/wp\/v2\/product_brand?post=727401"},{"taxonomy":"product_cat","embeddable":true,"href":"https:\/\/roveyayinevi.com.tr\/index.php\/wp-json\/wp\/v2\/product_cat?post=727401"},{"taxonomy":"product_tag","embeddable":true,"href":"https:\/\/roveyayinevi.com.tr\/index.php\/wp-json\/wp\/v2\/product_tag?post=727401"}],"curies":[{"name":"wp","href":"https:\/\/api.w.org\/{rel}","templated":true}]}}