{"id":727394,"date":"2025-08-27T20:21:26","date_gmt":"2025-08-27T17:21:26","guid":{"rendered":"https:\/\/roveyayinevi.com.tr\/index.php\/urun\/amerikada-profesyonel-gocmen-kadinlar-ve-kulturel-catismalar\/"},"modified":"2026-04-16T02:35:17","modified_gmt":"2026-04-15T23:35:17","slug":"amerikada-profesyonel-gocmen-kadinlar-ve-kulturel-catismalar","status":"publish","type":"product","link":"https:\/\/roveyayinevi.com.tr\/index.php\/urun\/amerikada-profesyonel-gocmen-kadinlar-ve-kulturel-catismalar\/","title":{"rendered":"Amerika&#8217;da Profesyonel G\u00f6\u00e7men Kad\u0131nlar ve K\u00fclt\u00fcrel \u00c7at\u0131\u015fmalar"},"content":{"rendered":"<p>Amerika&#8217;da Profesyonel G\u00f6\u00e7men Kad\u0131nlar ve K\u00fclt\u00fcrel \u00c7at\u0131\u015fmalar.<\/p>\n","protected":false},"excerpt":{"rendered":"<p>Amerika&#8217;da Profesyonel G\u00f6\u00e7men Kad\u0131nlar ve K\u00fclt\u00fcrel \u00c7at\u0131\u015fmalar.<\/p>\n","protected":false},"featured_media":0,"template":"","meta":{"_monsterinsights_skip_tracking":false,"_monsterinsights_sitenote_active":false,"_monsterinsights_sitenote_note":"","_monsterinsights_sitenote_category":0},"product_brand":[],"product_cat":[13043,65318],"product_tag":[],"class_list":{"0":"post-727394","1":"product","2":"type-product","3":"status-publish","5":"product_cat-ekonomi","6":"product_cat-kuresellesme","7":"pa_cilt-ciltsiz","8":"pa_tur-kitap","9":"pa_yayinevi-gazi-kitabevi","10":"pa_yazar-harika-suklun","12":"first","13":"instock","14":"sale","15":"shipping-taxable","16":"purchasable","17":"product-type-simple"},"_links":{"self":[{"href":"https:\/\/roveyayinevi.com.tr\/index.php\/wp-json\/wp\/v2\/product\/727394","targetHints":{"allow":["GET"]}}],"collection":[{"href":"https:\/\/roveyayinevi.com.tr\/index.php\/wp-json\/wp\/v2\/product"}],"about":[{"href":"https:\/\/roveyayinevi.com.tr\/index.php\/wp-json\/wp\/v2\/types\/product"}],"wp:attachment":[{"href":"https:\/\/roveyayinevi.com.tr\/index.php\/wp-json\/wp\/v2\/media?parent=727394"}],"wp:term":[{"taxonomy":"product_brand","embeddable":true,"href":"https:\/\/roveyayinevi.com.tr\/index.php\/wp-json\/wp\/v2\/product_brand?post=727394"},{"taxonomy":"product_cat","embeddable":true,"href":"https:\/\/roveyayinevi.com.tr\/index.php\/wp-json\/wp\/v2\/product_cat?post=727394"},{"taxonomy":"product_tag","embeddable":true,"href":"https:\/\/roveyayinevi.com.tr\/index.php\/wp-json\/wp\/v2\/product_tag?post=727394"}],"curies":[{"name":"wp","href":"https:\/\/api.w.org\/{rel}","templated":true}]}}