{"id":727390,"date":"2025-08-27T20:21:22","date_gmt":"2025-08-27T17:21:22","guid":{"rendered":"https:\/\/roveyayinevi.com.tr\/index.php\/urun\/yasaksiz-diyet\/"},"modified":"2026-04-16T02:35:17","modified_gmt":"2026-04-15T23:35:17","slug":"yasaksiz-diyet","status":"publish","type":"product","link":"https:\/\/roveyayinevi.com.tr\/index.php\/urun\/yasaksiz-diyet\/","title":{"rendered":"Yasaks\u0131z Diyet"},"content":{"rendered":"<p>Kilo almak durdurulamayan bir hastal\u0131k m\u0131?Genlerim mi bana kilo ald\u0131r\u0131yor?Kilo almam\u0131z nas\u0131l durdurulabilir ve nas\u0131l zay\u0131flayabiliriz?\u0130deal kilomu nas\u0131l yakalar\u0131m?Yiyerek zay\u0131flamak m\u00fcmk\u00fcn m\u00fc?Birka\u00e7 mucize \u00e7ay ve birka\u00e7 hap i\u00e7erek zay\u0131flan\u0131r m\u0131?Kalori saymadan da diyet yap\u0131labilir mi?Bu ve bunun gibi pek \u00e7ok sorunun cevab\u0131n\u0131 Yasaks\u0131z Diyet kitab\u0131nda bulacaks\u0131n\u0131z.Sen de ayakkab\u0131lar\u0131n\u0131 rahatl\u0131kla ba\u011flayabilir, \u00e7oraplar\u0131n\u0131 yard\u0131ms\u0131z giyebilir ve y\u0131llar \u00f6nce dolaplara kald\u0131rd\u0131\u011f\u0131n naftalin kokulu k\u00fc\u00e7\u00fck beden k\u0131yafetlerine yeniden kavu\u015fabilirsin&#8230;<\/p>\n","protected":false},"excerpt":{"rendered":"<p>Kilo almak durdurulamayan bir hastal\u0131k m\u0131?Genlerim mi bana kilo ald\u0131r\u0131yor?Kilo almam\u0131z nas\u0131l durdurulabilir ve nas\u0131l zay\u0131flayabiliriz?\u0130deal kilomu nas\u0131l yakalar\u0131m?Yiyerek zay\u0131flamak m\u00fcmk\u00fcn m\u00fc?Birka\u00e7 mucize \u00e7ay ve birka\u00e7<span class=\"excerpt-hellip\"> [\u2026]<\/span><\/p>\n","protected":false},"featured_media":0,"template":"","meta":{"_monsterinsights_skip_tracking":false,"_monsterinsights_sitenote_active":false,"_monsterinsights_sitenote_note":"","_monsterinsights_sitenote_category":0},"product_brand":[],"product_cat":[13402,13365],"product_tag":[],"class_list":{"0":"post-727390","1":"product","2":"type-product","3":"status-publish","5":"product_cat-beslenme-ve-diyet","6":"product_cat-saglik","7":"pa_cilt-ciltsiz","8":"pa_tur-kitap","9":"pa_yayinevi-nesil-yayinlari","10":"pa_yazar-feride-yildiz","12":"first","13":"instock","14":"sale","15":"shipping-taxable","16":"purchasable","17":"product-type-simple"},"_links":{"self":[{"href":"https:\/\/roveyayinevi.com.tr\/index.php\/wp-json\/wp\/v2\/product\/727390","targetHints":{"allow":["GET"]}}],"collection":[{"href":"https:\/\/roveyayinevi.com.tr\/index.php\/wp-json\/wp\/v2\/product"}],"about":[{"href":"https:\/\/roveyayinevi.com.tr\/index.php\/wp-json\/wp\/v2\/types\/product"}],"wp:attachment":[{"href":"https:\/\/roveyayinevi.com.tr\/index.php\/wp-json\/wp\/v2\/media?parent=727390"}],"wp:term":[{"taxonomy":"product_brand","embeddable":true,"href":"https:\/\/roveyayinevi.com.tr\/index.php\/wp-json\/wp\/v2\/product_brand?post=727390"},{"taxonomy":"product_cat","embeddable":true,"href":"https:\/\/roveyayinevi.com.tr\/index.php\/wp-json\/wp\/v2\/product_cat?post=727390"},{"taxonomy":"product_tag","embeddable":true,"href":"https:\/\/roveyayinevi.com.tr\/index.php\/wp-json\/wp\/v2\/product_tag?post=727390"}],"curies":[{"name":"wp","href":"https:\/\/api.w.org\/{rel}","templated":true}]}}