{"id":727389,"date":"2025-08-27T20:21:21","date_gmt":"2025-08-27T17:21:21","guid":{"rendered":"https:\/\/roveyayinevi.com.tr\/index.php\/urun\/tozkoparan\/"},"modified":"2026-04-16T02:35:17","modified_gmt":"2026-04-15T23:35:17","slug":"tozkoparan","status":"publish","type":"product","link":"https:\/\/roveyayinevi.com.tr\/index.php\/urun\/tozkoparan\/","title":{"rendered":"Tozkoparan"},"content":{"rendered":"<p>Ben Mehmet Yahya Usta. Bin ya\u015f\u0131nday\u0131m, belki de daha fazla. Yerde yatansa \u0130skender, benden bir ya\u015f b\u00fcy\u00fck. Yay ustas\u0131 zanneder beni insanlar. Oysa ben g\u00f6n\u00fcller yapar, kalpler onar\u0131r\u0131m. K\u00f6r zanneder beni insanlar, ben g\u00f6rmek i\u00e7in g\u00f6ze gerek olmad\u0131\u011f\u0131n\u0131 bilirim.\u0130skender mi? Onu tan\u0131rs\u0131n\u0131z siz. \u0130lkin Bedir&#8217;de vurulup d\u00fc\u015ft\u00fc. Yirmi birdi ya\u015f\u0131. Kartallar\u0131 korkutan bak\u0131\u015flar\u0131 vard\u0131. Uhud&#8217;da ok de\u011fdi kalbine bu kez, yirmi birdi ya\u015f\u0131. \u00d6ld\u00fc sand\u0131 insanlar onu. O, dirildi her seferinde. Hayber&#8217;in kap\u0131s\u0131n\u0131 s\u00f6ken Ali&#8217;nin sa\u011f yan\u0131ndayd\u0131 tekrar vurulup d\u00fc\u015ft\u00fc\u011f\u00fcnde. Kumandan Tar\u0131k&#8217;\u0131n yakt\u0131\u011f\u0131 gemilerden birinde askerdi. Kud\u00fcs&#8217;te Selahaddin&#8217;in ordusundayd\u0131. Malazgirt&#8217;te Alparslan&#8217;\u0131n ceng\u00e2veriydi, yirmi birdi ya\u015f\u0131. \u201cD\u00f6ne d\u00f6ne cenk etti de \u00f6yle vuruldu.\u201d dedi karda\u015flar\u0131.Her vuruldu\u011funda kalkt\u0131 aya\u011fa \u0130skender. Vurulduk\u00e7a \u00e7o\u011fald\u0131. \u00c7\u00fcnk\u00fc, bir fikirdi \u0130skender. Ben Mehmet Yahya Usta. Bin ya\u015f\u0131nday\u0131m, belki de daha fazla. Burada yatansa \u0130skender. Benden bir ya\u015f b\u00fcy\u00fck. Ben kalp onaran\u0131m, g\u00f6n\u00fcl yapan\u0131m. O, bile\u011fiyle meydan inleten, cesaretiyle ar\u015f titreten. \u00d6ld\u00fc dediler onun i\u00e7in, yalan\u2026O, buradan g\u00fcn bat\u0131m\u0131na kadar kahraman.<\/p>\n","protected":false},"excerpt":{"rendered":"<p>Ben Mehmet Yahya Usta. Bin ya\u015f\u0131nday\u0131m, belki de daha fazla. Yerde yatansa \u0130skender, benden bir ya\u015f b\u00fcy\u00fck. Yay ustas\u0131 zanneder beni insanlar. Oysa ben g\u00f6n\u00fcller yapar,<span class=\"excerpt-hellip\"> [\u2026]<\/span><\/p>\n","protected":false},"featured_media":0,"template":"","meta":{"_monsterinsights_skip_tracking":false,"_monsterinsights_sitenote_active":false,"_monsterinsights_sitenote_note":"","_monsterinsights_sitenote_category":0},"product_brand":[],"product_cat":[12291,12745],"product_tag":[],"class_list":{"0":"post-727389","1":"product","2":"type-product","3":"status-publish","5":"product_cat-edebiyat","6":"product_cat-tarihi-roman","7":"pa_cilt-ciltsiz","8":"pa_tur-kitap","9":"pa_yayinevi-nesil-yayinlari","10":"pa_yazar-yasemin-doganer","12":"first","13":"instock","14":"sale","15":"shipping-taxable","16":"purchasable","17":"product-type-simple"},"_links":{"self":[{"href":"https:\/\/roveyayinevi.com.tr\/index.php\/wp-json\/wp\/v2\/product\/727389","targetHints":{"allow":["GET"]}}],"collection":[{"href":"https:\/\/roveyayinevi.com.tr\/index.php\/wp-json\/wp\/v2\/product"}],"about":[{"href":"https:\/\/roveyayinevi.com.tr\/index.php\/wp-json\/wp\/v2\/types\/product"}],"wp:attachment":[{"href":"https:\/\/roveyayinevi.com.tr\/index.php\/wp-json\/wp\/v2\/media?parent=727389"}],"wp:term":[{"taxonomy":"product_brand","embeddable":true,"href":"https:\/\/roveyayinevi.com.tr\/index.php\/wp-json\/wp\/v2\/product_brand?post=727389"},{"taxonomy":"product_cat","embeddable":true,"href":"https:\/\/roveyayinevi.com.tr\/index.php\/wp-json\/wp\/v2\/product_cat?post=727389"},{"taxonomy":"product_tag","embeddable":true,"href":"https:\/\/roveyayinevi.com.tr\/index.php\/wp-json\/wp\/v2\/product_tag?post=727389"}],"curies":[{"name":"wp","href":"https:\/\/api.w.org\/{rel}","templated":true}]}}