{"id":727388,"date":"2025-08-27T20:21:20","date_gmt":"2025-08-27T17:21:20","guid":{"rendered":"https:\/\/roveyayinevi.com.tr\/index.php\/urun\/okuma-gunleri\/"},"modified":"2026-04-16T02:35:17","modified_gmt":"2026-04-15T23:35:17","slug":"okuma-gunleri","status":"publish","type":"product","link":"https:\/\/roveyayinevi.com.tr\/index.php\/urun\/okuma-gunleri\/","title":{"rendered":"Okuma G\u00fcnleri"},"content":{"rendered":"<p>Proust\u2019un bu kitab\u0131 John Ruskin\u2019in Susam ve Zambaklar kitab\u0131na yazd\u0131\u011f\u0131 \u00f6ns\u00f6zd\u00fcr. Ama ayn\u0131 zamanda Kay\u0131p Zaman\u0131n \u0130zinde\u2019nin bir provas\u0131 gibidir. Okuma, t\u0131pk\u0131 romandaki gibi bu metinde de, bir g\u00fcn\u00fcn zamanlar\u0131n\u0131n payla\u015f\u0131m\u0131ndaki \u00f6rt\u00fck \u00e7at\u0131\u015fmay\u0131 yaratan temel unsurdur. Proust\u2019un okuyan \u00e7ocuk\u2019u k\u00fc\u00e7\u00fck Marcel, birinci tekil \u015fah\u0131sla, okuma deneyimini kesintiye u\u011fratan anlar\u0131 aktar\u0131r. Kay\u0131p Zaman\u0131n \u0130zinde\u2019deki bi\u00e7imiyle \u201cd\u00fc\u015f\u00fcnce\u201dnin r\u00fc\u015feym hali kitapta sakl\u0131d\u0131r: uyumak \u00fczere olan anlat\u0131c\u0131n\u0131n elinden d\u00fc\u015fen kitab\u0131n son okunan sayfas\u0131nda betimlenen katedral, uyku an\u0131nda anlat\u0131c\u0131n\u0131n bedeni, sabah uyand\u0131\u011f\u0131nda ise akl\u0131ndaki ilk d\u00fc\u015f\u00fcncedir. B\u00f6ylece beden ve d\u00fc\u015f\u00fcnceyi i\u00e7 i\u00e7e ge\u00e7iren bir okur haf\u0131zas\u0131n\u0131 betimler Proust. Bu sebeple Susam ve Zambaklar\u2019a yazd\u0131\u011f\u0131 \u00f6ns\u00f6z\u00fc Ruskin imgesine ili\u015fkin kendi ge\u00e7ici haf\u0131zas\u0131n\u0131 sergileyen bir metin olarak tasarlam\u0131\u015ft\u0131r. Ruskin\u2019in hat\u0131rlatt\u0131\u011f\u0131 deneyimler, Ruskin\u2019i hat\u0131rlayan yaz\u0131nsal an\u0131tlara d\u00f6n\u00fc\u015f\u00fcrken, metnin b\u00fct\u00fcn\u00fcnde unutulan Ruskin\u2019dir; \u00f6yleyse i\u00e7erikten ziyade okuma an\u0131ndaki duygular\u0131 biriktiren okur haf\u0131zas\u0131n\u0131 harekete ge\u00e7iren de hat\u0131rlama de\u011fil unutu\u015f pay\u0131d\u0131r. Ruskin\u2019in \u201csusam\u201d\u0131 da bu unutu\u015f pay\u0131n\u0131n alegorisidir. Binbir Gece Masallar\u0131\u2019nda, krallar\u0131n hazinesine de\u011filse de haramilerin hazinesine giden kap\u0131y\u0131 a\u00e7an b\u00fcy\u00fcl\u00fc s\u00f6zlerde k\u00f6klenen bir alegoridir: \u201cA\u00e7\u0131l susam a\u00e7\u0131l.\u201d Cana Bostan <\/p>\n","protected":false},"excerpt":{"rendered":"<p>Proust\u2019un bu kitab\u0131 John Ruskin\u2019in Susam ve Zambaklar kitab\u0131na yazd\u0131\u011f\u0131 \u00f6ns\u00f6zd\u00fcr. Ama ayn\u0131 zamanda Kay\u0131p Zaman\u0131n \u0130zinde\u2019nin bir provas\u0131 gibidir. Okuma, t\u0131pk\u0131 romandaki gibi bu metinde<span class=\"excerpt-hellip\"> [\u2026]<\/span><\/p>\n","protected":false},"featured_media":0,"template":"","meta":{"_monsterinsights_skip_tracking":false,"_monsterinsights_sitenote_active":false,"_monsterinsights_sitenote_note":"","_monsterinsights_sitenote_category":0},"product_brand":[],"product_cat":[27157,12291],"product_tag":[],"class_list":{"0":"post-727388","1":"product","2":"type-product","3":"status-publish","5":"product_cat-derleme","6":"product_cat-edebiyat","7":"pa_cilt-ciltsiz","8":"pa_tur-kitap","9":"pa_yayinevi-dogu-bati-yayinlari","10":"pa_yazar-marcel-proust","12":"first","13":"instock","14":"sale","15":"shipping-taxable","16":"purchasable","17":"product-type-simple"},"_links":{"self":[{"href":"https:\/\/roveyayinevi.com.tr\/index.php\/wp-json\/wp\/v2\/product\/727388","targetHints":{"allow":["GET"]}}],"collection":[{"href":"https:\/\/roveyayinevi.com.tr\/index.php\/wp-json\/wp\/v2\/product"}],"about":[{"href":"https:\/\/roveyayinevi.com.tr\/index.php\/wp-json\/wp\/v2\/types\/product"}],"wp:attachment":[{"href":"https:\/\/roveyayinevi.com.tr\/index.php\/wp-json\/wp\/v2\/media?parent=727388"}],"wp:term":[{"taxonomy":"product_brand","embeddable":true,"href":"https:\/\/roveyayinevi.com.tr\/index.php\/wp-json\/wp\/v2\/product_brand?post=727388"},{"taxonomy":"product_cat","embeddable":true,"href":"https:\/\/roveyayinevi.com.tr\/index.php\/wp-json\/wp\/v2\/product_cat?post=727388"},{"taxonomy":"product_tag","embeddable":true,"href":"https:\/\/roveyayinevi.com.tr\/index.php\/wp-json\/wp\/v2\/product_tag?post=727388"}],"curies":[{"name":"wp","href":"https:\/\/api.w.org\/{rel}","templated":true}]}}