{"id":727366,"date":"2025-08-27T20:21:00","date_gmt":"2025-08-27T17:21:00","guid":{"rendered":"https:\/\/roveyayinevi.com.tr\/index.php\/urun\/caglarin-ralli-araci-kucuk-beyler-ciltli\/"},"modified":"2026-04-12T02:42:18","modified_gmt":"2026-04-11T23:42:18","slug":"caglarin-ralli-araci-kucuk-beyler-ciltli","status":"publish","type":"product","link":"https:\/\/roveyayinevi.com.tr\/index.php\/urun\/caglarin-ralli-araci-kucuk-beyler-ciltli\/","title":{"rendered":"\u00c7a\u011flar&#8217;\u0131n Ralli Arac\u0131 &#8211; K\u00fc\u00e7\u00fck Beyler (Ciltli)"},"content":{"rendered":"<p>3, 2, 1 ba\u015fla! Ralli pilotu olmak isteyen k\u00fc\u00e7\u00fck beyler burada m\u0131? Ya da uzay arac\u0131yla gezegenler aras\u0131 yolculuk yapmak isteyen? \u00d6yleyse sana harika bir haberimiz var! K\u00fc\u00e7\u00fck Beyler kitaplar\u0131 tam sana g\u00f6re. Haydi ne duruyorsun okumaya ba\u015fla, maceraya atla!<\/p>\n","protected":false},"excerpt":{"rendered":"<p>3, 2, 1 ba\u015fla! Ralli pilotu olmak isteyen k\u00fc\u00e7\u00fck beyler burada m\u0131? Ya da uzay arac\u0131yla gezegenler aras\u0131 yolculuk yapmak isteyen? \u00d6yleyse sana harika bir haberimiz<span class=\"excerpt-hellip\"> [\u2026]<\/span><\/p>\n","protected":false},"featured_media":0,"template":"","meta":{"_monsterinsights_skip_tracking":false,"_monsterinsights_sitenote_active":false,"_monsterinsights_sitenote_note":"","_monsterinsights_sitenote_category":0},"product_brand":[],"product_cat":[12274,12284],"product_tag":[],"class_list":{"0":"post-727366","1":"product","2":"type-product","3":"status-publish","5":"product_cat-cocuk-ve-genclik-kitaplari","6":"product_cat-hikayeler","7":"pa_cilt-ciltli","8":"pa_tur-kitap","9":"pa_yayinevi-bicirik-yayinlari","10":"pa_yazar-emilie-beaumont","12":"first","13":"instock","14":"sale","15":"shipping-taxable","16":"purchasable","17":"product-type-simple"},"_links":{"self":[{"href":"https:\/\/roveyayinevi.com.tr\/index.php\/wp-json\/wp\/v2\/product\/727366","targetHints":{"allow":["GET"]}}],"collection":[{"href":"https:\/\/roveyayinevi.com.tr\/index.php\/wp-json\/wp\/v2\/product"}],"about":[{"href":"https:\/\/roveyayinevi.com.tr\/index.php\/wp-json\/wp\/v2\/types\/product"}],"wp:attachment":[{"href":"https:\/\/roveyayinevi.com.tr\/index.php\/wp-json\/wp\/v2\/media?parent=727366"}],"wp:term":[{"taxonomy":"product_brand","embeddable":true,"href":"https:\/\/roveyayinevi.com.tr\/index.php\/wp-json\/wp\/v2\/product_brand?post=727366"},{"taxonomy":"product_cat","embeddable":true,"href":"https:\/\/roveyayinevi.com.tr\/index.php\/wp-json\/wp\/v2\/product_cat?post=727366"},{"taxonomy":"product_tag","embeddable":true,"href":"https:\/\/roveyayinevi.com.tr\/index.php\/wp-json\/wp\/v2\/product_tag?post=727366"}],"curies":[{"name":"wp","href":"https:\/\/api.w.org\/{rel}","templated":true}]}}