{"id":727362,"date":"2025-08-27T20:20:57","date_gmt":"2025-08-27T17:20:57","guid":{"rendered":"https:\/\/roveyayinevi.com.tr\/index.php\/urun\/2021-rilke-ajandasi\/"},"modified":"2026-04-16T02:35:16","modified_gmt":"2026-04-15T23:35:16","slug":"2021-rilke-ajandasi","status":"publish","type":"product","link":"https:\/\/roveyayinevi.com.tr\/index.php\/urun\/2021-rilke-ajandasi\/","title":{"rendered":"2021 Rilke Ajandasi"},"content":{"rendered":"<p>Bu y\u0131l ikinci defa yay\u0131mlad\u0131\u011f\u0131m\u0131z ajandan\u0131n konseptini \u201cRainer Maria Rilke\u201d olarak belirledik. Gelecek y\u0131llarda da yeni temalar ile ajandam\u0131z\u0131 geleneksel hale getirmeyi planl\u0131yoruz. Cem Yay\u0131nevi olarak bu y\u0131l\u0131 \u201cRilke Y\u0131l\u0131\u201d ilan ettik. Uzun y\u0131llard\u0131r k\u00fclliyat\u0131n\u0131 yay\u0131mlamaktan onur duydu\u011fumuz Franz Kafka\u2019n\u0131n eserlerinden k\u00fc\u00e7\u00fck al\u0131nt\u0131larla merak uyand\u0131racak ve Rilke \u00fczerine yaz\u0131lan yaz\u0131larla Rilke\u2019yi daha iyi tan\u0131man\u0131z\u0131 sa\u011flayacakt\u0131r. Rilke\u2019nin t\u00fcm \u00f6yk\u00fc ve d\u00fcz metinleri, mektuplar\u0131n\u0131n al\u0131nt\u0131lar\u0131 Kamuran \u015eipal\u2019e; \u015fiirleri ise Y\u00fcksel Pazarkaya\u2019ya ait \u00e7evirilerimizden al\u0131nt\u0131lanm\u0131\u015ft\u0131r. <\/p>\n","protected":false},"excerpt":{"rendered":"<p>Bu y\u0131l ikinci defa yay\u0131mlad\u0131\u011f\u0131m\u0131z ajandan\u0131n konseptini \u201cRainer Maria Rilke\u201d olarak belirledik. Gelecek y\u0131llarda da yeni temalar ile ajandam\u0131z\u0131 geleneksel hale getirmeyi planl\u0131yoruz. Cem Yay\u0131nevi olarak<span class=\"excerpt-hellip\"> [\u2026]<\/span><\/p>\n","protected":false},"featured_media":0,"template":"","meta":{"_monsterinsights_skip_tracking":false,"_monsterinsights_sitenote_active":false,"_monsterinsights_sitenote_note":"","_monsterinsights_sitenote_category":0},"product_brand":[],"product_cat":[28265,15563],"product_tag":[],"class_list":{"0":"post-727362","1":"product","2":"type-product","3":"status-publish","5":"product_cat-diger-hobi","6":"product_cat-hobi","7":"pa_cilt-ciltsiz","8":"pa_tur-kitap","9":"pa_yayinevi-cem-yayinevi","10":"pa_yazar-rainer-maria-rilke","12":"first","13":"instock","14":"sale","15":"shipping-taxable","16":"purchasable","17":"product-type-simple"},"_links":{"self":[{"href":"https:\/\/roveyayinevi.com.tr\/index.php\/wp-json\/wp\/v2\/product\/727362","targetHints":{"allow":["GET"]}}],"collection":[{"href":"https:\/\/roveyayinevi.com.tr\/index.php\/wp-json\/wp\/v2\/product"}],"about":[{"href":"https:\/\/roveyayinevi.com.tr\/index.php\/wp-json\/wp\/v2\/types\/product"}],"wp:attachment":[{"href":"https:\/\/roveyayinevi.com.tr\/index.php\/wp-json\/wp\/v2\/media?parent=727362"}],"wp:term":[{"taxonomy":"product_brand","embeddable":true,"href":"https:\/\/roveyayinevi.com.tr\/index.php\/wp-json\/wp\/v2\/product_brand?post=727362"},{"taxonomy":"product_cat","embeddable":true,"href":"https:\/\/roveyayinevi.com.tr\/index.php\/wp-json\/wp\/v2\/product_cat?post=727362"},{"taxonomy":"product_tag","embeddable":true,"href":"https:\/\/roveyayinevi.com.tr\/index.php\/wp-json\/wp\/v2\/product_tag?post=727362"}],"curies":[{"name":"wp","href":"https:\/\/api.w.org\/{rel}","templated":true}]}}