{"id":727360,"date":"2025-08-27T20:20:55","date_gmt":"2025-08-27T17:20:55","guid":{"rendered":"https:\/\/roveyayinevi.com.tr\/index.php\/urun\/vucut-sicakligi\/"},"modified":"2026-04-16T02:35:16","modified_gmt":"2026-04-15T23:35:16","slug":"vucut-sicakligi","status":"publish","type":"product","link":"https:\/\/roveyayinevi.com.tr\/index.php\/urun\/vucut-sicakligi\/","title":{"rendered":"V\u00fccut S\u0131cakl\u0131\u011f\u0131"},"content":{"rendered":"<p>V\u00fccudumuzdaki organlar\u0131n ve h\u00fccrelerin g\u00f6revlerini yapabilmesi i\u00e7in v\u00fccudumuzun do\u011fru s\u0131cakl\u0131kta olmas\u0131 gerekir. Sa\u011fl\u0131kl\u0131 ve dengeli beslenmenin, v\u00fccut s\u0131cakl\u0131\u011f\u0131m\u0131z\u0131 korumada ne kadar \u00f6nemli oldu\u011funu \u00f6\u011frenmek ve sa\u011fl\u0131k depolamak i\u00e7in haz\u0131r olun! Bilmeniz gereken temel sa\u011fl\u0131k ve beslenme kurallar\u0131na STEM E\u011fitimine y\u00f6nelik Sa\u011fl\u0131k Depola serisiyle ula\u015f\u0131n.<\/p>\n","protected":false},"excerpt":{"rendered":"<p>V\u00fccudumuzdaki organlar\u0131n ve h\u00fccrelerin g\u00f6revlerini yapabilmesi i\u00e7in v\u00fccudumuzun do\u011fru s\u0131cakl\u0131kta olmas\u0131 gerekir. Sa\u011fl\u0131kl\u0131 ve dengeli beslenmenin, v\u00fccut s\u0131cakl\u0131\u011f\u0131m\u0131z\u0131 korumada ne kadar \u00f6nemli oldu\u011funu \u00f6\u011frenmek ve sa\u011fl\u0131k<span class=\"excerpt-hellip\"> [\u2026]<\/span><\/p>\n","protected":false},"featured_media":0,"template":"","meta":{"_monsterinsights_skip_tracking":false,"_monsterinsights_sitenote_active":false,"_monsterinsights_sitenote_note":"","_monsterinsights_sitenote_category":0},"product_brand":[],"product_cat":[13829,12274],"product_tag":[],"class_list":{"0":"post-727360","1":"product","2":"type-product","3":"status-publish","5":"product_cat-bilimsel-kitaplar","6":"product_cat-cocuk-ve-genclik-kitaplari","7":"pa_cilt-ciltsiz","8":"pa_tur-kitap","9":"pa_yayinevi-sabri-ulker-vakfi-yayinlari","10":"pa_yazar-harriet-brundle","12":"first","13":"instock","14":"sale","15":"shipping-taxable","16":"purchasable","17":"product-type-simple"},"_links":{"self":[{"href":"https:\/\/roveyayinevi.com.tr\/index.php\/wp-json\/wp\/v2\/product\/727360","targetHints":{"allow":["GET"]}}],"collection":[{"href":"https:\/\/roveyayinevi.com.tr\/index.php\/wp-json\/wp\/v2\/product"}],"about":[{"href":"https:\/\/roveyayinevi.com.tr\/index.php\/wp-json\/wp\/v2\/types\/product"}],"wp:attachment":[{"href":"https:\/\/roveyayinevi.com.tr\/index.php\/wp-json\/wp\/v2\/media?parent=727360"}],"wp:term":[{"taxonomy":"product_brand","embeddable":true,"href":"https:\/\/roveyayinevi.com.tr\/index.php\/wp-json\/wp\/v2\/product_brand?post=727360"},{"taxonomy":"product_cat","embeddable":true,"href":"https:\/\/roveyayinevi.com.tr\/index.php\/wp-json\/wp\/v2\/product_cat?post=727360"},{"taxonomy":"product_tag","embeddable":true,"href":"https:\/\/roveyayinevi.com.tr\/index.php\/wp-json\/wp\/v2\/product_tag?post=727360"}],"curies":[{"name":"wp","href":"https:\/\/api.w.org\/{rel}","templated":true}]}}