{"id":727358,"date":"2025-08-27T20:20:54","date_gmt":"2025-08-27T17:20:54","guid":{"rendered":"https:\/\/roveyayinevi.com.tr\/index.php\/urun\/danimarkalilara-ozgu-ebeveynlik-dunyanin-en-mutlu-cocuklari-nasil-yetisiyor\/"},"modified":"2026-04-16T02:35:16","modified_gmt":"2026-04-15T23:35:16","slug":"danimarkalilara-ozgu-ebeveynlik-dunyanin-en-mutlu-cocuklari-nasil-yetisiyor","status":"publish","type":"product","link":"https:\/\/roveyayinevi.com.tr\/index.php\/urun\/danimarkalilara-ozgu-ebeveynlik-dunyanin-en-mutlu-cocuklari-nasil-yetisiyor\/","title":{"rendered":"Danimarkal\u0131lara \u00d6zg\u00fc Ebeveynlik &#8211; D\u00fcnyan\u0131n En Mutlu \u00c7ocuklar\u0131 Nas\u0131l Yeti\u015fiyor"},"content":{"rendered":"<p>&#8216;Serbest oyun zaman\u0131ndan hygge\u2019nin g\u00fcc\u00fcne, d\u00fcnyan\u0131n en mutlu insanlar\u0131n\u0131n ebeveynlik s\u0131rlar\u0131n\u0131 ke\u015ffedin.\u2019 Wall Street JournalDanimarka\u2019y\u0131 d\u00fcnyan\u0131n en mutlu \u00fclkesi yapan nedir? Danimarkal\u0131 ebeveynler mutlu, kendine g\u00fcvenen ve ba\u015far\u0131l\u0131 \u00e7ocuklar yeti\u015ftirmeyi nas\u0131l beceriyorlar? Yirmi yedi dile \u00e7evrilen ve kulaktan kula\u011fa tavsiyeyle bir referans kitab\u0131na d\u00f6n\u00fc\u015fen bu e\u011flenceli ve pratik rehberde Danimarkal\u0131 psikoterapist Iben Sandahl ve anne-baba e\u011fitim uzman\u0131 Jessica Joelle Alexander, mutlu bir hayat felsefesi ile \u00e7ocu\u011funuzun gelecek y\u0131llar\u0131n\u0131 g\u00fczel ve anlaml\u0131 bir hayata d\u00f6n\u00fc\u015ft\u00fcrebilecek 6 temel prensip sunuyor.Oyun \u2013 geli\u015fim ve iyi olma hali i\u00e7in elzemdir.Do\u011fruluk \u2013 g\u00fcveni ve i\u00e7 pusulay\u0131 g\u00fc\u00e7lendirir.Yeniden \u00e7er\u00e7eveleme \u2013 yenilgilerle ba\u015f etmeye ve hayat\u0131n olumlu taraflar\u0131na bakmaya yard\u0131mc\u0131 olur.Empati \u2013 di\u011ferlerine nezaketle yakla\u015fman\u0131n anahtar\u0131d\u0131r.Ultimatom vermemek \u2013 g\u00fc\u00e7 m\u00fccadeleleri ve darg\u0131nl\u0131klar\u0131 ortadan kald\u0131r\u0131r.Birliktelik ve hygge \u2013 aile ile ge\u00e7irilen kaliteli zaman ve huzurlu ortam, an\u0131n k\u0131ymetini bilmeyi sa\u011flar.G\u00fcnl\u00fck ya\u015fam\u0131n\u0131za kolayl\u0131kla uyarlayabilece\u011finiz i\u015fe yarar bilgiler ve ilham verici \u00f6rneklerle donat\u0131lm\u0131\u015f bu kitap, ebeveynlik yolculu\u011funuza keyif ve anlam katacak, fark yaratan bir anne veya baba olman\u0131z\u0131 sa\u011flayacak.<\/p>\n","protected":false},"excerpt":{"rendered":"<p>&#8216;Serbest oyun zaman\u0131ndan hygge\u2019nin g\u00fcc\u00fcne, d\u00fcnyan\u0131n en mutlu insanlar\u0131n\u0131n ebeveynlik s\u0131rlar\u0131n\u0131 ke\u015ffedin.\u2019 Wall Street JournalDanimarka\u2019y\u0131 d\u00fcnyan\u0131n en mutlu \u00fclkesi yapan nedir? Danimarkal\u0131 ebeveynler mutlu, kendine g\u00fcvenen<span class=\"excerpt-hellip\"> [\u2026]<\/span><\/p>\n","protected":false},"featured_media":0,"template":"","meta":{"_monsterinsights_skip_tracking":false,"_monsterinsights_sitenote_active":false,"_monsterinsights_sitenote_note":"","_monsterinsights_sitenote_category":0},"product_brand":[],"product_cat":[26509,13365],"product_tag":[],"class_list":{"0":"post-727358","1":"product","2":"type-product","3":"status-publish","5":"product_cat-cocuk-gelisimi","6":"product_cat-saglik","7":"pa_cilt-ciltsiz","8":"pa_tur-kitap","9":"pa_yayinevi-koridor-yayincilik","10":"pa_yazar-jessica-joelle-alexander-iben-dissing-sandahl","12":"first","13":"instock","14":"sale","15":"shipping-taxable","16":"purchasable","17":"product-type-simple"},"_links":{"self":[{"href":"https:\/\/roveyayinevi.com.tr\/index.php\/wp-json\/wp\/v2\/product\/727358","targetHints":{"allow":["GET"]}}],"collection":[{"href":"https:\/\/roveyayinevi.com.tr\/index.php\/wp-json\/wp\/v2\/product"}],"about":[{"href":"https:\/\/roveyayinevi.com.tr\/index.php\/wp-json\/wp\/v2\/types\/product"}],"wp:attachment":[{"href":"https:\/\/roveyayinevi.com.tr\/index.php\/wp-json\/wp\/v2\/media?parent=727358"}],"wp:term":[{"taxonomy":"product_brand","embeddable":true,"href":"https:\/\/roveyayinevi.com.tr\/index.php\/wp-json\/wp\/v2\/product_brand?post=727358"},{"taxonomy":"product_cat","embeddable":true,"href":"https:\/\/roveyayinevi.com.tr\/index.php\/wp-json\/wp\/v2\/product_cat?post=727358"},{"taxonomy":"product_tag","embeddable":true,"href":"https:\/\/roveyayinevi.com.tr\/index.php\/wp-json\/wp\/v2\/product_tag?post=727358"}],"curies":[{"name":"wp","href":"https:\/\/api.w.org\/{rel}","templated":true}]}}