{"id":727353,"date":"2025-08-27T20:20:49","date_gmt":"2025-08-27T17:20:49","guid":{"rendered":"https:\/\/roveyayinevi.com.tr\/index.php\/urun\/goldberg-cesitlemeler\/"},"modified":"2026-04-16T02:35:16","modified_gmt":"2026-04-15T23:35:16","slug":"goldberg-cesitlemeler","status":"publish","type":"product","link":"https:\/\/roveyayinevi.com.tr\/index.php\/urun\/goldberg-cesitlemeler\/","title":{"rendered":"Goldberg: \u00c7e\u015fitlemeler"},"content":{"rendered":"<p>\u201cJosipovici\u2019nin zek\u00e2s\u0131 ile yetene\u011finin daimi hayran\u0131y\u0131m.\u201d -Muriel Spark\u201cJosipovici, \u0130ngiltere\u2019nin en c\u00fcretk\u00e2r ve se\u00e7kin yazarlar\u0131ndan biri.\u201d -Deborah LevyBir on sekizinci y\u00fczy\u0131l beyefendisi olan Westfield uykusuzluktan muzdariptir. Bir yazar olan Samuel Goldberg\u2019\u00fcn g\u00f6revi de Westfield\u2019a kitap okuyarak onun uyuyabilmesini sa\u011flamakt\u0131r ve bunun i\u00e7in de her gece okunmak \u00fczere yeni bir hik\u00e2ye yazmak zorundad\u0131r. Sanat, m\u00fczik, edebiyat, mitoloji, felsefe ve daha bir\u00e7ok konuya temas eden bu hik\u00e2yeler, uyutmak i\u00e7in anlat\u0131lsalar da, dinleyeni uyand\u0131racak cinstendir.Labirenti and\u0131ran eserleriyle tan\u0131nan, okuru metin i\u00e7inde oyunlara s\u00fcr\u00fckleyen Gabriel Josipovici\u2019nin roman\u0131 Goldberg: \u00c7e\u015fitlemeler, hik\u00e2ye anlat\u0131c\u0131l\u0131\u011f\u0131 hakk\u0131nda bir hik\u00e2ye anlat\u0131yor.<\/p>\n","protected":false},"excerpt":{"rendered":"<p>\u201cJosipovici\u2019nin zek\u00e2s\u0131 ile yetene\u011finin daimi hayran\u0131y\u0131m.\u201d -Muriel Spark\u201cJosipovici, \u0130ngiltere\u2019nin en c\u00fcretk\u00e2r ve se\u00e7kin yazarlar\u0131ndan biri.\u201d -Deborah LevyBir on sekizinci y\u00fczy\u0131l beyefendisi olan Westfield uykusuzluktan muzdariptir. Bir<span class=\"excerpt-hellip\"> [\u2026]<\/span><\/p>\n","protected":false},"featured_media":0,"template":"","meta":{"_monsterinsights_skip_tracking":false,"_monsterinsights_sitenote_active":false,"_monsterinsights_sitenote_note":"","_monsterinsights_sitenote_category":0},"product_brand":[],"product_cat":[12291,12711],"product_tag":[],"class_list":{"0":"post-727353","1":"product","2":"type-product","3":"status-publish","5":"product_cat-edebiyat","6":"product_cat-roman-oyku","7":"pa_cilt-ciltsiz","8":"pa_tur-kitap","9":"pa_yayinevi-cinar-yayinlari","10":"pa_yazar-gabriel-josipovici","12":"first","13":"instock","14":"sale","15":"shipping-taxable","16":"purchasable","17":"product-type-simple"},"_links":{"self":[{"href":"https:\/\/roveyayinevi.com.tr\/index.php\/wp-json\/wp\/v2\/product\/727353","targetHints":{"allow":["GET"]}}],"collection":[{"href":"https:\/\/roveyayinevi.com.tr\/index.php\/wp-json\/wp\/v2\/product"}],"about":[{"href":"https:\/\/roveyayinevi.com.tr\/index.php\/wp-json\/wp\/v2\/types\/product"}],"wp:attachment":[{"href":"https:\/\/roveyayinevi.com.tr\/index.php\/wp-json\/wp\/v2\/media?parent=727353"}],"wp:term":[{"taxonomy":"product_brand","embeddable":true,"href":"https:\/\/roveyayinevi.com.tr\/index.php\/wp-json\/wp\/v2\/product_brand?post=727353"},{"taxonomy":"product_cat","embeddable":true,"href":"https:\/\/roveyayinevi.com.tr\/index.php\/wp-json\/wp\/v2\/product_cat?post=727353"},{"taxonomy":"product_tag","embeddable":true,"href":"https:\/\/roveyayinevi.com.tr\/index.php\/wp-json\/wp\/v2\/product_tag?post=727353"}],"curies":[{"name":"wp","href":"https:\/\/api.w.org\/{rel}","templated":true}]}}