{"id":727350,"date":"2025-08-27T20:20:46","date_gmt":"2025-08-27T17:20:46","guid":{"rendered":"https:\/\/roveyayinevi.com.tr\/index.php\/urun\/deneme-yanilma\/"},"modified":"2026-04-16T02:35:16","modified_gmt":"2026-04-15T23:35:16","slug":"deneme-yanilma","status":"publish","type":"product","link":"https:\/\/roveyayinevi.com.tr\/index.php\/urun\/deneme-yanilma\/","title":{"rendered":"Deneme Yan\u0131lma"},"content":{"rendered":"<p>Uzun ince bir boy aynas\u0131nda kendime bak\u0131nca s\u00fcr\u00fckleyici ve kesintisiz bir kurgudan de\u011fil de k\u0131sa anlardan ibaret oldu\u011fumu g\u00f6r\u00fcyordum. Anlat\u0131lacak hi\u00e7bir \u015feyim i\u00e7in \u201cuzun hik\u00e2ye\u201d diyemezdim. Ne varsa anlataca\u011f\u0131m, ayak\u00fcst\u00fc bile anlatabilirdim. Ya\u015fad\u0131\u011f\u0131m her \u015fey tad\u0131n\u0131 dama\u011f\u0131mda b\u0131rakarak ya\u015fan\u0131p bitmi\u015f, ne zaman giri\u015fi ge\u00e7ip geli\u015fmeye gelsem ya ka\u00e7m\u0131\u015f ya ka\u00e7\u0131rm\u0131\u015ft\u0131m. Parampar\u00e7a anlar\u0131m tamamlanmaya \u00e7ok uzakt\u0131. Un ufak bir \u00f6m\u00fcr ve beni ziyan ederek b\u00fcy\u00fcten tecr\u00fcbeler, suyu \u00e7\u0131km\u0131\u015f hayat derslerim vard\u0131. \u00d6lsem biyografimi bile yazmak istemezdi kimse, ho\u015f kendi hayat\u0131m\u0131 sorsan\u0131z ben bile nas\u0131l anlataca\u011f\u0131m\u0131 bilemem. Oysa bendeki par\u00e7alara g\u00f6z atsalar herkes kendinden bir par\u00e7a bulurdu mutlaka. Par\u00e7alar\u0131m birbirini b\u00fct\u00fcnlemez herhangi biri illa ki size uyar. G\u00fczel bir heykel de\u011fildim ama iyi bir yedek par\u00e7a kutusuydum. Herkesin en az bir par\u00e7as\u0131n\u0131n yede\u011fi bendeydi. Az az ya\u015f\u0131yordunuz i\u00e7imde, kendimi de\u011fil, soranlara hep sizi anlatt\u0131m bu y\u00fczden ben. Par\u00e7a par\u00e7a da\u011f\u0131tt\u0131m sizi yery\u00fcz\u00fcne, her \u015feyden birazd\u0131m. <\/p>\n","protected":false},"excerpt":{"rendered":"<p>Uzun ince bir boy aynas\u0131nda kendime bak\u0131nca s\u00fcr\u00fckleyici ve kesintisiz bir kurgudan de\u011fil de k\u0131sa anlardan ibaret oldu\u011fumu g\u00f6r\u00fcyordum. Anlat\u0131lacak hi\u00e7bir \u015feyim i\u00e7in \u201cuzun hik\u00e2ye\u201d diyemezdim.<span class=\"excerpt-hellip\"> [\u2026]<\/span><\/p>\n","protected":false},"featured_media":0,"template":"","meta":{"_monsterinsights_skip_tracking":false,"_monsterinsights_sitenote_active":false,"_monsterinsights_sitenote_note":"","_monsterinsights_sitenote_category":0},"product_brand":[],"product_cat":[12777,12291],"product_tag":[],"class_list":{"0":"post-727350","1":"product","2":"type-product","3":"status-publish","5":"product_cat-deneme","6":"product_cat-edebiyat","7":"pa_cilt-ciltsiz","8":"pa_tur-kitap","9":"pa_yayinevi-vaveyla-yayincilik","10":"pa_yazar-gulay-aybala-gullu","12":"first","13":"instock","14":"sale","15":"shipping-taxable","16":"purchasable","17":"product-type-simple"},"_links":{"self":[{"href":"https:\/\/roveyayinevi.com.tr\/index.php\/wp-json\/wp\/v2\/product\/727350","targetHints":{"allow":["GET"]}}],"collection":[{"href":"https:\/\/roveyayinevi.com.tr\/index.php\/wp-json\/wp\/v2\/product"}],"about":[{"href":"https:\/\/roveyayinevi.com.tr\/index.php\/wp-json\/wp\/v2\/types\/product"}],"wp:attachment":[{"href":"https:\/\/roveyayinevi.com.tr\/index.php\/wp-json\/wp\/v2\/media?parent=727350"}],"wp:term":[{"taxonomy":"product_brand","embeddable":true,"href":"https:\/\/roveyayinevi.com.tr\/index.php\/wp-json\/wp\/v2\/product_brand?post=727350"},{"taxonomy":"product_cat","embeddable":true,"href":"https:\/\/roveyayinevi.com.tr\/index.php\/wp-json\/wp\/v2\/product_cat?post=727350"},{"taxonomy":"product_tag","embeddable":true,"href":"https:\/\/roveyayinevi.com.tr\/index.php\/wp-json\/wp\/v2\/product_tag?post=727350"}],"curies":[{"name":"wp","href":"https:\/\/api.w.org\/{rel}","templated":true}]}}