{"id":727349,"date":"2025-08-27T20:20:45","date_gmt":"2025-08-27T17:20:45","guid":{"rendered":"https:\/\/roveyayinevi.com.tr\/index.php\/urun\/kiyi\/"},"modified":"2026-04-16T02:35:16","modified_gmt":"2026-04-15T23:35:16","slug":"kiyi","status":"publish","type":"product","link":"https:\/\/roveyayinevi.com.tr\/index.php\/urun\/kiyi\/","title":{"rendered":"K\u0131y\u0131"},"content":{"rendered":"<p>\u0130nsan\u0131n k\u0131ymeti \u00f6l\u00fcnce, sa\u011fl\u0131\u011f\u0131 ise kaybolunca de\u011fer buluyor demi\u015f b\u00fcy\u00fcklerimiz.    \u0130\u015fte bu sa\u011fl\u0131k k\u0131sm\u0131n\u0131 bizzat ya\u015fayan ve \u00f6l\u00fcm denilen sarmal\u0131n K\u0131y\u0131\u2019s\u0131ndan d\u00f6nen biri olarak, \u00e7ok y\u00f6nl\u00fc harmanlanm\u0131\u015f ger\u00e7ek bir hayat \u00f6yk\u00fcs\u00fc bulacaks\u0131n\u0131z kitapta. Umudun ne denli \u00f6nemli, azmin bir kadar m\u00fchim ve ya\u015fama ba\u011f\u0131n\u0131n nas\u0131l da ger\u00e7e\u011fi yans\u0131tt\u0131\u011f\u0131n\u0131 sat\u0131rlarda anlayacaks\u0131n\u0131z.                                                             Dostlu\u011fun varl\u0131ktan, ailenin servetten, evlad\u0131n her \u015feyden daha nitelikli oldu\u011fu hakikatini daha iyi fark edeceksiniz.                                              Kazand\u0131\u011f\u0131n\u0131z her bireyin miktar\u0131n\u0131n i\u00e7i bo\u015f, sadece kalitesinin varl\u0131\u011f\u0131n\u0131, kaybetti\u011finiz maneviyat\u0131n asl\u0131nda bir zaruret oldu\u011funu i\u00e7inizde hissedeceksiniz.  Kesintisiz, soluksuz ve bir \u00e7\u0131rp\u0131da okuyaca\u011f\u0131n\u0131z; bir gazetecinin, bir baban\u0131n, bir aile reisinin, bir dostun, bir arkada\u015f\u0131n, uzaklarda ya da yak\u0131nlarda t\u0131pk\u0131 sizin gibi s\u0131radan bir adam\u0131n hik\u00e2yesini bulacaks\u0131n\u0131z.Hayat\u0131 doyas\u0131ya payla\u015fmak ve \u00f6mr\u00fc dolu dolu s\u00fcrd\u00fcrebilmek i\u00e7in \u00f6ncelikle duyumsamak gerekiyor ya\u015fam\u0131.                                                Bu kitapta ald\u0131klar\u0131n\u0131zla verdiklerinizin muhasebesini yapacak, asla eskisi gibi d\u00fc\u015f\u00fcnmeyecek ve katiyen hayat\u0131 d\u00fcnk\u00fc gibi ya\u015famayacaks\u0131n\u0131z.Bana do\u011fruyla yanl\u0131\u015f\u0131 \u00f6\u011freten, e\u011filmeden ayakta durmay\u0131 g\u00f6steren, bolda de\u011fil darda yolda\u015f olan, ayn\u0131 kandan olmasa da karde\u015f misali candan seven herkese; s\u0131n\u0131r\u0131 i\u00e7imde kalan, \u00f6l\u00e7\u00fclemeyecek kadar b\u00fcy\u00fck ve sonu olmayan  te\u015fekk\u00fcrlerimle\u2026Her \u0130nsan Ya\u015fam\u0131n K\u0131y\u0131\u2019s\u0131nda Haberli\u00d6l\u00fcm\u00fcn K\u0131y\u0131\u2019s\u0131nda Habersizdir.<\/p>\n","protected":false},"excerpt":{"rendered":"<p>\u0130nsan\u0131n k\u0131ymeti \u00f6l\u00fcnce, sa\u011fl\u0131\u011f\u0131 ise kaybolunca de\u011fer buluyor demi\u015f b\u00fcy\u00fcklerimiz. \u0130\u015fte bu sa\u011fl\u0131k k\u0131sm\u0131n\u0131 bizzat ya\u015fayan ve \u00f6l\u00fcm denilen sarmal\u0131n K\u0131y\u0131\u2019s\u0131ndan d\u00f6nen biri olarak, \u00e7ok y\u00f6nl\u00fc<span class=\"excerpt-hellip\"> [\u2026]<\/span><\/p>\n","protected":false},"featured_media":0,"template":"","meta":{"_monsterinsights_skip_tracking":false,"_monsterinsights_sitenote_active":false,"_monsterinsights_sitenote_note":"","_monsterinsights_sitenote_category":0},"product_brand":[],"product_cat":[14009,12291],"product_tag":[],"class_list":{"0":"post-727349","1":"product","2":"type-product","3":"status-publish","5":"product_cat-biyografi-otobiyografi-edebiyat","6":"product_cat-edebiyat","7":"pa_cilt-ciltsiz","8":"pa_tur-kitap","9":"pa_yayinevi-vaveyla-yayincilik","10":"pa_yazar-omer-uzun","12":"first","13":"instock","14":"sale","15":"shipping-taxable","16":"purchasable","17":"product-type-simple"},"_links":{"self":[{"href":"https:\/\/roveyayinevi.com.tr\/index.php\/wp-json\/wp\/v2\/product\/727349","targetHints":{"allow":["GET"]}}],"collection":[{"href":"https:\/\/roveyayinevi.com.tr\/index.php\/wp-json\/wp\/v2\/product"}],"about":[{"href":"https:\/\/roveyayinevi.com.tr\/index.php\/wp-json\/wp\/v2\/types\/product"}],"wp:attachment":[{"href":"https:\/\/roveyayinevi.com.tr\/index.php\/wp-json\/wp\/v2\/media?parent=727349"}],"wp:term":[{"taxonomy":"product_brand","embeddable":true,"href":"https:\/\/roveyayinevi.com.tr\/index.php\/wp-json\/wp\/v2\/product_brand?post=727349"},{"taxonomy":"product_cat","embeddable":true,"href":"https:\/\/roveyayinevi.com.tr\/index.php\/wp-json\/wp\/v2\/product_cat?post=727349"},{"taxonomy":"product_tag","embeddable":true,"href":"https:\/\/roveyayinevi.com.tr\/index.php\/wp-json\/wp\/v2\/product_tag?post=727349"}],"curies":[{"name":"wp","href":"https:\/\/api.w.org\/{rel}","templated":true}]}}