{"id":727347,"date":"2025-08-27T20:20:44","date_gmt":"2025-08-27T17:20:44","guid":{"rendered":"https:\/\/roveyayinevi.com.tr\/index.php\/urun\/evliligin-estetik-gecerliligi\/"},"modified":"2025-08-31T16:54:09","modified_gmt":"2025-08-31T13:54:09","slug":"evliligin-estetik-gecerliligi","status":"publish","type":"product","link":"https:\/\/roveyayinevi.com.tr\/index.php\/urun\/evliligin-estetik-gecerliligi\/","title":{"rendered":"Evlili\u011fin Estetik Ge\u00e7erlili\u011fi"},"content":{"rendered":"<p>\u201cEvlilik bir karakter okuludur, insan karakterini y\u00fcceltmek ve e\u011fitmek i\u00e7in evlenir.\u201d Kierkegaard Ya\/Ya da\u2019n\u0131n bir b\u00f6l\u00fcm\u00fcn\u00fc olu\u015fturan Evlili\u011fin Estetik Ge\u00e7erlili\u011fi\u2019nde evlili\u011fin erotik a\u015fk \u00fczerindeki \u00fcst\u00fcnl\u00fc\u011f\u00fcne odaklan\u0131yor. Filozofa g\u00f6re, ya\u015fam deneyiminin \u00fc\u00e7 evresi vard\u0131r: estetik, etik ve dinsel. Estetik evreyi d\u00fcnyevi zevkler olu\u015fturur; bu evredeki estetler bencil, g\u00fcvenilmez ve ge\u00e7ici zevklerin avucunda ya\u015farlar. Ancak etik bir ya\u015fam estetik ya\u015fama, evlilik de salt erotik a\u015fka tercih edilmelidir. Kierkegaard \u201cEvlili\u011fin t\u00f6z\u00fc erotik a\u015fkt\u0131r\u201d der; yani evlilik a\u015fk\u0131 bitirmedi\u011fi gibi, onu kendinde i\u00e7erir. Kierkegaard\u2019un ba\u015ftan \u00e7\u0131kar\u0131c\u0131s\u0131 Johannes\u2019e yarg\u0131\u00e7 Wilhelm\u2019in a\u011fz\u0131ndan yaz\u0131lan, cevap niteli\u011findeki bu metin, evlili\u011fi odak noktas\u0131na al\u0131rken ayn\u0131 zamanda filozofun etik anlay\u0131\u015f\u0131n\u0131 da okura sunuyor.<\/p>\n","protected":false},"excerpt":{"rendered":"<p>\u201cEvlilik bir karakter okuludur, insan karakterini y\u00fcceltmek ve e\u011fitmek i\u00e7in evlenir.\u201d Kierkegaard Ya\/Ya da\u2019n\u0131n bir b\u00f6l\u00fcm\u00fcn\u00fc olu\u015fturan Evlili\u011fin Estetik Ge\u00e7erlili\u011fi\u2019nde evlili\u011fin erotik a\u015fk \u00fczerindeki \u00fcst\u00fcnl\u00fc\u011f\u00fcne odaklan\u0131yor.<span class=\"excerpt-hellip\"> [\u2026]<\/span><\/p>\n","protected":false},"featured_media":0,"template":"","meta":{"_monsterinsights_skip_tracking":false,"_monsterinsights_sitenote_active":false,"_monsterinsights_sitenote_note":"","_monsterinsights_sitenote_category":0},"product_brand":[],"product_cat":[22741,12388],"product_tag":[],"class_list":{"0":"post-727347","1":"product","2":"type-product","3":"status-publish","5":"product_cat-estetik","6":"product_cat-felsefe","7":"pa_cilt-ciltsiz","8":"pa_tur-kitap","9":"pa_yayinevi-alfa-yayinlari","10":"pa_yazar-soren-kierkegaard","12":"first","13":"instock","14":"sale","15":"shipping-taxable","16":"purchasable","17":"product-type-simple"},"_links":{"self":[{"href":"https:\/\/roveyayinevi.com.tr\/index.php\/wp-json\/wp\/v2\/product\/727347","targetHints":{"allow":["GET"]}}],"collection":[{"href":"https:\/\/roveyayinevi.com.tr\/index.php\/wp-json\/wp\/v2\/product"}],"about":[{"href":"https:\/\/roveyayinevi.com.tr\/index.php\/wp-json\/wp\/v2\/types\/product"}],"wp:attachment":[{"href":"https:\/\/roveyayinevi.com.tr\/index.php\/wp-json\/wp\/v2\/media?parent=727347"}],"wp:term":[{"taxonomy":"product_brand","embeddable":true,"href":"https:\/\/roveyayinevi.com.tr\/index.php\/wp-json\/wp\/v2\/product_brand?post=727347"},{"taxonomy":"product_cat","embeddable":true,"href":"https:\/\/roveyayinevi.com.tr\/index.php\/wp-json\/wp\/v2\/product_cat?post=727347"},{"taxonomy":"product_tag","embeddable":true,"href":"https:\/\/roveyayinevi.com.tr\/index.php\/wp-json\/wp\/v2\/product_tag?post=727347"}],"curies":[{"name":"wp","href":"https:\/\/api.w.org\/{rel}","templated":true}]}}