{"id":727344,"date":"2025-08-27T20:20:40","date_gmt":"2025-08-27T17:20:40","guid":{"rendered":"https:\/\/roveyayinevi.com.tr\/index.php\/urun\/hayatta-kal-1\/"},"modified":"2026-04-16T02:35:16","modified_gmt":"2026-04-15T23:35:16","slug":"hayatta-kal-1","status":"publish","type":"product","link":"https:\/\/roveyayinevi.com.tr\/index.php\/urun\/hayatta-kal-1\/","title":{"rendered":"Hayatta Kal 1"},"content":{"rendered":"<p>Sadece a\u011fl\u0131yordum. Kelimeler u\u00e7up gitmi\u015fti bir avazda zihnimin bulan\u0131kl\u0131\u011f\u0131nda. Geceyi ikiye b\u00f6len Ay, o gece de var m\u0131yd\u0131 acaba Samanyolu\u2019nun kuytular\u0131nda? Bilmiyordum ki hangi ya\u015famlar ba\u015flay\u0131p hangileri bitiyordu o saniye. Kimler ya\u015flan\u0131p kimler mutlulu\u011fa yakla\u015f\u0131yordu ben \u00f6l\u00fcme bu kadar yakla\u015fm\u0131\u015fken. Benden daha mutsuz olan\u0131 var m\u0131yd\u0131? Peki, benden daha mutlu olanlar\u0131n kefareti ne olmal\u0131yd\u0131? Ya\u015fay\u0131p da unutamad\u0131\u011f\u0131m, \u00f6lmekle kalmak aras\u0131ndaki o an\u0131ma kimler ortakt\u0131? <\/p>\n","protected":false},"excerpt":{"rendered":"<p>Sadece a\u011fl\u0131yordum. Kelimeler u\u00e7up gitmi\u015fti bir avazda zihnimin bulan\u0131kl\u0131\u011f\u0131nda. Geceyi ikiye b\u00f6len Ay, o gece de var m\u0131yd\u0131 acaba Samanyolu\u2019nun kuytular\u0131nda? Bilmiyordum ki hangi ya\u015famlar ba\u015flay\u0131p<span class=\"excerpt-hellip\"> [\u2026]<\/span><\/p>\n","protected":false},"featured_media":0,"template":"","meta":{"_monsterinsights_skip_tracking":false,"_monsterinsights_sitenote_active":false,"_monsterinsights_sitenote_note":"","_monsterinsights_sitenote_category":0},"product_brand":[],"product_cat":[12291,12711],"product_tag":[],"class_list":{"0":"post-727344","1":"product","2":"type-product","3":"status-publish","5":"product_cat-edebiyat","6":"product_cat-roman-oyku","7":"pa_cilt-ciltsiz","8":"pa_tur-kitap","9":"pa_yayinevi-luna-yayinlari","10":"pa_yazar-gizem-orman","12":"first","13":"instock","14":"sale","15":"shipping-taxable","16":"purchasable","17":"product-type-simple"},"_links":{"self":[{"href":"https:\/\/roveyayinevi.com.tr\/index.php\/wp-json\/wp\/v2\/product\/727344","targetHints":{"allow":["GET"]}}],"collection":[{"href":"https:\/\/roveyayinevi.com.tr\/index.php\/wp-json\/wp\/v2\/product"}],"about":[{"href":"https:\/\/roveyayinevi.com.tr\/index.php\/wp-json\/wp\/v2\/types\/product"}],"wp:attachment":[{"href":"https:\/\/roveyayinevi.com.tr\/index.php\/wp-json\/wp\/v2\/media?parent=727344"}],"wp:term":[{"taxonomy":"product_brand","embeddable":true,"href":"https:\/\/roveyayinevi.com.tr\/index.php\/wp-json\/wp\/v2\/product_brand?post=727344"},{"taxonomy":"product_cat","embeddable":true,"href":"https:\/\/roveyayinevi.com.tr\/index.php\/wp-json\/wp\/v2\/product_cat?post=727344"},{"taxonomy":"product_tag","embeddable":true,"href":"https:\/\/roveyayinevi.com.tr\/index.php\/wp-json\/wp\/v2\/product_tag?post=727344"}],"curies":[{"name":"wp","href":"https:\/\/api.w.org\/{rel}","templated":true}]}}