{"id":727339,"date":"2025-08-27T20:20:36","date_gmt":"2025-08-27T17:20:36","guid":{"rendered":"https:\/\/roveyayinevi.com.tr\/index.php\/urun\/ipin-ucunu-kaciran-insanlar\/"},"modified":"2026-04-16T02:35:16","modified_gmt":"2026-04-15T23:35:16","slug":"ipin-ucunu-kaciran-insanlar","status":"publish","type":"product","link":"https:\/\/roveyayinevi.com.tr\/index.php\/urun\/ipin-ucunu-kaciran-insanlar\/","title":{"rendered":"\u0130pin Ucunu Ka\u00e7\u0131ran \u0130nsanlar"},"content":{"rendered":"<p>&#8220;Osman iyice kendinden ge\u00e7meye ba\u015flam\u0131\u015ft\u0131. Sesi gittik\u00e7e y\u00fckseliyordu ve art\u0131kya\u011fmurun ortas\u0131nda ba\u011f\u0131rmaya ba\u015flam\u0131\u015ft\u0131.- Kimsin sen? Kimsin? Konu\u015f!- Ben senim.- Sa\u00e7ma sapan konu\u015fma! Ben zaten benim. Sen kimsin, kim?!- Ben senin i\u00e7indeyim Osman. Hep i\u00e7indeydim, hep i\u00e7inde olaca\u011f\u0131m.- B\u00f6yle bir \u015fey olamaz. \u0130mk\u00e2ns\u0131z. Dalga ge\u00e7me benimle.- Peki, o zaman. Beni duyuyorsun de\u011fil mi? Ama beni g\u00f6remiyorsun. Neredeyimben? Hadi bul beni.Osman etraf\u0131na \u00f6yle bak\u0131\u015flarla bakt\u0131 ki burada kelimeler kifayetsiz. Uzun, dar,karanl\u0131k ve \u0131slak bir sokakta yapayaln\u0131zd\u0131. Pencereden ni\u00e7in ba\u011f\u0131rd\u0131\u011f\u0131n\u0131 merakedip ona bakan k\u00fc\u00e7\u00fck bir \u00e7ocuk ve ya\u015fl\u0131 bir teyzeden ba\u015fka kimseyi g\u00f6remiyordu.Fakat L\u00fctfi\u2019nin sesi oradayd\u0131.\u201dEdindi\u011fi tek arkada\u015f\u0131ndan sa\u00e7ma bir yanl\u0131\u015f anla\u015f\u0131lma nedeniyle ayr\u0131lmak zorundakalan \u00fcniversite \u00f6\u011frencisi Osman\u2019\u0131n hayat\u0131, bir tek kendisinin duyup g\u00f6rebildi\u011fiL\u00fctfi ile tan\u0131\u015fmas\u0131n\u0131n ard\u0131ndan tahmin edilmesi g\u00fc\u00e7 maceralara s\u00fcr\u00fcklenir.\u0130pin Ucunu Ka\u00e7\u0131ran \u0130nsanlar, okumak i\u00e7in ba\u015fka bir kente gelmi\u015f i\u00e7e d\u00f6n\u00fck vehayalperest bir gencin, birbirinden garip olas\u0131l\u0131klara kap\u0131 aralayan ya\u015fam\u0131n\u0131 yeryer romantik ve kimi zaman da t\u00fcm sert ger\u00e7ekli\u011fiyle okuyucuya sunmaktad\u0131r.<\/p>\n","protected":false},"excerpt":{"rendered":"<p>&#8220;Osman iyice kendinden ge\u00e7meye ba\u015flam\u0131\u015ft\u0131. Sesi gittik\u00e7e y\u00fckseliyordu ve art\u0131kya\u011fmurun ortas\u0131nda ba\u011f\u0131rmaya ba\u015flam\u0131\u015ft\u0131.- Kimsin sen? Kimsin? Konu\u015f!- Ben senim.- Sa\u00e7ma sapan konu\u015fma! Ben zaten benim. Sen<span class=\"excerpt-hellip\"> [\u2026]<\/span><\/p>\n","protected":false},"featured_media":0,"template":"","meta":{"_monsterinsights_skip_tracking":false,"_monsterinsights_sitenote_active":false,"_monsterinsights_sitenote_note":"","_monsterinsights_sitenote_category":0},"product_brand":[],"product_cat":[12291,12711],"product_tag":[],"class_list":{"0":"post-727339","1":"product","2":"type-product","3":"status-publish","5":"product_cat-edebiyat","6":"product_cat-roman-oyku","7":"pa_cilt-ciltsiz","8":"pa_tur-kitap","9":"pa_yayinevi-omca-yayinlari","10":"pa_yazar-irem-nur-taser","12":"first","13":"instock","14":"sale","15":"shipping-taxable","16":"purchasable","17":"product-type-simple"},"_links":{"self":[{"href":"https:\/\/roveyayinevi.com.tr\/index.php\/wp-json\/wp\/v2\/product\/727339","targetHints":{"allow":["GET"]}}],"collection":[{"href":"https:\/\/roveyayinevi.com.tr\/index.php\/wp-json\/wp\/v2\/product"}],"about":[{"href":"https:\/\/roveyayinevi.com.tr\/index.php\/wp-json\/wp\/v2\/types\/product"}],"wp:attachment":[{"href":"https:\/\/roveyayinevi.com.tr\/index.php\/wp-json\/wp\/v2\/media?parent=727339"}],"wp:term":[{"taxonomy":"product_brand","embeddable":true,"href":"https:\/\/roveyayinevi.com.tr\/index.php\/wp-json\/wp\/v2\/product_brand?post=727339"},{"taxonomy":"product_cat","embeddable":true,"href":"https:\/\/roveyayinevi.com.tr\/index.php\/wp-json\/wp\/v2\/product_cat?post=727339"},{"taxonomy":"product_tag","embeddable":true,"href":"https:\/\/roveyayinevi.com.tr\/index.php\/wp-json\/wp\/v2\/product_tag?post=727339"}],"curies":[{"name":"wp","href":"https:\/\/api.w.org\/{rel}","templated":true}]}}