{"id":727338,"date":"2025-08-27T20:20:35","date_gmt":"2025-08-27T17:20:35","guid":{"rendered":"https:\/\/roveyayinevi.com.tr\/index.php\/urun\/bazilari-bazen\/"},"modified":"2026-04-16T02:35:16","modified_gmt":"2026-04-15T23:35:16","slug":"bazilari-bazen","status":"publish","type":"product","link":"https:\/\/roveyayinevi.com.tr\/index.php\/urun\/bazilari-bazen\/","title":{"rendered":"Baz\u0131lar\u0131 Bazen"},"content":{"rendered":"<p>Herkes mutlu olmak ister\u2026   Baz\u0131lar\u0131 annesiyle ya\u015far, baz\u0131lar\u0131 babas\u0131yla, baz\u0131lar\u0131 da her ikisiyle. Baz\u0131lar\u0131 tek \u00e7ocuktur, baz\u0131lar\u0131 kalabal\u0131k bir ailedendir, baz\u0131lar\u0131n\u0131n ailesi yoktur. Her ne olursa olsun, herkes bir yerlere ait olmak ve mutlu olmak ister\u2026   Nergis Seli\u2019nin yazd\u0131\u011f\u0131 Baz\u0131lar\u0131 Bazen kitab\u0131na Eren Caner Polat resimleriyle e\u015flik ediyor<\/p>\n","protected":false},"excerpt":{"rendered":"<p>Herkes mutlu olmak ister\u2026 Baz\u0131lar\u0131 annesiyle ya\u015far, baz\u0131lar\u0131 babas\u0131yla, baz\u0131lar\u0131 da her ikisiyle. Baz\u0131lar\u0131 tek \u00e7ocuktur, baz\u0131lar\u0131 kalabal\u0131k bir ailedendir, baz\u0131lar\u0131n\u0131n ailesi yoktur. Her ne olursa<span class=\"excerpt-hellip\"> [\u2026]<\/span><\/p>\n","protected":false},"featured_media":0,"template":"","meta":{"_monsterinsights_skip_tracking":false,"_monsterinsights_sitenote_active":false,"_monsterinsights_sitenote_note":"","_monsterinsights_sitenote_category":0},"product_brand":[],"product_cat":[12913,12274],"product_tag":[],"class_list":{"0":"post-727338","1":"product","2":"type-product","3":"status-publish","5":"product_cat-3-6-yas-kitaplari","6":"product_cat-cocuk-ve-genclik-kitaplari","7":"pa_cilt-ciltsiz","8":"pa_tur-kitap","9":"pa_yayinevi-yapi-kredi-yayinlari","10":"pa_yazar-nergis-seli","12":"first","13":"instock","14":"sale","15":"shipping-taxable","16":"purchasable","17":"product-type-simple"},"_links":{"self":[{"href":"https:\/\/roveyayinevi.com.tr\/index.php\/wp-json\/wp\/v2\/product\/727338","targetHints":{"allow":["GET"]}}],"collection":[{"href":"https:\/\/roveyayinevi.com.tr\/index.php\/wp-json\/wp\/v2\/product"}],"about":[{"href":"https:\/\/roveyayinevi.com.tr\/index.php\/wp-json\/wp\/v2\/types\/product"}],"wp:attachment":[{"href":"https:\/\/roveyayinevi.com.tr\/index.php\/wp-json\/wp\/v2\/media?parent=727338"}],"wp:term":[{"taxonomy":"product_brand","embeddable":true,"href":"https:\/\/roveyayinevi.com.tr\/index.php\/wp-json\/wp\/v2\/product_brand?post=727338"},{"taxonomy":"product_cat","embeddable":true,"href":"https:\/\/roveyayinevi.com.tr\/index.php\/wp-json\/wp\/v2\/product_cat?post=727338"},{"taxonomy":"product_tag","embeddable":true,"href":"https:\/\/roveyayinevi.com.tr\/index.php\/wp-json\/wp\/v2\/product_tag?post=727338"}],"curies":[{"name":"wp","href":"https:\/\/api.w.org\/{rel}","templated":true}]}}