{"id":727337,"date":"2025-08-27T20:20:34","date_gmt":"2025-08-27T17:20:34","guid":{"rendered":"https:\/\/roveyayinevi.com.tr\/index.php\/urun\/haz-cizzz\/"},"modified":"2026-04-16T02:35:16","modified_gmt":"2026-04-15T23:35:16","slug":"haz-cizzz","status":"publish","type":"product","link":"https:\/\/roveyayinevi.com.tr\/index.php\/urun\/haz-cizzz\/","title":{"rendered":"Haz \/ C\u0131zzz"},"content":{"rendered":"<p>Haz\/C\u0131zzz, \u0130z \u00d6ztat\u2019\u0131n sanatsal ara\u015ft\u0131rma ve \u00fcretim s\u00fcrecinde k\u00fcrat\u00f6r, direkt\u00f6r Bige \u00d6rer ile yaz\u0131\u015fmalar\u0131ndan ve sanat\u00e7\u0131n\u0131n \u201cAsk\u0131da\u201d sergisi sonras\u0131nda ger\u00e7ekle\u015ftirdikleri s\u00f6yle\u015fiden olu\u015fuyor. Okuru, hem dostluklar\u0131na hem de \u00d6ztat\u2019\u0131n sanatsal ara\u015ft\u0131rma s\u00fcrecine tan\u0131kl\u0131k etmeye davet ediyor.   Sergide kararl\u0131 bi\u00e7imler bulan dertlerin, yaz\u0131\u015fmalardaki ham halleriyle payla\u015f\u0131lmas\u0131n\u0131 da, kurulan anlat\u0131larda iyile\u015fmi\u015f ve art\u0131k g\u00f6r\u00fcnmeyen s\u0131yr\u0131klar\u0131 bar\u0131nd\u0131rd\u0131\u011f\u0131 i\u00e7in denemek istiyorum. &#8211; \u0130z \u00d6ztat <\/p>\n","protected":false},"excerpt":{"rendered":"<p>Haz\/C\u0131zzz, \u0130z \u00d6ztat\u2019\u0131n sanatsal ara\u015ft\u0131rma ve \u00fcretim s\u00fcrecinde k\u00fcrat\u00f6r, direkt\u00f6r Bige \u00d6rer ile yaz\u0131\u015fmalar\u0131ndan ve sanat\u00e7\u0131n\u0131n \u201cAsk\u0131da\u201d sergisi sonras\u0131nda ger\u00e7ekle\u015ftirdikleri s\u00f6yle\u015fiden olu\u015fuyor. Okuru, hem dostluklar\u0131na hem<span class=\"excerpt-hellip\"> [\u2026]<\/span><\/p>\n","protected":false},"featured_media":0,"template":"","meta":{"_monsterinsights_skip_tracking":false,"_monsterinsights_sitenote_active":false,"_monsterinsights_sitenote_note":"","_monsterinsights_sitenote_category":0},"product_brand":[],"product_cat":[44608,12408],"product_tag":[],"class_list":{"0":"post-727337","1":"product","2":"type-product","3":"status-publish","5":"product_cat-diger-sanat","6":"product_cat-sanat","7":"pa_cilt-ciltsiz","8":"pa_tur-kitap","9":"pa_yayinevi-yapi-kredi-yayinlari","10":"pa_yazar-bige-orer-iz-oztat","12":"first","13":"instock","14":"sale","15":"shipping-taxable","16":"purchasable","17":"product-type-simple"},"_links":{"self":[{"href":"https:\/\/roveyayinevi.com.tr\/index.php\/wp-json\/wp\/v2\/product\/727337","targetHints":{"allow":["GET"]}}],"collection":[{"href":"https:\/\/roveyayinevi.com.tr\/index.php\/wp-json\/wp\/v2\/product"}],"about":[{"href":"https:\/\/roveyayinevi.com.tr\/index.php\/wp-json\/wp\/v2\/types\/product"}],"wp:attachment":[{"href":"https:\/\/roveyayinevi.com.tr\/index.php\/wp-json\/wp\/v2\/media?parent=727337"}],"wp:term":[{"taxonomy":"product_brand","embeddable":true,"href":"https:\/\/roveyayinevi.com.tr\/index.php\/wp-json\/wp\/v2\/product_brand?post=727337"},{"taxonomy":"product_cat","embeddable":true,"href":"https:\/\/roveyayinevi.com.tr\/index.php\/wp-json\/wp\/v2\/product_cat?post=727337"},{"taxonomy":"product_tag","embeddable":true,"href":"https:\/\/roveyayinevi.com.tr\/index.php\/wp-json\/wp\/v2\/product_tag?post=727337"}],"curies":[{"name":"wp","href":"https:\/\/api.w.org\/{rel}","templated":true}]}}