{"id":727336,"date":"2025-08-27T20:20:33","date_gmt":"2025-08-27T17:20:33","guid":{"rendered":"https:\/\/roveyayinevi.com.tr\/index.php\/urun\/en-iyi-dileklerimle\/"},"modified":"2026-04-16T02:35:16","modified_gmt":"2026-04-15T23:35:16","slug":"en-iyi-dileklerimle","status":"publish","type":"product","link":"https:\/\/roveyayinevi.com.tr\/index.php\/urun\/en-iyi-dileklerimle\/","title":{"rendered":"En \u0130yi Dileklerimle"},"content":{"rendered":"<p>En \u0130yi Dileklerimle, sanat\u00e7\u0131 Volkan Aslan\u2019\u0131n ayn\u0131 adl\u0131 filminin haz\u0131rlan\u0131\u015f s\u00fcrecinde sanat profesyoneli, yazar Elif Kam\u0131\u015fl\u0131 ile yaz\u0131\u015fmalar\u0131ndan olu\u015fuyor. Bu yaz\u0131\u015fmalar kimi zaman \u00e7ocukluk hat\u0131ralar\u0131na kimi zaman u\u011furlamalara kimi zaman g\u00fcn\u00fcn tan\u0131kl\u0131klar\u0131na sahne oluyor. Okuru bir zaman aral\u0131\u011f\u0131nda bir esere d\u00f6n\u00fc\u015fecek anlat\u0131lara \u015fahit olmaya \u00e7a\u011f\u0131r\u0131yor.   Bunlar\u0131 neden anlat\u0131yorum emin de\u011filim. Bir yerlere ba\u011flayabilece\u011fimi umuyorum. San\u0131r\u0131m bendeki \u2018d\u00fczl\u00fc\u011fe\u2019 \u00e7\u0131kacak yollar. T\u00fcm bunlar\u0131 kafamda toparlamaya \u00e7al\u0131\u015f\u0131rken 8. g\u00fcne d\u00f6n\u00fcyor d\u00fcnya. Ka\u00e7 defa daha \u2018Sevgili Elif,\u2019 yazabilirim? &#8211; Volkan Aslan <\/p>\n","protected":false},"excerpt":{"rendered":"<p>En \u0130yi Dileklerimle, sanat\u00e7\u0131 Volkan Aslan\u2019\u0131n ayn\u0131 adl\u0131 filminin haz\u0131rlan\u0131\u015f s\u00fcrecinde sanat profesyoneli, yazar Elif Kam\u0131\u015fl\u0131 ile yaz\u0131\u015fmalar\u0131ndan olu\u015fuyor. Bu yaz\u0131\u015fmalar kimi zaman \u00e7ocukluk hat\u0131ralar\u0131na kimi<span class=\"excerpt-hellip\"> [\u2026]<\/span><\/p>\n","protected":false},"featured_media":0,"template":"","meta":{"_monsterinsights_skip_tracking":false,"_monsterinsights_sitenote_active":false,"_monsterinsights_sitenote_note":"","_monsterinsights_sitenote_category":0},"product_brand":[],"product_cat":[44608,12408],"product_tag":[],"class_list":{"0":"post-727336","1":"product","2":"type-product","3":"status-publish","5":"product_cat-diger-sanat","6":"product_cat-sanat","7":"pa_cilt-ciltsiz","8":"pa_tur-kitap","9":"pa_yayinevi-yapi-kredi-yayinlari","10":"pa_yazar-elif-kamisli-volkan-aslan","12":"first","13":"instock","14":"sale","15":"shipping-taxable","16":"purchasable","17":"product-type-simple"},"_links":{"self":[{"href":"https:\/\/roveyayinevi.com.tr\/index.php\/wp-json\/wp\/v2\/product\/727336","targetHints":{"allow":["GET"]}}],"collection":[{"href":"https:\/\/roveyayinevi.com.tr\/index.php\/wp-json\/wp\/v2\/product"}],"about":[{"href":"https:\/\/roveyayinevi.com.tr\/index.php\/wp-json\/wp\/v2\/types\/product"}],"wp:attachment":[{"href":"https:\/\/roveyayinevi.com.tr\/index.php\/wp-json\/wp\/v2\/media?parent=727336"}],"wp:term":[{"taxonomy":"product_brand","embeddable":true,"href":"https:\/\/roveyayinevi.com.tr\/index.php\/wp-json\/wp\/v2\/product_brand?post=727336"},{"taxonomy":"product_cat","embeddable":true,"href":"https:\/\/roveyayinevi.com.tr\/index.php\/wp-json\/wp\/v2\/product_cat?post=727336"},{"taxonomy":"product_tag","embeddable":true,"href":"https:\/\/roveyayinevi.com.tr\/index.php\/wp-json\/wp\/v2\/product_tag?post=727336"}],"curies":[{"name":"wp","href":"https:\/\/api.w.org\/{rel}","templated":true}]}}