{"id":727333,"date":"2025-08-27T20:20:30","date_gmt":"2025-08-27T17:20:30","guid":{"rendered":"https:\/\/roveyayinevi.com.tr\/index.php\/urun\/gizemli-oykuler-1\/"},"modified":"2026-04-16T02:35:16","modified_gmt":"2026-04-15T23:35:16","slug":"gizemli-oykuler-1","status":"publish","type":"product","link":"https:\/\/roveyayinevi.com.tr\/index.php\/urun\/gizemli-oykuler-1\/","title":{"rendered":"Gizemli \u00d6yk\u00fcler 1"},"content":{"rendered":"<p>\u0130ngiliz Yaz\u0131n\u0131n\u0131n\/Edebiyat\u0131n\u0131n en tan\u0131nm\u0131\u015f roman ve \u00f6yk\u00fc yazarlar\u0131ndan biri olan Charles Dickens, (1812-1870) canl\u0131 betimlemeleri, toplumsal ele\u015ftirileri ve yaratt\u0131\u011f\u0131 \u00f6l\u00fcms\u00fcz tiplemeleriyle, okuyucular\u0131 kendi ya\u015fad\u0131\u011f\u0131 d\u00f6neme ta\u015f\u0131r. Okuma yazmay\u0131 annesinden \u00f6\u011frenen k\u00fc\u00e7\u00fck Charles, evdeki mini k\u00fct\u00fcphanede ne kadar roman varsa okuyarak hayal d\u00fcnyas\u0131n\u0131 geli\u015ftirmi\u015ftir. 12 ya\u015f\u0131na kadar devam etti\u011fi okulundan, ailesi Londra&#8217;ya ta\u015f\u0131n\u0131nca, maddi olanaks\u0131zl\u0131klar y\u00fcz\u00fcnden kopmu\u015f ve k\u00fc\u00e7\u00fck \u00fccretler kar\u015f\u0131l\u0131\u011f\u0131nda \u00e7al\u0131\u015fmaya ba\u015flam\u0131\u015ft\u0131r. Kahramanlar\u0131n \u00e7ocuklar oldu\u011fu, David Copperfield, Oliver Twist, Great Expectations (B\u00fcy\u00fck Beklentiler), ki\u015fisel g\u00f6zlemlerinin yans\u0131t\u0131ld\u0131\u011f\u0131 eserleridir. Romanlar\u0131n\u0131n g\u00f6lgesinde kalan \u00f6yk\u00fcleri de merakl\u0131s\u0131na b\u00fcy\u00fck keyif verdi\u011fi i\u00e7in okuyucular\u0131m\u0131za eserleriyle \u00f6l\u00fcms\u00fczle\u015fen tan\u0131nm\u0131\u015f \u0130ngiliz roman ve \u00f6yk\u00fc yazar\u0131n\u0131n gerilim \u00f6yk\u00fclerinden bir derleme sunuyoruz.Ya\u015fam\u0131ndaki t\u00fcm zorluklara ra\u011fmen vazge\u00e7meyerek, yarat\u0131c\u0131l\u0131\u011f\u0131n\u0131, d\u00f6neminin ger\u00e7ekleriyle birle\u015ftirmi\u015f, tutku ve kararl\u0131l\u0131kla geli\u015ftirdi\u011fi yaz\u0131n becerisini okuyucular\u0131na sunan bu b\u00fcy\u00fck yazara sayg\u0131lar\u0131m\u0131zla&#8230;<\/p>\n","protected":false},"excerpt":{"rendered":"<p>\u0130ngiliz Yaz\u0131n\u0131n\u0131n\/Edebiyat\u0131n\u0131n en tan\u0131nm\u0131\u015f roman ve \u00f6yk\u00fc yazarlar\u0131ndan biri olan Charles Dickens, (1812-1870) canl\u0131 betimlemeleri, toplumsal ele\u015ftirileri ve yaratt\u0131\u011f\u0131 \u00f6l\u00fcms\u00fcz tiplemeleriyle, okuyucular\u0131 kendi ya\u015fad\u0131\u011f\u0131 d\u00f6neme ta\u015f\u0131r.<span class=\"excerpt-hellip\"> [\u2026]<\/span><\/p>\n","protected":false},"featured_media":0,"template":"","meta":{"_monsterinsights_skip_tracking":false,"_monsterinsights_sitenote_active":false,"_monsterinsights_sitenote_note":"","_monsterinsights_sitenote_category":0},"product_brand":[],"product_cat":[12291,12711],"product_tag":[],"class_list":{"0":"post-727333","1":"product","2":"type-product","3":"status-publish","5":"product_cat-edebiyat","6":"product_cat-roman-oyku","7":"pa_cilt-ciltsiz","8":"pa_tur-kitap","9":"pa_yayinevi-cumhuriyet-kitaplari","10":"pa_yazar-cumhuriyet-kitaplari-kolektif","12":"first","13":"instock","14":"sale","15":"shipping-taxable","16":"purchasable","17":"product-type-simple"},"_links":{"self":[{"href":"https:\/\/roveyayinevi.com.tr\/index.php\/wp-json\/wp\/v2\/product\/727333","targetHints":{"allow":["GET"]}}],"collection":[{"href":"https:\/\/roveyayinevi.com.tr\/index.php\/wp-json\/wp\/v2\/product"}],"about":[{"href":"https:\/\/roveyayinevi.com.tr\/index.php\/wp-json\/wp\/v2\/types\/product"}],"wp:attachment":[{"href":"https:\/\/roveyayinevi.com.tr\/index.php\/wp-json\/wp\/v2\/media?parent=727333"}],"wp:term":[{"taxonomy":"product_brand","embeddable":true,"href":"https:\/\/roveyayinevi.com.tr\/index.php\/wp-json\/wp\/v2\/product_brand?post=727333"},{"taxonomy":"product_cat","embeddable":true,"href":"https:\/\/roveyayinevi.com.tr\/index.php\/wp-json\/wp\/v2\/product_cat?post=727333"},{"taxonomy":"product_tag","embeddable":true,"href":"https:\/\/roveyayinevi.com.tr\/index.php\/wp-json\/wp\/v2\/product_tag?post=727333"}],"curies":[{"name":"wp","href":"https:\/\/api.w.org\/{rel}","templated":true}]}}