{"id":727332,"date":"2025-08-27T20:20:30","date_gmt":"2025-08-27T17:20:30","guid":{"rendered":"https:\/\/roveyayinevi.com.tr\/index.php\/urun\/okyanuslar-hubert-reeves-anlatiyor\/"},"modified":"2026-04-16T02:35:16","modified_gmt":"2026-04-15T23:35:16","slug":"okyanuslar-hubert-reeves-anlatiyor","status":"publish","type":"product","link":"https:\/\/roveyayinevi.com.tr\/index.php\/urun\/okyanuslar-hubert-reeves-anlatiyor\/","title":{"rendered":"Okyanuslar &#8211; Hubert Reeves Anlat\u0131yor"},"content":{"rendered":"<p>Hubert Reeves ile birlikte derin denizlere do\u011fru bir ke\u015fif yolculu\u011funa \u00e7\u0131k\u0131yoruz. Okyanuslar\u0131n yap\u0131s\u0131n\u0131, deniz ak\u0131nt\u0131lar\u0131n\u0131n ve gelgitlerin nedenlerini, bunlar\u0131n iklimle ili\u015fkisini, sualt\u0131 yanarda\u011flar\u0131n\u0131n b\u00fcy\u00fcleyici olu\u015fumunu \u00f6rnekleriyle Reeves\u2019den dinliyoruz. Okyanuslar ile gezegenimizin gelece\u011fi aras\u0131ndaki ba\u011f\u0131n \u00f6nemine vurgu yapan bu bilimsel \u00e7izgi roman\u0131n konuklar\u0131 aras\u0131nda Christophe Colomb, Prof. Piccard, Jules Verne ve hatta Edvard Munch da var. Okyanusa a\u00e7\u0131l\u0131yoruz, haz\u0131r m\u0131s\u0131n\u0131z?<\/p>\n","protected":false},"excerpt":{"rendered":"<p>Hubert Reeves ile birlikte derin denizlere do\u011fru bir ke\u015fif yolculu\u011funa \u00e7\u0131k\u0131yoruz. Okyanuslar\u0131n yap\u0131s\u0131n\u0131, deniz ak\u0131nt\u0131lar\u0131n\u0131n ve gelgitlerin nedenlerini, bunlar\u0131n iklimle ili\u015fkisini, sualt\u0131 yanarda\u011flar\u0131n\u0131n b\u00fcy\u00fcleyici olu\u015fumunu \u00f6rnekleriyle<span class=\"excerpt-hellip\"> [\u2026]<\/span><\/p>\n","protected":false},"featured_media":0,"template":"","meta":{"_monsterinsights_skip_tracking":false,"_monsterinsights_sitenote_active":false,"_monsterinsights_sitenote_note":"","_monsterinsights_sitenote_category":0},"product_brand":[],"product_cat":[12275,12274],"product_tag":[],"class_list":{"0":"post-727332","1":"product","2":"type-product","3":"status-publish","5":"product_cat-6-12-yas-kitaplari","6":"product_cat-cocuk-ve-genclik-kitaplari","7":"pa_cilt-ciltsiz","8":"pa_tur-kitap","9":"pa_yayinevi-kuraldisi-yayinevi","10":"pa_yazar-hubert-reeves-david-vandermeulen","12":"first","13":"instock","14":"sale","15":"shipping-taxable","16":"purchasable","17":"product-type-simple"},"_links":{"self":[{"href":"https:\/\/roveyayinevi.com.tr\/index.php\/wp-json\/wp\/v2\/product\/727332","targetHints":{"allow":["GET"]}}],"collection":[{"href":"https:\/\/roveyayinevi.com.tr\/index.php\/wp-json\/wp\/v2\/product"}],"about":[{"href":"https:\/\/roveyayinevi.com.tr\/index.php\/wp-json\/wp\/v2\/types\/product"}],"wp:attachment":[{"href":"https:\/\/roveyayinevi.com.tr\/index.php\/wp-json\/wp\/v2\/media?parent=727332"}],"wp:term":[{"taxonomy":"product_brand","embeddable":true,"href":"https:\/\/roveyayinevi.com.tr\/index.php\/wp-json\/wp\/v2\/product_brand?post=727332"},{"taxonomy":"product_cat","embeddable":true,"href":"https:\/\/roveyayinevi.com.tr\/index.php\/wp-json\/wp\/v2\/product_cat?post=727332"},{"taxonomy":"product_tag","embeddable":true,"href":"https:\/\/roveyayinevi.com.tr\/index.php\/wp-json\/wp\/v2\/product_tag?post=727332"}],"curies":[{"name":"wp","href":"https:\/\/api.w.org\/{rel}","templated":true}]}}