{"id":727330,"date":"2025-08-27T20:20:27","date_gmt":"2025-08-27T17:20:27","guid":{"rendered":"https:\/\/roveyayinevi.com.tr\/index.php\/urun\/yenik-dusme-zamana\/"},"modified":"2026-04-16T02:35:16","modified_gmt":"2026-04-15T23:35:16","slug":"yenik-dusme-zamana","status":"publish","type":"product","link":"https:\/\/roveyayinevi.com.tr\/index.php\/urun\/yenik-dusme-zamana\/","title":{"rendered":"Yenik D\u00fc\u015fme Zamana"},"content":{"rendered":"<p>\u201cSabahlar\u0131 inceden so\u011fuyunca hava,damarlar\u0131 belirginle\u015fip ye\u015filden sar\u0131ya d\u00f6nerken yapraklar,g\u00fcne\u015f yeni \u00e7\u00fcr\u00fcmeye ba\u015flam\u0131\u015f bir tay gibi\u00e7ekingen gelirken g\u00fcne, gri bulutlara art\u0131k daha s\u0131krastlarken g\u00f6kte&#8230; Sevgilim, yan\u0131mda uyan.Sen her zaman g\u00fczelsin.\u201dHalis Karabenli\u2019den zamana kar\u015f\u0131 zaman\u0131n i\u00e7inden metinler.Duru, devingen ve al\u0131p dinginli\u011fe g\u00f6t\u00fcren bir anlat\u0131m.Y\u00fcre\u011finizde hissedeceksiniz..<\/p>\n","protected":false},"excerpt":{"rendered":"<p>\u201cSabahlar\u0131 inceden so\u011fuyunca hava,damarlar\u0131 belirginle\u015fip ye\u015filden sar\u0131ya d\u00f6nerken yapraklar,g\u00fcne\u015f yeni \u00e7\u00fcr\u00fcmeye ba\u015flam\u0131\u015f bir tay gibi\u00e7ekingen gelirken g\u00fcne, gri bulutlara art\u0131k daha s\u0131krastlarken g\u00f6kte&#8230; Sevgilim, yan\u0131mda uyan.Sen<span class=\"excerpt-hellip\"> [\u2026]<\/span><\/p>\n","protected":false},"featured_media":0,"template":"","meta":{"_monsterinsights_skip_tracking":false,"_monsterinsights_sitenote_active":false,"_monsterinsights_sitenote_note":"","_monsterinsights_sitenote_category":0},"product_brand":[],"product_cat":[12777,12291],"product_tag":[],"class_list":{"0":"post-727330","1":"product","2":"type-product","3":"status-publish","5":"product_cat-deneme","6":"product_cat-edebiyat","7":"pa_cilt-ciltsiz","8":"pa_tur-kitap","9":"pa_yayinevi-hayykitap","10":"pa_yazar-halis-karabenli","12":"first","13":"instock","14":"sale","15":"shipping-taxable","16":"purchasable","17":"product-type-simple"},"_links":{"self":[{"href":"https:\/\/roveyayinevi.com.tr\/index.php\/wp-json\/wp\/v2\/product\/727330","targetHints":{"allow":["GET"]}}],"collection":[{"href":"https:\/\/roveyayinevi.com.tr\/index.php\/wp-json\/wp\/v2\/product"}],"about":[{"href":"https:\/\/roveyayinevi.com.tr\/index.php\/wp-json\/wp\/v2\/types\/product"}],"wp:attachment":[{"href":"https:\/\/roveyayinevi.com.tr\/index.php\/wp-json\/wp\/v2\/media?parent=727330"}],"wp:term":[{"taxonomy":"product_brand","embeddable":true,"href":"https:\/\/roveyayinevi.com.tr\/index.php\/wp-json\/wp\/v2\/product_brand?post=727330"},{"taxonomy":"product_cat","embeddable":true,"href":"https:\/\/roveyayinevi.com.tr\/index.php\/wp-json\/wp\/v2\/product_cat?post=727330"},{"taxonomy":"product_tag","embeddable":true,"href":"https:\/\/roveyayinevi.com.tr\/index.php\/wp-json\/wp\/v2\/product_tag?post=727330"}],"curies":[{"name":"wp","href":"https:\/\/api.w.org\/{rel}","templated":true}]}}