{"id":727328,"date":"2025-08-27T20:20:26","date_gmt":"2025-08-27T17:20:26","guid":{"rendered":"https:\/\/roveyayinevi.com.tr\/index.php\/urun\/0000-biri-sizi-dusunuyor\/"},"modified":"2026-04-16T02:35:16","modified_gmt":"2026-04-15T23:35:16","slug":"0000-biri-sizi-dusunuyor","status":"publish","type":"product","link":"https:\/\/roveyayinevi.com.tr\/index.php\/urun\/0000-biri-sizi-dusunuyor\/","title":{"rendered":"00:00 Biri Sizi D\u00fc\u015f\u00fcn\u00fcyor"},"content":{"rendered":"<p>\u0130ngiliz Dili ve Edebiyat\u0131 okuyan Nazl\u0131 ve Ezel, Jane Austen \u00fczerine ortak bir \u00f6dev haz\u0131rlamak zorunda kal\u0131rlar. Ancak bu \u00f6dev zamanla Nazl\u0131\u2019n\u0131n kendi hayat\u0131yla hesapla\u015fma i\u015fine d\u00f6n\u00fc\u015f\u00fcr. Ge\u00e7mi\u015fini unutarak kendine yeni bir kimlik belirleyen Nazl\u0131, her att\u0131\u011f\u0131 ad\u0131mda karanl\u0131k d\u00fc\u015flerine biraz daha g\u00f6m\u00fcl\u00fcr. Bu yolda ona ne en yak\u0131n arkada\u015f\u0131 Ecem, ne Ezel, ne de di\u011fer insanlar yard\u0131mc\u0131 olabilirler. \u00c7\u00fcnk\u00fc bu tamamen, Nazl\u0131\u2019n\u0131n \u00e7\u00f6zebilece\u011fi bir k\u00f6rd\u00fc\u011f\u00fcmd\u00fcr.   Edebiyat ve sanata dair hem ho\u015f hem de sorgulay\u0131c\u0131 ayr\u0131nt\u0131lar\u0131n yer ald\u0131\u011f\u0131 00.00 Biri Sizi D\u00fc\u015f\u00fcn\u00fcyor a\u015fk\u0131 en derinlerde bulmaya \u00e7al\u0131\u015fan bir roman. Ve ba\u015f d\u00f6nd\u00fcr\u00fcc\u00fc, bir atl\u0131kar\u0131ncada vakit ge\u00e7iriyormu\u015f gibi\u2026   Herkesin d\u00fcnyada bir kez birine kar\u015f\u0131, insanlar\u0131n a\u015fk dedi\u011fi o \u015feyi hissedebilece\u011fine inan\u0131yordum ve kendi hakk\u0131m\u0131 \u00e7oktan kulland\u0131\u011f\u0131m\u0131 biliyordum <\/p>\n","protected":false},"excerpt":{"rendered":"<p>\u0130ngiliz Dili ve Edebiyat\u0131 okuyan Nazl\u0131 ve Ezel, Jane Austen \u00fczerine ortak bir \u00f6dev haz\u0131rlamak zorunda kal\u0131rlar. Ancak bu \u00f6dev zamanla Nazl\u0131\u2019n\u0131n kendi hayat\u0131yla hesapla\u015fma i\u015fine<span class=\"excerpt-hellip\"> [\u2026]<\/span><\/p>\n","protected":false},"featured_media":0,"template":"","meta":{"_monsterinsights_skip_tracking":false,"_monsterinsights_sitenote_active":false,"_monsterinsights_sitenote_note":"","_monsterinsights_sitenote_category":0},"product_brand":[],"product_cat":[12291,12711],"product_tag":[],"class_list":{"0":"post-727328","1":"product","2":"type-product","3":"status-publish","5":"product_cat-edebiyat","6":"product_cat-roman-oyku","7":"pa_cilt-ciltsiz","8":"pa_tur-kitap","9":"pa_yayinevi-ephesus-yayinlari","10":"pa_yazar-n-g-kabal","12":"first","13":"instock","14":"sale","15":"shipping-taxable","16":"purchasable","17":"product-type-simple"},"_links":{"self":[{"href":"https:\/\/roveyayinevi.com.tr\/index.php\/wp-json\/wp\/v2\/product\/727328","targetHints":{"allow":["GET"]}}],"collection":[{"href":"https:\/\/roveyayinevi.com.tr\/index.php\/wp-json\/wp\/v2\/product"}],"about":[{"href":"https:\/\/roveyayinevi.com.tr\/index.php\/wp-json\/wp\/v2\/types\/product"}],"wp:attachment":[{"href":"https:\/\/roveyayinevi.com.tr\/index.php\/wp-json\/wp\/v2\/media?parent=727328"}],"wp:term":[{"taxonomy":"product_brand","embeddable":true,"href":"https:\/\/roveyayinevi.com.tr\/index.php\/wp-json\/wp\/v2\/product_brand?post=727328"},{"taxonomy":"product_cat","embeddable":true,"href":"https:\/\/roveyayinevi.com.tr\/index.php\/wp-json\/wp\/v2\/product_cat?post=727328"},{"taxonomy":"product_tag","embeddable":true,"href":"https:\/\/roveyayinevi.com.tr\/index.php\/wp-json\/wp\/v2\/product_tag?post=727328"}],"curies":[{"name":"wp","href":"https:\/\/api.w.org\/{rel}","templated":true}]}}