{"id":727326,"date":"2025-08-27T20:20:24","date_gmt":"2025-08-27T17:20:24","guid":{"rendered":"https:\/\/roveyayinevi.com.tr\/index.php\/urun\/osmanlida-pasalar-ve-padisahlar-1421-1520\/"},"modified":"2026-04-16T02:35:16","modified_gmt":"2026-04-15T23:35:16","slug":"osmanlida-pasalar-ve-padisahlar-1421-1520","status":"publish","type":"product","link":"https:\/\/roveyayinevi.com.tr\/index.php\/urun\/osmanlida-pasalar-ve-padisahlar-1421-1520\/","title":{"rendered":"Osmanl\u0131da Pa\u015falar ve Padi\u015fahlar 1421 &#8211; 1520"},"content":{"rendered":"<p>Vezaret kurumu, t\u00fcm siyasi te\u015fekk\u00fcller gibi Osmanl\u0131 imparatorlu\u011funun da temel yap\u0131 ta\u015flar\u0131ndan biriydi ve bu mevkide bulunan vezirler de devlet mekanizmas\u0131n\u0131n ba\u015fat unsurlar\u0131ndan idiler. Osman Beg\u2019in S\u00f6\u011f\u00fct suba\u015f\u0131s\u0131 ve u\u00e7 beyi olarak se\u00e7ildi\u011fi andan itibaren, hemen yan\u0131 ba\u015f\u0131nda amcas\u0131 D\u00fcndar Beg\u2019in etkin ve n\u00fcfuzlu bir fig\u00fcr olarak kar\u015f\u0131m\u0131za \u00e7\u0131kmas\u0131 bir rastlant\u0131 de\u011fildir. Beyli\u011fin b\u00fct\u00fcn \u00f6nemli i\u015flerini ve kararlar\u0131n\u0131 dan\u0131\u015ft\u0131\u011f\u0131 D\u00fcndar, bir bak\u0131ma kendisinin vekil ve dan\u0131\u015fman\u0131, yani veziri olarak t\u00fcm geli\u015fmelerin i\u00e7indeydi. Benzer \u015fekilde \u00e7ekirdek kadroda bulunan asker\u00ee elitler (kudretli alplar), fakihler ve ulema \u00f6nderleri, asker\u00ee, idari, mali, hukuki ve b\u00fcrokratik yap\u0131lar\u0131n olu\u015fumunda ya\u015famsal roller icra eden \u00f6nemli ki\u015filerdi. B\u00f6ylece hen\u00fcz Osman Beg\u2019den itibaren, kurulu\u015f s\u00fcrecindeki b\u00fct\u00fcn i\u015flerin icra ve ifas\u0131nda, beylerin vekil ve dan\u0131\u015fmanlar\u0131 olarak vezir s\u0131fat\u0131n\u0131 haiz ki\u015filer belirgin bir bi\u00e7imde ortaya \u00e7\u0131karak, Osmanl\u0131 \u00fcst y\u00f6netiminin merkezine yerle\u015fmi\u015flerdir. Pa\u015falar ve Padi\u015fahlar, kurulu\u015f ve y\u00fckselme d\u00f6nemlerinde kritik hadiselerin cereyan etti\u011fi II. Murad, II. Mehmed, II. Bayezid ve I. Selim\u2019in saltanat y\u0131llar\u0131nda pa\u015fa unvan\u0131yla temay\u00fcz etmi\u015f olan Osmanl\u0131 asker\u00ee ve idari elitleri \u00fczerine odaklanmaktad\u0131r. \u00c7al\u0131\u015fman\u0131n, monografik eserlerle, ikincil kaynaklar \u2013\u00f6zellikle vakayinameler- \u00fczerinde sarf edilen yo\u011fun ve titiz bir mesai sonucunda haz\u0131rland\u0131\u011f\u0131 derh\u00e2l g\u00f6ze \u00e7arp\u0131yor. Yazar Kas\u0131m Bolat, \u00f6zellikle kronik, tarih ve biyografi cinsi kaynaklardan dev\u015firdi\u011fi veriler \u0131\u015f\u0131\u011f\u0131nda, yakla\u015f\u0131k y\u00fcz y\u0131ll\u0131k bir d\u00f6nemde (1421-1520) vezirlik mevkiini i\u015fgal etmi\u015f bulunan pa\u015falar\u0131 belirleyerek, bunlar\u0131 kimlikleri, k\u00f6kenleri, kariyerleri ve ifa ettikleri icraatlar ba\u011flam\u0131nda mercek alt\u0131na almak suretiyle \u00f6zg\u00fcn bir yere ta\u015f\u0131maktad\u0131r. \u00c7al\u0131\u015fman\u0131n en dikkat \u00e7ekici \u00f6zelliklerinden birini, yazar\u0131n kaynaklara yakla\u015f\u0131m\u0131n\u0131 belirleyen y\u00f6ntem olu\u015fturmaktad\u0131r. A\u015f\u0131kpa\u015fazade, Mehmed Ne\u015fr\u00ee, \u0130bn Kemal gibi bir\u00e7ok m\u00fcverrihin sundu\u011fu verileri \u00f6ncelikle tarih-tarih\u00e7i-kaynak d\u00fczleminde esasl\u0131 bir sa\u011flamaya tabi tutan Bolat, bu hususta b\u00fcy\u00fck tarih\u00e7imiz Halil \u0130nalc\u0131k\u2019\u0131n ortaya koydu\u011fu ikaz ve y\u00f6ntemlere de sad\u0131k bir tav\u0131r tak\u0131nm\u0131\u015ft\u0131r. B\u00f6ylece pa\u015falara yakla\u015f\u0131mlar\u0131 \u00fczerinden ilgili yazarlar\u0131n zihniyet, tutum ve hisleri de bir dereceye kadar \u00e7\u00f6z\u00fcmlenmi\u015ftir. Vezirler aras\u0131nda vuku bulan gerilim, hizip ve \u00e7at\u0131\u015fmalar\u0131 da ele alan yazar, \u0130nalc\u0131k hocan\u0131n hen\u00fcz 1950\u2019lerde ortaya \u00e7\u0131kard\u0131\u011f\u0131, \u201c\u00fcst y\u00f6netimdeki k\u00f6kensel rekabet ve g\u00fc\u00e7 m\u00fccadelesinin imparatorlu\u011fu yer yer derin bunal\u0131mlara ve tehlikeli sonu\u00e7lara s\u00fcr\u00fckleyi\u015fi\u201d ger\u00e7e\u011fini vurgulayarak, bu hususta olduk\u00e7a dramatik tespit ve ya\u015fanm\u0131\u015fl\u0131klar aktarmaktad\u0131r.  Son olarak \u015funu s\u00f6ylemeliyim ki, y\u00fcz y\u0131ll\u0131k kritik bir d\u00f6nemde imparatorlu\u011fun kurumsal yap\u0131lanmas\u0131nda ve siyasi, idari ve asker\u00ee faaliyetlerinde \u00f6nemli hizmetlerde bulunan vezirlerin \u00f6yk\u00fcs\u00fc, kesintisiz bir bi\u00e7imde okuyucuyu yazar\u0131n imgeleminde v\u00fccut bulan soluksuz evrenin i\u00e7erisine s\u00fcr\u00fckl\u00fcyor\u2026 Do\u00e7. Dr. U\u011fur Altu\u011f<\/p>\n","protected":false},"excerpt":{"rendered":"<p>Vezaret kurumu, t\u00fcm siyasi te\u015fekk\u00fcller gibi Osmanl\u0131 imparatorlu\u011funun da temel yap\u0131 ta\u015flar\u0131ndan biriydi ve bu mevkide bulunan vezirler de devlet mekanizmas\u0131n\u0131n ba\u015fat unsurlar\u0131ndan idiler. Osman Beg\u2019in<span class=\"excerpt-hellip\"> [\u2026]<\/span><\/p>\n","protected":false},"featured_media":0,"template":"","meta":{"_monsterinsights_skip_tracking":false,"_monsterinsights_sitenote_active":false,"_monsterinsights_sitenote_note":"","_monsterinsights_sitenote_category":0},"product_brand":[],"product_cat":[13517,12304],"product_tag":[],"class_list":{"0":"post-727326","1":"product","2":"type-product","3":"status-publish","5":"product_cat-osmanli-tarihi","6":"product_cat-tarih","7":"pa_cilt-ciltsiz","8":"pa_tur-kitap","9":"pa_yayinevi-otuken-nesriyat","10":"pa_yazar-kasim-bolat","12":"first","13":"instock","14":"sale","15":"shipping-taxable","16":"purchasable","17":"product-type-simple"},"_links":{"self":[{"href":"https:\/\/roveyayinevi.com.tr\/index.php\/wp-json\/wp\/v2\/product\/727326","targetHints":{"allow":["GET"]}}],"collection":[{"href":"https:\/\/roveyayinevi.com.tr\/index.php\/wp-json\/wp\/v2\/product"}],"about":[{"href":"https:\/\/roveyayinevi.com.tr\/index.php\/wp-json\/wp\/v2\/types\/product"}],"wp:attachment":[{"href":"https:\/\/roveyayinevi.com.tr\/index.php\/wp-json\/wp\/v2\/media?parent=727326"}],"wp:term":[{"taxonomy":"product_brand","embeddable":true,"href":"https:\/\/roveyayinevi.com.tr\/index.php\/wp-json\/wp\/v2\/product_brand?post=727326"},{"taxonomy":"product_cat","embeddable":true,"href":"https:\/\/roveyayinevi.com.tr\/index.php\/wp-json\/wp\/v2\/product_cat?post=727326"},{"taxonomy":"product_tag","embeddable":true,"href":"https:\/\/roveyayinevi.com.tr\/index.php\/wp-json\/wp\/v2\/product_tag?post=727326"}],"curies":[{"name":"wp","href":"https:\/\/api.w.org\/{rel}","templated":true}]}}