{"id":727325,"date":"2025-08-27T20:20:23","date_gmt":"2025-08-27T17:20:23","guid":{"rendered":"https:\/\/roveyayinevi.com.tr\/index.php\/urun\/hz-muhammed-ve-islamiyet-ciltli\/"},"modified":"2026-04-16T02:35:16","modified_gmt":"2026-04-15T23:35:16","slug":"hz-muhammed-ve-islamiyet-ciltli","status":"publish","type":"product","link":"https:\/\/roveyayinevi.com.tr\/index.php\/urun\/hz-muhammed-ve-islamiyet-ciltli\/","title":{"rendered":"Hz. Muhammed ve \u0130slamiyet (Ciltli)"},"content":{"rendered":"<p>Eric Schroeder, \u0130sl\u00e2m tarihini b\u00fct\u00fcn \u015fa\u015faas\u0131 ile anlatan hik\u00e2yeleri, konuya ili\u015fkin d\u00f6rt y\u00fcze yak\u0131n tarih\u00e7i, vakan\u00fcvis, \u015fair ve kahraman\u0131n kitaplar\u0131n\u0131 yedi y\u0131l boyunca titizlikle tarayarak ortaya \u00e7\u0131kard\u0131\u011f\u0131 bu eserde, yapt\u0131\u011f\u0131 tasnifin sonucunda en k\u0131ymetli ve canl\u0131 olanlar\u0131 kronolojik bir s\u0131rayla okuyucuya sunuyor. \u0130sl\u00e2m medeniyetini meydana getiren tarih\u00ee \u015fahsiyetler, \u00f6zenli bir aktar\u0131mla ete kemi\u011fe b\u00fcr\u00fcn\u00fcyor ve tan\u0131kl\u0131klar\u0131n\u0131 dile getiriyor. Belge ve kaynak odakl\u0131 bir tarih perspektifi geli\u015ftiren Schroeder, tarih\u00e7inin g\u00f6revinin belgeler hakk\u0131nda fikir y\u00fcr\u00fctmek ya da tarih\u00ee olaylar ve \u015fah\u0131slar hakk\u0131nda h\u00fck\u00fcm vermek olmad\u0131\u011f\u0131na inan\u0131yor. Bu nedenle de \u0130sl\u00e2m tarihi ile okuyucular\u0131n aras\u0131ndan \u00e7ekilmek ve karar\u0131 okuyuculara b\u0131rakmak i\u00e7in azami gayret sarf ediyor.Daha \u00f6nce yay\u0131nevimiz taraf\u0131ndan \u201cHz. Muhammed\u2019in \u0130zinde\u201d ad\u0131yla bas\u0131lm\u0131\u015f olan bu eser, terc\u00fcmesinin g\u00fcncellenip kitaptaki eksiklerinin giderilmesiyle yeni bir h\u00fcviyete b\u00fcr\u00fcnd\u00fc. Bu sebeple i\u00e7eri\u011fini daha do\u011fru yans\u0131tt\u0131\u011f\u0131 d\u00fc\u015f\u00fcn\u00fclen yeni bir adla okurlar\u0131n istifadesine sunuldu\u2026<\/p>\n","protected":false},"excerpt":{"rendered":"<p>Eric Schroeder, \u0130sl\u00e2m tarihini b\u00fct\u00fcn \u015fa\u015faas\u0131 ile anlatan hik\u00e2yeleri, konuya ili\u015fkin d\u00f6rt y\u00fcze yak\u0131n tarih\u00e7i, vakan\u00fcvis, \u015fair ve kahraman\u0131n kitaplar\u0131n\u0131 yedi y\u0131l boyunca titizlikle tarayarak ortaya<span class=\"excerpt-hellip\"> [\u2026]<\/span><\/p>\n","protected":false},"featured_media":0,"template":"","meta":{"_monsterinsights_skip_tracking":false,"_monsterinsights_sitenote_active":false,"_monsterinsights_sitenote_note":"","_monsterinsights_sitenote_category":0},"product_brand":[],"product_cat":[13036,12718,12719],"product_tag":[],"class_list":{"0":"post-727325","1":"product","2":"type-product","3":"status-publish","5":"product_cat-arastirma-inceleme-islam","6":"product_cat-din","7":"product_cat-islam","8":"pa_cilt-ciltli","9":"pa_tur-kitap","10":"pa_yayinevi-kapi-yayinlari","11":"pa_yazar-eric-schroeder","13":"first","14":"instock","15":"sale","16":"shipping-taxable","17":"purchasable","18":"product-type-simple"},"_links":{"self":[{"href":"https:\/\/roveyayinevi.com.tr\/index.php\/wp-json\/wp\/v2\/product\/727325","targetHints":{"allow":["GET"]}}],"collection":[{"href":"https:\/\/roveyayinevi.com.tr\/index.php\/wp-json\/wp\/v2\/product"}],"about":[{"href":"https:\/\/roveyayinevi.com.tr\/index.php\/wp-json\/wp\/v2\/types\/product"}],"wp:attachment":[{"href":"https:\/\/roveyayinevi.com.tr\/index.php\/wp-json\/wp\/v2\/media?parent=727325"}],"wp:term":[{"taxonomy":"product_brand","embeddable":true,"href":"https:\/\/roveyayinevi.com.tr\/index.php\/wp-json\/wp\/v2\/product_brand?post=727325"},{"taxonomy":"product_cat","embeddable":true,"href":"https:\/\/roveyayinevi.com.tr\/index.php\/wp-json\/wp\/v2\/product_cat?post=727325"},{"taxonomy":"product_tag","embeddable":true,"href":"https:\/\/roveyayinevi.com.tr\/index.php\/wp-json\/wp\/v2\/product_tag?post=727325"}],"curies":[{"name":"wp","href":"https:\/\/api.w.org\/{rel}","templated":true}]}}