{"id":727324,"date":"2025-08-27T20:20:22","date_gmt":"2025-08-27T17:20:22","guid":{"rendered":"https:\/\/roveyayinevi.com.tr\/index.php\/urun\/sozlerin-buyukleri-buyuklerin-sozleri\/"},"modified":"2026-04-16T02:35:16","modified_gmt":"2026-04-15T23:35:16","slug":"sozlerin-buyukleri-buyuklerin-sozleri","status":"publish","type":"product","link":"https:\/\/roveyayinevi.com.tr\/index.php\/urun\/sozlerin-buyukleri-buyuklerin-sozleri\/","title":{"rendered":"S\u00f6zlerin B\u00fcy\u00fckleri B\u00fcy\u00fcklerin  S\u00f6zleri"},"content":{"rendered":"<p>Basri Gocul, d\u00fcnyadaki fikir adamlar\u0131n\u0131n, \u00fcnl\u00fc d\u00fc\u015f\u00fcn\u00fcrlerin ve pek \u00e7ok \u0130slam \u00e2liminin veciz s\u00f6zlerini, tarihin karanl\u0131klar\u0131n\u0131 ve kitaplar\u0131n tozlu sayfalar\u0131n\u0131 kar\u0131\u015ft\u0131rarak onlar\u0131 g\u00fcn \u0131\u015f\u0131\u011f\u0131na \u00e7\u0131kartm\u0131\u015f, \u00f6nce derlemi\u015f sonra \u00e7oklar\u0131n\u0131n yapt\u0131\u011f\u0131 gibi sadece derlemekle kalmay\u0131p pek k\u0131ymetli bu veciz s\u00f6zleri mana ve mahiyetlerini de\u011fi\u015ftirmeden, araya katk\u0131lar soku\u015fturmadan \u00fczerlerinde uzun emek sarf ederek, hep o s\u00f6ylendi\u011fi g\u00fc\u00e7te tutarak nazma \u00e7ekmi\u015ftir.   Basri Gocul, bu \u00f6zl\u00fc beyitlerin alt\u0131na imzas\u0131n\u0131 atarken de isabetle \u201cb\u00f6ylele\u015ftiren\u201d demi\u015ftir. \u00c7\u00fcnk\u00fc burada naz\u0131mc\u0131, terc\u00fcme ve adaptasyondan daha fazlas\u0131n\u0131 yaparak kendinden de de\u011ferler katm\u0131\u015f, onlar\u0131 sab\u0131rla i\u015flemi\u015ftir. Vezin ve kafiye, belleme kolayl\u0131klar\u0131 ile bu s\u00f6zlerin \u00f6mr\u00fcn\u00fc \u00f6l\u00fcms\u00fczle\u015fmi\u015ftir. Yo\u011fun fikrin d\u00f6k\u00fcl\u00fcp ufalanmadan naz\u0131m i\u00e7inde verilmesi kolay bir i\u015f de\u011fildir.   Kemalist Gocul<\/p>\n","protected":false},"excerpt":{"rendered":"<p>Basri Gocul, d\u00fcnyadaki fikir adamlar\u0131n\u0131n, \u00fcnl\u00fc d\u00fc\u015f\u00fcn\u00fcrlerin ve pek \u00e7ok \u0130slam \u00e2liminin veciz s\u00f6zlerini, tarihin karanl\u0131klar\u0131n\u0131 ve kitaplar\u0131n tozlu sayfalar\u0131n\u0131 kar\u0131\u015ft\u0131rarak onlar\u0131 g\u00fcn \u0131\u015f\u0131\u011f\u0131na \u00e7\u0131kartm\u0131\u015f, \u00f6nce<span class=\"excerpt-hellip\"> [\u2026]<\/span><\/p>\n","protected":false},"featured_media":0,"template":"","meta":{"_monsterinsights_skip_tracking":false,"_monsterinsights_sitenote_active":false,"_monsterinsights_sitenote_note":"","_monsterinsights_sitenote_category":0},"product_brand":[],"product_cat":[12291,12509],"product_tag":[],"class_list":{"0":"post-727324","1":"product","2":"type-product","3":"status-publish","5":"product_cat-edebiyat","6":"product_cat-siir","7":"pa_cilt-ciltsiz","8":"pa_tur-kitap","9":"pa_yayinevi-otuken-nesriyat","10":"pa_yazar-basri-gocul","12":"first","13":"instock","14":"sale","15":"shipping-taxable","16":"purchasable","17":"product-type-simple"},"_links":{"self":[{"href":"https:\/\/roveyayinevi.com.tr\/index.php\/wp-json\/wp\/v2\/product\/727324","targetHints":{"allow":["GET"]}}],"collection":[{"href":"https:\/\/roveyayinevi.com.tr\/index.php\/wp-json\/wp\/v2\/product"}],"about":[{"href":"https:\/\/roveyayinevi.com.tr\/index.php\/wp-json\/wp\/v2\/types\/product"}],"wp:attachment":[{"href":"https:\/\/roveyayinevi.com.tr\/index.php\/wp-json\/wp\/v2\/media?parent=727324"}],"wp:term":[{"taxonomy":"product_brand","embeddable":true,"href":"https:\/\/roveyayinevi.com.tr\/index.php\/wp-json\/wp\/v2\/product_brand?post=727324"},{"taxonomy":"product_cat","embeddable":true,"href":"https:\/\/roveyayinevi.com.tr\/index.php\/wp-json\/wp\/v2\/product_cat?post=727324"},{"taxonomy":"product_tag","embeddable":true,"href":"https:\/\/roveyayinevi.com.tr\/index.php\/wp-json\/wp\/v2\/product_tag?post=727324"}],"curies":[{"name":"wp","href":"https:\/\/api.w.org\/{rel}","templated":true}]}}