{"id":727323,"date":"2025-08-27T20:20:21","date_gmt":"2025-08-27T17:20:21","guid":{"rendered":"https:\/\/roveyayinevi.com.tr\/index.php\/urun\/kizlar-ve-yildizlar\/"},"modified":"2026-04-16T02:35:15","modified_gmt":"2026-04-15T23:35:15","slug":"kizlar-ve-yildizlar","status":"publish","type":"product","link":"https:\/\/roveyayinevi.com.tr\/index.php\/urun\/kizlar-ve-yildizlar\/","title":{"rendered":"K\u0131zlar ve Y\u0131ld\u0131zlar"},"content":{"rendered":"<p>Peyami Safa\u2019n\u0131n, Server Bedi m\u00fcstear\u0131yla kaleme ald\u0131\u011f\u0131 K\u0131zlar ve Y\u0131ld\u0131zlar, ilk defa Hafta dergisinin 31 A\u011fustos 1951\u2019deki 101 say\u0131s\u0131 ve 15 \u015eubat 1952\u2019deki 125 say\u0131s\u0131 aras\u0131nda tefrika edilmi\u015ftir. Romanda, Server Bedi\u2019nin di\u011fer eserlerinden a\u015fina oldu\u011fumuz polisiye havas\u0131, a\u015fka evrilenbir teman\u0131n e\u015fli\u011finde son sayfalara kadar hissedilir.   23 ya\u015f\u0131nda gen\u00e7 bir k\u0131z olan T\u00fcrkan\u2019\u0131n beklenmedik \u00f6l\u00fcm haberi ile ba\u015flayan roman, gen\u00e7 k\u0131z\u0131n aile dostu Mithat\u2019\u0131n a\u011fz\u0131ndan anlat\u0131l\u0131r. Bu ani \u00f6l\u00fcm haberinden sonra T\u00fcrkan\u2019\u0131n evine giden Mithat, orada T\u00fcrkan\u2019\u0131n kendisine g\u00f6r\u00fcnd\u00fc\u011f\u00fcn\u00fc zanneder ve bu hadise birka\u00e7 kez daha tekrarlan\u0131r. Avukat olan Mithat, hasbelkader T\u00fcrkan\u2019\u0131n ayn\u0131 ya\u015ftaki \u00fcvey annesi H\u00fclya ile tan\u0131\u015f\u0131r. T\u00fcrkan\u2019\u0131n babas\u0131 Naim Bey\u2019in miras\u0131ndan kaybolan m\u00fccevherler ve Mithat\u2019la H\u00fclya\u2019n\u0131n aras\u0131nda filizlenmeye ba\u015flayan a\u015fk, roman\u0131n sonuna kadar b\u00fcy\u00fck bir esrar perdesini s\u0131k\u0131ca \u00f6rtecek \u00f6nemli unsurlar olarak belirir. Tahsin Y\u0131ld\u0131r\u0131m\u2019\u0131n titiz notland\u0131rmas\u0131yla yay\u0131ma haz\u0131rlanan K\u0131zlar ve Y\u0131ld\u0131zlar, Server Bedi K\u00fclliyat\u0131\u2019n\u0131n ilk defa kitapla\u015fan eserleri aras\u0131ndad\u0131r.<\/p>\n","protected":false},"excerpt":{"rendered":"<p>Peyami Safa\u2019n\u0131n, Server Bedi m\u00fcstear\u0131yla kaleme ald\u0131\u011f\u0131 K\u0131zlar ve Y\u0131ld\u0131zlar, ilk defa Hafta dergisinin 31 A\u011fustos 1951\u2019deki 101 say\u0131s\u0131 ve 15 \u015eubat 1952\u2019deki 125 say\u0131s\u0131 aras\u0131nda<span class=\"excerpt-hellip\"> [\u2026]<\/span><\/p>\n","protected":false},"featured_media":0,"template":"","meta":{"_monsterinsights_skip_tracking":false,"_monsterinsights_sitenote_active":false,"_monsterinsights_sitenote_note":"","_monsterinsights_sitenote_category":0},"product_brand":[],"product_cat":[12291,12711],"product_tag":[],"class_list":{"0":"post-727323","1":"product","2":"type-product","3":"status-publish","5":"product_cat-edebiyat","6":"product_cat-roman-oyku","7":"pa_cilt-ciltsiz","8":"pa_tur-kitap","9":"pa_yayinevi-otuken-nesriyat","10":"pa_yazar-peyami-safa-server-bedi","12":"first","13":"instock","14":"sale","15":"shipping-taxable","16":"purchasable","17":"product-type-simple"},"_links":{"self":[{"href":"https:\/\/roveyayinevi.com.tr\/index.php\/wp-json\/wp\/v2\/product\/727323","targetHints":{"allow":["GET"]}}],"collection":[{"href":"https:\/\/roveyayinevi.com.tr\/index.php\/wp-json\/wp\/v2\/product"}],"about":[{"href":"https:\/\/roveyayinevi.com.tr\/index.php\/wp-json\/wp\/v2\/types\/product"}],"wp:attachment":[{"href":"https:\/\/roveyayinevi.com.tr\/index.php\/wp-json\/wp\/v2\/media?parent=727323"}],"wp:term":[{"taxonomy":"product_brand","embeddable":true,"href":"https:\/\/roveyayinevi.com.tr\/index.php\/wp-json\/wp\/v2\/product_brand?post=727323"},{"taxonomy":"product_cat","embeddable":true,"href":"https:\/\/roveyayinevi.com.tr\/index.php\/wp-json\/wp\/v2\/product_cat?post=727323"},{"taxonomy":"product_tag","embeddable":true,"href":"https:\/\/roveyayinevi.com.tr\/index.php\/wp-json\/wp\/v2\/product_tag?post=727323"}],"curies":[{"name":"wp","href":"https:\/\/api.w.org\/{rel}","templated":true}]}}