{"id":727322,"date":"2025-08-27T20:20:20","date_gmt":"2025-08-27T17:20:20","guid":{"rendered":"https:\/\/roveyayinevi.com.tr\/index.php\/urun\/korkuyorum-2\/"},"modified":"2026-04-16T02:35:15","modified_gmt":"2026-04-15T23:35:15","slug":"korkuyorum-2","status":"publish","type":"product","link":"https:\/\/roveyayinevi.com.tr\/index.php\/urun\/korkuyorum-2\/","title":{"rendered":"Korkuyorum"},"content":{"rendered":"<p>Korkuyorum roman\u0131, ilk defa Cumhuriyet gazetesinde 6 Ekim 1937 ila 25 Aral\u0131k 1937 tarihlerinde yay\u0131mlanm\u0131\u015f, bir sonraki y\u0131l kitapla\u015fm\u0131\u015ft\u0131r. Ana karakter konumundaki Zehra\u2019n\u0131n \u201cKorkuyorum\u201d s\u00f6z\u00fcyle a\u00e7\u0131lan roman, Zehra\u2019n\u0131n kocas\u0131 Faz\u0131l\u2019\u0131n a\u011fz\u0131ndan anlat\u0131l\u0131r. Zehra, Sivrihisar\u2019\u0131n bir k\u00f6y\u00fcnde do\u011fmu\u015f ve oradan \u015fehre birka\u00e7 ev dola\u015f\u0131p \u201cbesleme\u201d hayat\u0131 s\u00fcrm\u00fc\u015f, daha sonra da Faz\u0131l\u2019\u0131n evine hizmet\u00e7i olarak gelmi\u015ftir. Faz\u0131l\u2019\u0131n ilk e\u015fi \u015eaziye taraf\u0131ndan k\u0131z\u0131 gibi sevilen Zehra, k\u00f6yl\u00fc bir k\u0131z fig\u00fcr\u00fcnden ad\u0131m ad\u0131m bir han\u0131mefendiye d\u00f6n\u00fc\u015fmeyi ba\u015far\u0131r. Evin han\u0131m\u0131 \u015eaziye\u2019nin \u00f6l\u00fcm\u00fcnden sonra da Faz\u0131l ile evlenerek bu ba\u015far\u0131s\u0131n\u0131 ta\u00e7land\u0131r\u0131r. Bununla birlikte Zehra\u2019n\u0131n aldatma dedikodular\u0131, vehimler ve s\u00fcrpriz ba\u011flant\u0131larla ilerleyen hik\u00e2yesinde huzurlu bir ev hayat\u0131 olmayacakt\u0131r. Peyami Safa, \u015eaban \u00d6zdemir\u2019in Cumhuriyet\u2019teki tefrikayla Semih L\u00fctf\u00fc Yay\u0131nevi taraf\u0131ndan ger\u00e7ekle\u015ftirilen ilk bask\u0131 aras\u0131ndaki farklar\u0131 tespit ederek orijinal \u00fcslubuna dokunmadan ele\u015ftirel bir edisyon h\u00e2linde haz\u0131rlad\u0131\u011f\u0131 Korkuyorum\u2019da, di\u011fer romanlar\u0131ndan a\u015fina oldu\u011fumuz gibi son sat\u0131rlara kadar hissettirdi\u011fi polisiye heyecanlar\u0131, kayg\u0131lar ve bilinmeyenler \u00fczerinden i\u015fleme ba\u015far\u0131s\u0131n\u0131 yine g\u00f6steriyor.<\/p>\n","protected":false},"excerpt":{"rendered":"<p>Korkuyorum roman\u0131, ilk defa Cumhuriyet gazetesinde 6 Ekim 1937 ila 25 Aral\u0131k 1937 tarihlerinde yay\u0131mlanm\u0131\u015f, bir sonraki y\u0131l kitapla\u015fm\u0131\u015ft\u0131r. Ana karakter konumundaki Zehra\u2019n\u0131n \u201cKorkuyorum\u201d s\u00f6z\u00fcyle a\u00e7\u0131lan<span class=\"excerpt-hellip\"> [\u2026]<\/span><\/p>\n","protected":false},"featured_media":0,"template":"","meta":{"_monsterinsights_skip_tracking":false,"_monsterinsights_sitenote_active":false,"_monsterinsights_sitenote_note":"","_monsterinsights_sitenote_category":0},"product_brand":[],"product_cat":[12291,12711],"product_tag":[],"class_list":{"0":"post-727322","1":"product","2":"type-product","3":"status-publish","5":"product_cat-edebiyat","6":"product_cat-roman-oyku","7":"pa_cilt-ciltsiz","8":"pa_tur-kitap","9":"pa_yayinevi-otuken-nesriyat","10":"pa_yazar-peyami-safa-server-bedi","12":"first","13":"instock","14":"sale","15":"shipping-taxable","16":"purchasable","17":"product-type-simple"},"_links":{"self":[{"href":"https:\/\/roveyayinevi.com.tr\/index.php\/wp-json\/wp\/v2\/product\/727322","targetHints":{"allow":["GET"]}}],"collection":[{"href":"https:\/\/roveyayinevi.com.tr\/index.php\/wp-json\/wp\/v2\/product"}],"about":[{"href":"https:\/\/roveyayinevi.com.tr\/index.php\/wp-json\/wp\/v2\/types\/product"}],"wp:attachment":[{"href":"https:\/\/roveyayinevi.com.tr\/index.php\/wp-json\/wp\/v2\/media?parent=727322"}],"wp:term":[{"taxonomy":"product_brand","embeddable":true,"href":"https:\/\/roveyayinevi.com.tr\/index.php\/wp-json\/wp\/v2\/product_brand?post=727322"},{"taxonomy":"product_cat","embeddable":true,"href":"https:\/\/roveyayinevi.com.tr\/index.php\/wp-json\/wp\/v2\/product_cat?post=727322"},{"taxonomy":"product_tag","embeddable":true,"href":"https:\/\/roveyayinevi.com.tr\/index.php\/wp-json\/wp\/v2\/product_tag?post=727322"}],"curies":[{"name":"wp","href":"https:\/\/api.w.org\/{rel}","templated":true}]}}