{"id":727321,"date":"2025-08-27T20:20:19","date_gmt":"2025-08-27T17:20:19","guid":{"rendered":"https:\/\/roveyayinevi.com.tr\/index.php\/urun\/usta-cirak-sohbetleri-saglikli-iliskiler-gelistirme\/"},"modified":"2026-04-16T02:35:15","modified_gmt":"2026-04-15T23:35:15","slug":"usta-cirak-sohbetleri-saglikli-iliskiler-gelistirme","status":"publish","type":"product","link":"https:\/\/roveyayinevi.com.tr\/index.php\/urun\/usta-cirak-sohbetleri-saglikli-iliskiler-gelistirme\/","title":{"rendered":"Usta \u00c7\u0131rak Sohbetleri &#8211; Sa\u011fl\u0131kl\u0131 \u0130li\u015fkiler Geli\u015ftirme"},"content":{"rendered":"<p>Zor olan da\u011fdaki \u00e7i\u00e7e\u011fe, ku\u015fa ve a\u011faca sevgiyle bakabilmek de\u011fil ki&#8230; Do\u011fan\u0131n dinginli\u011finde sakin kalabilmekten kolay ne var? Zor olan her yeni g\u00fcnde hi\u00e7 tan\u0131mad\u0131\u011f\u0131m\u0131z insanlarla temas ederken sakin kalabilmek. Trafikte s\u00fcrekli kornaya basan adama sevgiyle bakabilmek. S\u00f6ylediklerimizi dinleme zahmetinde bulunmayan patronumuza kendimizi anlatabilmek. \u0130nand\u0131\u011f\u0131m\u0131z insanlar\u0131n ihanetine u\u011frad\u0131ktan sonra yeniden g\u00fcvenebilmek. Halihaz\u0131rda pes etmen i\u00e7in kurulan sistemde g\u00fcc\u00fcn\u00fc kendinden alarak kendi yolunu \u00e7izebilmek. \u201cBen de var\u0131m!\u201d diyebilmek. \u201cBen\u201dden \u201cBiz\u201de d\u00f6n\u00fc\u015febilmek. T\u00fcm ili\u015fkilerin maddeye ve ki\u015filerin se\u00e7ene\u011fe indirgendi\u011fi bir y\u00fczy\u0131lda a\u015fk\u0131 ve ili\u015fkiyi ba\u015farabilmek&#8230; <\/p>\n","protected":false},"excerpt":{"rendered":"<p>Zor olan da\u011fdaki \u00e7i\u00e7e\u011fe, ku\u015fa ve a\u011faca sevgiyle bakabilmek de\u011fil ki&#8230; Do\u011fan\u0131n dinginli\u011finde sakin kalabilmekten kolay ne var? Zor olan her yeni g\u00fcnde hi\u00e7 tan\u0131mad\u0131\u011f\u0131m\u0131z insanlarla<span class=\"excerpt-hellip\"> [\u2026]<\/span><\/p>\n","protected":false},"featured_media":0,"template":"","meta":{"_monsterinsights_skip_tracking":false,"_monsterinsights_sitenote_active":false,"_monsterinsights_sitenote_note":"","_monsterinsights_sitenote_category":0},"product_brand":[],"product_cat":[12364,12376],"product_tag":[],"class_list":{"0":"post-727321","1":"product","2":"type-product","3":"status-publish","5":"product_cat-genel-konular","6":"product_cat-kisisel-gelisim","7":"pa_cilt-ciltsiz","8":"pa_tur-kitap","9":"pa_yayinevi-destek-yayinlari","10":"pa_yazar-destek-kolektif","12":"first","13":"instock","14":"sale","15":"shipping-taxable","16":"purchasable","17":"product-type-simple"},"_links":{"self":[{"href":"https:\/\/roveyayinevi.com.tr\/index.php\/wp-json\/wp\/v2\/product\/727321","targetHints":{"allow":["GET"]}}],"collection":[{"href":"https:\/\/roveyayinevi.com.tr\/index.php\/wp-json\/wp\/v2\/product"}],"about":[{"href":"https:\/\/roveyayinevi.com.tr\/index.php\/wp-json\/wp\/v2\/types\/product"}],"wp:attachment":[{"href":"https:\/\/roveyayinevi.com.tr\/index.php\/wp-json\/wp\/v2\/media?parent=727321"}],"wp:term":[{"taxonomy":"product_brand","embeddable":true,"href":"https:\/\/roveyayinevi.com.tr\/index.php\/wp-json\/wp\/v2\/product_brand?post=727321"},{"taxonomy":"product_cat","embeddable":true,"href":"https:\/\/roveyayinevi.com.tr\/index.php\/wp-json\/wp\/v2\/product_cat?post=727321"},{"taxonomy":"product_tag","embeddable":true,"href":"https:\/\/roveyayinevi.com.tr\/index.php\/wp-json\/wp\/v2\/product_tag?post=727321"}],"curies":[{"name":"wp","href":"https:\/\/api.w.org\/{rel}","templated":true}]}}